{"id":2227,"date":"2025-08-22T12:07:13","date_gmt":"2025-08-22T12:07:13","guid":{"rendered":"https:\/\/eliminadordeolores.com\/?post_type=product&#038;p=2227"},"modified":"2025-08-22T12:13:57","modified_gmt":"2025-08-22T12:13:57","slug":"pocket-blue","status":"publish","type":"product","link":"https:\/\/eliminadordeolores.com\/en\/product\/pocket-blue\/","title":{"rendered":"Pocket Blue"},"content":{"rendered":"<p>Recommended for odors of sweat, solvents, paint, smoke (burnt), and gasoline.<br \/>\nFor odors from organic solvents, as well as odors generated by organic sulfur compounds (Thiols), it is also effective for neutralizing odors from fatty acids (sweat, cheese, vomit). <strong>The product leaves a light baby powder scent.<\/strong><\/p>","protected":false},"excerpt":{"rendered":"<p>Spray de alta concentraci\u00f3n, f\u00e1cil de llevar en su bolso o malet\u00edn. desarrollado en cuatro soluciones moleculares con el fin de incrementar su efectividad en funci\u00f3n del olor a eliminar.<\/p>","protected":false},"featured_media":2217,"template":"","meta":{"content-type":""},"product_brand":[],"product_cat":[28,34],"product_tag":[],"class_list":{"0":"post-2227","1":"product","2":"type-product","3":"status-publish","4":"has-post-thumbnail","6":"product_cat-blue","7":"product_cat-pocket","9":"first","10":"instock","11":"shipping-taxable","12":"purchasable","13":"product-type-variable"},"_links":{"self":[{"href":"https:\/\/eliminadordeolores.com\/en\/wp-json\/wp\/v2\/product\/2227","targetHints":{"allow":["GET"]}}],"collection":[{"href":"https:\/\/eliminadordeolores.com\/en\/wp-json\/wp\/v2\/product"}],"about":[{"href":"https:\/\/eliminadordeolores.com\/en\/wp-json\/wp\/v2\/types\/product"}],"wp:featuredmedia":[{"embeddable":true,"href":"https:\/\/eliminadordeolores.com\/en\/wp-json\/wp\/v2\/media\/2217"}],"wp:attachment":[{"href":"https:\/\/eliminadordeolores.com\/en\/wp-json\/wp\/v2\/media?parent=2227"}],"wp:term":[{"taxonomy":"product_brand","embeddable":true,"href":"https:\/\/eliminadordeolores.com\/en\/wp-json\/wp\/v2\/product_brand?post=2227"},{"taxonomy":"product_cat","embeddable":true,"href":"https:\/\/eliminadordeolores.com\/en\/wp-json\/wp\/v2\/product_cat?post=2227"},{"taxonomy":"product_tag","embeddable":true,"href":"https:\/\/eliminadordeolores.com\/en\/wp-json\/wp\/v2\/product_tag?post=2227"}],"curies":[{"name":"wp","href":"https:\/\/api.w.org\/{rel}","templated":true}]}}