{"id":2221,"date":"2025-08-22T11:58:21","date_gmt":"2025-08-22T11:58:21","guid":{"rendered":"https:\/\/eliminadordeolores.com\/?post_type=product&#038;p=2221"},"modified":"2025-08-22T12:05:51","modified_gmt":"2025-08-22T12:05:51","slug":"pocket-red","status":"publish","type":"product","link":"https:\/\/eliminadordeolores.com\/en\/product\/pocket-red\/","title":{"rendered":"Pocket Red"},"content":{"rendered":"<p>Recommended for odors of garbage, food, frying, and organic waste.<br \/>\nFor odors generated by organic sulfur derivatives (Thiols), fatty acids, and amines. Generally, those from organic waste with ammonia content in environments with high humidity. <strong>The product leaves a light citrus scent.<\/strong><\/p>","protected":false},"excerpt":{"rendered":"<p>Spray de alta concentraci\u00f3n, f\u00e1cil de llevar en su bolso o malet\u00edn. desarrollado en cuatro soluciones moleculares con el fin de incrementar su efectividad en funci\u00f3n del olor a eliminar.<\/p>","protected":false},"featured_media":2220,"template":"","meta":{"content-type":""},"product_brand":[],"product_cat":[34,29],"product_tag":[],"class_list":{"0":"post-2221","1":"product","2":"type-product","3":"status-publish","4":"has-post-thumbnail","6":"product_cat-pocket","7":"product_cat-red","9":"first","10":"instock","11":"shipping-taxable","12":"purchasable","13":"product-type-variable"},"_links":{"self":[{"href":"https:\/\/eliminadordeolores.com\/en\/wp-json\/wp\/v2\/product\/2221","targetHints":{"allow":["GET"]}}],"collection":[{"href":"https:\/\/eliminadordeolores.com\/en\/wp-json\/wp\/v2\/product"}],"about":[{"href":"https:\/\/eliminadordeolores.com\/en\/wp-json\/wp\/v2\/types\/product"}],"wp:featuredmedia":[{"embeddable":true,"href":"https:\/\/eliminadordeolores.com\/en\/wp-json\/wp\/v2\/media\/2220"}],"wp:attachment":[{"href":"https:\/\/eliminadordeolores.com\/en\/wp-json\/wp\/v2\/media?parent=2221"}],"wp:term":[{"taxonomy":"product_brand","embeddable":true,"href":"https:\/\/eliminadordeolores.com\/en\/wp-json\/wp\/v2\/product_brand?post=2221"},{"taxonomy":"product_cat","embeddable":true,"href":"https:\/\/eliminadordeolores.com\/en\/wp-json\/wp\/v2\/product_cat?post=2221"},{"taxonomy":"product_tag","embeddable":true,"href":"https:\/\/eliminadordeolores.com\/en\/wp-json\/wp\/v2\/product_tag?post=2221"}],"curies":[{"name":"wp","href":"https:\/\/api.w.org\/{rel}","templated":true}]}}