{"id":2110,"date":"2025-07-07T16:16:22","date_gmt":"2025-07-07T16:16:22","guid":{"rendered":"https:\/\/eliminadordeolores.com\/?post_type=product&#038;p=2110"},"modified":"2025-08-22T11:28:07","modified_gmt":"2025-08-22T11:28:07","slug":"formula-concentrada-10xt-plus-red","status":"publish","type":"product","link":"https:\/\/eliminadordeolores.com\/en\/product\/formula-concentrada-10xt-plus-red\/","title":{"rendered":"F\u00f3rmula Concentrada 10XT PLUS Red"},"content":{"rendered":"<p>Producto l\u00edquido concentrado, hidrosoluble, para la eliminaci\u00f3n de los malos olores fuertes y de alta concentraci\u00f3n causados principalmente por derivados org\u00e1nicos del azufre, \u00e1cidos grasos y aminas. El producto deja un ligero olor c\u00edtrico. PARA USO EN VAPOR-T 300.<\/p>\n<p><br data-start=\"9089\" data-end=\"9092\" \/><strong data-start=\"9936\" data-end=\"9951\">Intensidad:<\/strong> Olores fuertes, dominantes, imposibles de ignorar<br data-start=\"10001\" data-end=\"10004\" \/><strong data-start=\"10004\" data-end=\"10019\">Frecuencia:<\/strong> Olores constantes, siempre presentes<br data-start=\"10056\" data-end=\"10059\" \/><strong data-start=\"10059\" data-end=\"10077\">Tono Hed\u00f3nico:<\/strong> Olores repulsivos (ej. contenedores de basura, residuos h\u00famedos)<br data-start=\"10142\" data-end=\"10145\" \/>La soluci\u00f3n deja un olor agradable y persistente, presente de forma continua en el ambiente.<\/p>","protected":false},"excerpt":{"rendered":"<p>Producto l\u00edquido concentrado, hidrosoluble, para la eliminaci\u00f3n de los malos olores fuertes y de alta concentraci\u00f3n causados principalmente por derivados org\u00e1nicos del azufre, \u00e1cidos grasos y aminas. El producto deja un ligero olor c\u00edtrico. PARA USO EN VAPOR-T 300.<\/p>","protected":false},"featured_media":2078,"template":"","meta":{"content-type":""},"product_brand":[],"product_cat":[29,39],"product_tag":[],"class_list":{"0":"post-2110","1":"product","2":"type-product","3":"status-publish","4":"has-post-thumbnail","6":"product_cat-red","7":"product_cat-vapor-t","9":"first","10":"instock","11":"shipping-taxable","12":"purchasable","13":"product-type-variable","14":"has-default-attributes"},"_links":{"self":[{"href":"https:\/\/eliminadordeolores.com\/en\/wp-json\/wp\/v2\/product\/2110","targetHints":{"allow":["GET"]}}],"collection":[{"href":"https:\/\/eliminadordeolores.com\/en\/wp-json\/wp\/v2\/product"}],"about":[{"href":"https:\/\/eliminadordeolores.com\/en\/wp-json\/wp\/v2\/types\/product"}],"wp:featuredmedia":[{"embeddable":true,"href":"https:\/\/eliminadordeolores.com\/en\/wp-json\/wp\/v2\/media\/2078"}],"wp:attachment":[{"href":"https:\/\/eliminadordeolores.com\/en\/wp-json\/wp\/v2\/media?parent=2110"}],"wp:term":[{"taxonomy":"product_brand","embeddable":true,"href":"https:\/\/eliminadordeolores.com\/en\/wp-json\/wp\/v2\/product_brand?post=2110"},{"taxonomy":"product_cat","embeddable":true,"href":"https:\/\/eliminadordeolores.com\/en\/wp-json\/wp\/v2\/product_cat?post=2110"},{"taxonomy":"product_tag","embeddable":true,"href":"https:\/\/eliminadordeolores.com\/en\/wp-json\/wp\/v2\/product_tag?post=2110"}],"curies":[{"name":"wp","href":"https:\/\/api.w.org\/{rel}","templated":true}]}}