{"id":2108,"date":"2025-07-07T16:11:09","date_gmt":"2025-07-07T16:11:09","guid":{"rendered":"https:\/\/eliminadordeolores.com\/?post_type=product&#038;p=2108"},"modified":"2025-07-07T16:13:32","modified_gmt":"2025-07-07T16:13:32","slug":"formula-concentrada-10t-red","status":"publish","type":"product","link":"https:\/\/eliminadordeolores.com\/en\/product\/formula-concentrada-10t-red\/","title":{"rendered":"F\u00f3rmula Concentrada 10T Red"},"content":{"rendered":"<p>Producto l\u00edquido concentrado, hidrosoluble, para la eliminaci\u00f3n de los malos olores moderados y de concentraci\u00f3n media causados principalmente por derivados org\u00e1nicos del azufre, \u00e1cidos grasos y aminas. El producto deja un ligero olor c\u00edtrico. PARA USO EN VAPOR-T 300.<\/p>\n<p><br data-start=\"9089\" data-end=\"9092\" \/><strong data-start=\"9092\" data-end=\"9107\">Intensidad:<\/strong> Olores moderados, presentes pero no molestos<br data-start=\"9152\" data-end=\"9155\" \/><strong data-start=\"9155\" data-end=\"9170\">Frecuencia:<\/strong> Olores frecuentes (varias veces al d\u00eda)<br data-start=\"9210\" data-end=\"9213\" \/><strong data-start=\"9213\" data-end=\"9231\">Tono Hed\u00f3nico:<\/strong> Olores molestos (ej. zonas de basura, desechos org\u00e1nicos)<br data-start=\"9289\" data-end=\"9292\" \/>La soluci\u00f3n deja un olor agradable y equilibrado, perceptible sin saturar el espacio.<\/p>","protected":false},"excerpt":{"rendered":"<p>Producto l\u00edquido concentrado, hidrosoluble, para la eliminaci\u00f3n de los malos olores moderados y de concentraci\u00f3n media causados principalmente por derivados org\u00e1nicos del azufre, \u00e1cidos grasos y aminas. El producto deja un ligero olor c\u00edtrico. PARA USO EN VAPOR-T 300.<\/p>","protected":false},"featured_media":2075,"template":"","meta":{"content-type":""},"product_brand":[],"product_cat":[29,39],"product_tag":[],"class_list":{"0":"post-2108","1":"product","2":"type-product","3":"status-publish","4":"has-post-thumbnail","6":"product_cat-red","7":"product_cat-vapor-t","9":"first","10":"instock","11":"shipping-taxable","12":"purchasable","13":"product-type-variable","14":"has-default-attributes"},"_links":{"self":[{"href":"https:\/\/eliminadordeolores.com\/en\/wp-json\/wp\/v2\/product\/2108","targetHints":{"allow":["GET"]}}],"collection":[{"href":"https:\/\/eliminadordeolores.com\/en\/wp-json\/wp\/v2\/product"}],"about":[{"href":"https:\/\/eliminadordeolores.com\/en\/wp-json\/wp\/v2\/types\/product"}],"wp:featuredmedia":[{"embeddable":true,"href":"https:\/\/eliminadordeolores.com\/en\/wp-json\/wp\/v2\/media\/2075"}],"wp:attachment":[{"href":"https:\/\/eliminadordeolores.com\/en\/wp-json\/wp\/v2\/media?parent=2108"}],"wp:term":[{"taxonomy":"product_brand","embeddable":true,"href":"https:\/\/eliminadordeolores.com\/en\/wp-json\/wp\/v2\/product_brand?post=2108"},{"taxonomy":"product_cat","embeddable":true,"href":"https:\/\/eliminadordeolores.com\/en\/wp-json\/wp\/v2\/product_cat?post=2108"},{"taxonomy":"product_tag","embeddable":true,"href":"https:\/\/eliminadordeolores.com\/en\/wp-json\/wp\/v2\/product_tag?post=2108"}],"curies":[{"name":"wp","href":"https:\/\/api.w.org\/{rel}","templated":true}]}}