{"id":2105,"date":"2025-07-07T16:01:05","date_gmt":"2025-07-07T16:01:05","guid":{"rendered":"https:\/\/eliminadordeolores.com\/?post_type=product&#038;p=2105"},"modified":"2025-07-07T16:02:15","modified_gmt":"2025-07-07T16:02:15","slug":"formula-concentrada-10x-red","status":"publish","type":"product","link":"https:\/\/eliminadordeolores.com\/en\/product\/formula-concentrada-10x-red\/","title":{"rendered":"F\u00f3rmula Concentrada 10X Red"},"content":{"rendered":"<p>Producto l\u00edquido concentrado, hidrosoluble, para la eliminaci\u00f3n de los malos olores leves y de baja concentraci\u00f3n causados principalmente por derivados org\u00e1nicos del azufre, \u00e1cidos grasos y aminas. El producto deja un ligero olor c\u00edtrico. PARA USO EN VAPOR-T 300.<\/p>\n<p><br data-start=\"8223\" data-end=\"8226\" \/><strong data-start=\"8226\" data-end=\"8241\">Intensidad:<\/strong> Olores leves, apenas perceptibles<br data-start=\"8275\" data-end=\"8278\" \/><strong data-start=\"8278\" data-end=\"8293\">Frecuencia:<\/strong> Olores ocasionales (1-2 veces al d\u00eda o menos)<br data-start=\"8339\" data-end=\"8342\" \/><strong data-start=\"8342\" data-end=\"8360\">Tono Hed\u00f3nico:<\/strong> Olores tolerables (ej. basura ligera, restos de comida)<br data-start=\"8416\" data-end=\"8419\" \/>La soluci\u00f3n deja una presencia olfativa sutil, apenas detectable, ideal para mantener la neutralidad del ambiente.<\/p>","protected":false},"excerpt":{"rendered":"<p>Producto l\u00edquido concentrado, hidrosoluble, para la eliminaci\u00f3n de los malos olores leves y de baja concentraci\u00f3n causados principalmente por derivados org\u00e1nicos del azufre, \u00e1cidos grasos y aminas. El producto deja un ligero olor c\u00edtrico. PARA USO EN VAPOR-T 300.<\/p>","protected":false},"featured_media":2069,"template":"","meta":{"content-type":""},"product_brand":[],"product_cat":[29,39],"product_tag":[],"class_list":{"0":"post-2105","1":"product","2":"type-product","3":"status-publish","4":"has-post-thumbnail","6":"product_cat-red","7":"product_cat-vapor-t","9":"first","10":"instock","11":"shipping-taxable","12":"purchasable","13":"product-type-variable","14":"has-default-attributes"},"_links":{"self":[{"href":"https:\/\/eliminadordeolores.com\/en\/wp-json\/wp\/v2\/product\/2105","targetHints":{"allow":["GET"]}}],"collection":[{"href":"https:\/\/eliminadordeolores.com\/en\/wp-json\/wp\/v2\/product"}],"about":[{"href":"https:\/\/eliminadordeolores.com\/en\/wp-json\/wp\/v2\/types\/product"}],"wp:featuredmedia":[{"embeddable":true,"href":"https:\/\/eliminadordeolores.com\/en\/wp-json\/wp\/v2\/media\/2069"}],"wp:attachment":[{"href":"https:\/\/eliminadordeolores.com\/en\/wp-json\/wp\/v2\/media?parent=2105"}],"wp:term":[{"taxonomy":"product_brand","embeddable":true,"href":"https:\/\/eliminadordeolores.com\/en\/wp-json\/wp\/v2\/product_brand?post=2105"},{"taxonomy":"product_cat","embeddable":true,"href":"https:\/\/eliminadordeolores.com\/en\/wp-json\/wp\/v2\/product_cat?post=2105"},{"taxonomy":"product_tag","embeddable":true,"href":"https:\/\/eliminadordeolores.com\/en\/wp-json\/wp\/v2\/product_tag?post=2105"}],"curies":[{"name":"wp","href":"https:\/\/api.w.org\/{rel}","templated":true}]}}