{"id":2103,"date":"2025-07-07T15:47:27","date_gmt":"2025-07-07T15:47:27","guid":{"rendered":"https:\/\/eliminadordeolores.com\/?post_type=product&#038;p=2103"},"modified":"2025-07-07T15:47:27","modified_gmt":"2025-07-07T15:47:27","slug":"formula-concentrada-10t-blue","status":"publish","type":"product","link":"https:\/\/eliminadordeolores.com\/en\/product\/formula-concentrada-10t-blue\/","title":{"rendered":"F\u00f3rmula Concentrada 10T Blue"},"content":{"rendered":"<p>Producto l\u00edquido concentrado, hidrosoluble, para la eliminaci\u00f3n de los malos olores moderados y de concentraci\u00f3n media causados principalmente por solventes org\u00e1nicos, derivados del azufre y \u00e1cidos grasos. El producto deja un ligero olor a talco de beb\u00e9. PARA USO EN VAPOR-T 300.<\/p>\n<p><br data-start=\"4746\" data-end=\"4749\" \/><strong data-start=\"4749\" data-end=\"4764\">Intensidad:<\/strong> Olores moderados, presentes pero no molestos<br data-start=\"4809\" data-end=\"4812\" \/><strong data-start=\"4812\" data-end=\"4827\">Frecuencia:<\/strong> Olores frecuentes (varias veces al d\u00eda)<br data-start=\"4867\" data-end=\"4870\" \/><strong data-start=\"4870\" data-end=\"4888\">Tono Hed\u00f3nico:<\/strong> Olores molestos (p. ej., pintura, gasolina, humo)<br data-start=\"4938\" data-end=\"4941\" \/>La soluci\u00f3n deja un olor agradable y equilibrado, perceptible sin saturar el espacio.<\/p>","protected":false},"excerpt":{"rendered":"<p>Producto l\u00edquido concentrado, hidrosoluble, para la eliminaci\u00f3n de los malos olores moderados y de concentraci\u00f3n media causados principalmente por solventes org\u00e1nicos, derivados del azufre y \u00e1cidos grasos. El producto deja un ligero olor a talco de beb\u00e9. PARA USO EN VAPOR-T 300.<\/p>","protected":false},"featured_media":2076,"template":"","meta":{"content-type":""},"product_brand":[],"product_cat":[28,39],"product_tag":[],"class_list":{"0":"post-2103","1":"product","2":"type-product","3":"status-publish","4":"has-post-thumbnail","6":"product_cat-blue","7":"product_cat-vapor-t","9":"first","10":"instock","11":"shipping-taxable","12":"purchasable","13":"product-type-variable","14":"has-default-attributes"},"_links":{"self":[{"href":"https:\/\/eliminadordeolores.com\/en\/wp-json\/wp\/v2\/product\/2103","targetHints":{"allow":["GET"]}}],"collection":[{"href":"https:\/\/eliminadordeolores.com\/en\/wp-json\/wp\/v2\/product"}],"about":[{"href":"https:\/\/eliminadordeolores.com\/en\/wp-json\/wp\/v2\/types\/product"}],"wp:featuredmedia":[{"embeddable":true,"href":"https:\/\/eliminadordeolores.com\/en\/wp-json\/wp\/v2\/media\/2076"}],"wp:attachment":[{"href":"https:\/\/eliminadordeolores.com\/en\/wp-json\/wp\/v2\/media?parent=2103"}],"wp:term":[{"taxonomy":"product_brand","embeddable":true,"href":"https:\/\/eliminadordeolores.com\/en\/wp-json\/wp\/v2\/product_brand?post=2103"},{"taxonomy":"product_cat","embeddable":true,"href":"https:\/\/eliminadordeolores.com\/en\/wp-json\/wp\/v2\/product_cat?post=2103"},{"taxonomy":"product_tag","embeddable":true,"href":"https:\/\/eliminadordeolores.com\/en\/wp-json\/wp\/v2\/product_tag?post=2103"}],"curies":[{"name":"wp","href":"https:\/\/api.w.org\/{rel}","templated":true}]}}