{"id":2101,"date":"2025-07-07T15:39:49","date_gmt":"2025-07-07T15:39:49","guid":{"rendered":"https:\/\/eliminadordeolores.com\/?post_type=product&#038;p=2101"},"modified":"2025-07-07T15:39:49","modified_gmt":"2025-07-07T15:39:49","slug":"formula-concentrada-10x-blue","status":"publish","type":"product","link":"https:\/\/eliminadordeolores.com\/en\/product\/formula-concentrada-10x-blue\/","title":{"rendered":"F\u00f3rmula Concentrada 10X Blue"},"content":{"rendered":"<p>Producto l\u00edquido concentrado, hidrosoluble, para la eliminaci\u00f3n de los malos olores fuertes y de alta concentraci\u00f3n causados principalmente por solventes org\u00e1nicos, derivados del azufre y \u00e1cidos grasos. El producto deja un ligero olor a talco de beb\u00e9. PARA USO EN VAPOR-T 300.<\/p>\n<p><br data-start=\"5714\" data-end=\"5717\" \/><strong data-start=\"5717\" data-end=\"5732\">Intensidad:<\/strong> Olores fuertes, dominantes, imposibles de ignorar<br data-start=\"5782\" data-end=\"5785\" \/><strong data-start=\"5785\" data-end=\"5800\">Frecuencia:<\/strong> Olores constantes, siempre presentes<br data-start=\"5837\" data-end=\"5840\" \/><strong data-start=\"5840\" data-end=\"5858\">Tono Hed\u00f3nico:<\/strong> Olores repulsivos (p. ej., humos pesados, solventes fuertes)<br data-start=\"5919\" data-end=\"5922\" \/>La soluci\u00f3n deja un olor agradable y persistente, presente de forma continua en el ambiente.<\/p>","protected":false},"excerpt":{"rendered":"<p>Producto l\u00edquido concentrado, hidrosoluble, para la eliminaci\u00f3n de los malos olores fuertes y de alta concentraci\u00f3n causados principalmente por solventes org\u00e1nicos, derivados del azufre y \u00e1cidos grasos. El producto deja un ligero olor a talco de beb\u00e9. PARA USO EN VAPOR-T 300.<\/p>","protected":false},"featured_media":2071,"template":"","meta":{"content-type":""},"product_brand":[],"product_cat":[28,39],"product_tag":[],"class_list":{"0":"post-2101","1":"product","2":"type-product","3":"status-publish","4":"has-post-thumbnail","6":"product_cat-blue","7":"product_cat-vapor-t","9":"first","10":"instock","11":"shipping-taxable","12":"purchasable","13":"product-type-variable","14":"has-default-attributes"},"_links":{"self":[{"href":"https:\/\/eliminadordeolores.com\/en\/wp-json\/wp\/v2\/product\/2101","targetHints":{"allow":["GET"]}}],"collection":[{"href":"https:\/\/eliminadordeolores.com\/en\/wp-json\/wp\/v2\/product"}],"about":[{"href":"https:\/\/eliminadordeolores.com\/en\/wp-json\/wp\/v2\/types\/product"}],"wp:featuredmedia":[{"embeddable":true,"href":"https:\/\/eliminadordeolores.com\/en\/wp-json\/wp\/v2\/media\/2071"}],"wp:attachment":[{"href":"https:\/\/eliminadordeolores.com\/en\/wp-json\/wp\/v2\/media?parent=2101"}],"wp:term":[{"taxonomy":"product_brand","embeddable":true,"href":"https:\/\/eliminadordeolores.com\/en\/wp-json\/wp\/v2\/product_brand?post=2101"},{"taxonomy":"product_cat","embeddable":true,"href":"https:\/\/eliminadordeolores.com\/en\/wp-json\/wp\/v2\/product_cat?post=2101"},{"taxonomy":"product_tag","embeddable":true,"href":"https:\/\/eliminadordeolores.com\/en\/wp-json\/wp\/v2\/product_tag?post=2101"}],"curies":[{"name":"wp","href":"https:\/\/api.w.org\/{rel}","templated":true}]}}