{"id":2097,"date":"2025-07-07T15:22:09","date_gmt":"2025-07-07T15:22:09","guid":{"rendered":"https:\/\/eliminadordeolores.com\/?post_type=product&#038;p=2097"},"modified":"2025-07-07T15:23:55","modified_gmt":"2025-07-07T15:23:55","slug":"formula-concentrada-10xt-plus-yellow","status":"publish","type":"product","link":"https:\/\/eliminadordeolores.com\/en\/product\/formula-concentrada-10xt-plus-yellow\/","title":{"rendered":"F\u00f3rmula Concentrada 10XT PLUS Yellow"},"content":{"rendered":"<p>Producto l\u00edquido concentrado, hidrosoluble, para la eliminaci\u00f3n de los malos olores fuertes y de alta concentraci\u00f3n causados principalmente por aminas y derivados org\u00e1nicos del azufre (tioles). El producto deja un ligero olor a jazm\u00edn. PARA USO EN VAPOR-T 300.<\/p>\n<p><br data-start=\"2763\" data-end=\"2766\" \/><strong data-start=\"2766\" data-end=\"2781\">Intensidad:<\/strong> Olores fuertes, dominantes, imposibles de ignorar<br data-start=\"2831\" data-end=\"2834\" \/><strong data-start=\"2834\" data-end=\"2849\">Frecuencia:<\/strong> Olores constantes, siempre presentes<br data-start=\"2886\" data-end=\"2889\" \/><strong data-start=\"2889\" data-end=\"2907\">Tono Hed\u00f3nico:<\/strong> Olores repulsivos (p. ej., alcantarillas, sistemas cr\u00edticos)<br data-start=\"2968\" data-end=\"2971\" \/>La soluci\u00f3n deja un olor agradable y persistente, presente de forma continua en el ambiente.<\/p>","protected":false},"excerpt":{"rendered":"<p>Producto l\u00edquido concentrado, hidrosoluble, para la eliminaci\u00f3n de los malos olores fuertes y de alta concentraci\u00f3n causados principalmente por aminas y derivados org\u00e1nicos del azufre (tioles). El producto deja un ligero olor a jazm\u00edn. PARA USO EN VAPOR-T 300.<\/p>","protected":false},"featured_media":2073,"template":"","meta":{"content-type":""},"product_brand":[],"product_cat":[39,24],"product_tag":[],"class_list":{"0":"post-2097","1":"product","2":"type-product","3":"status-publish","4":"has-post-thumbnail","6":"product_cat-vapor-t","7":"product_cat-yellow","9":"first","10":"instock","11":"shipping-taxable","12":"purchasable","13":"product-type-variable","14":"has-default-attributes"},"_links":{"self":[{"href":"https:\/\/eliminadordeolores.com\/en\/wp-json\/wp\/v2\/product\/2097","targetHints":{"allow":["GET"]}}],"collection":[{"href":"https:\/\/eliminadordeolores.com\/en\/wp-json\/wp\/v2\/product"}],"about":[{"href":"https:\/\/eliminadordeolores.com\/en\/wp-json\/wp\/v2\/types\/product"}],"wp:featuredmedia":[{"embeddable":true,"href":"https:\/\/eliminadordeolores.com\/en\/wp-json\/wp\/v2\/media\/2073"}],"wp:attachment":[{"href":"https:\/\/eliminadordeolores.com\/en\/wp-json\/wp\/v2\/media?parent=2097"}],"wp:term":[{"taxonomy":"product_brand","embeddable":true,"href":"https:\/\/eliminadordeolores.com\/en\/wp-json\/wp\/v2\/product_brand?post=2097"},{"taxonomy":"product_cat","embeddable":true,"href":"https:\/\/eliminadordeolores.com\/en\/wp-json\/wp\/v2\/product_cat?post=2097"},{"taxonomy":"product_tag","embeddable":true,"href":"https:\/\/eliminadordeolores.com\/en\/wp-json\/wp\/v2\/product_tag?post=2097"}],"curies":[{"name":"wp","href":"https:\/\/api.w.org\/{rel}","templated":true}]}}