{"id":2094,"date":"2025-07-07T15:16:32","date_gmt":"2025-07-07T15:16:32","guid":{"rendered":"https:\/\/eliminadordeolores.com\/?post_type=product&#038;p=2094"},"modified":"2025-07-07T15:21:47","modified_gmt":"2025-07-07T15:21:47","slug":"formula-concentrada-10t-yellow","status":"publish","type":"product","link":"https:\/\/eliminadordeolores.com\/en\/product\/formula-concentrada-10t-yellow\/","title":{"rendered":"F\u00f3rmula Concentrada 10T Yellow"},"content":{"rendered":"<p>Producto l\u00edquido concentrado, hidrosoluble, para la eliminaci\u00f3n de los malos olores moderados y de concentraci\u00f3n media causados principalmente por aminas y derivados org\u00e1nicos del azufre (tioles). El producto deja un ligero olor a jazm\u00edn. PARA USO\u00a0 EN VAPOR-T 300.<\/p>\n<p><br data-start=\"1832\" data-end=\"1835\" \/><strong data-start=\"1835\" data-end=\"1850\">Intensidad:<\/strong> Olores moderados, presentes pero no molestos<br data-start=\"1895\" data-end=\"1898\" \/><strong data-start=\"1898\" data-end=\"1913\">Frecuencia:<\/strong> Olores frecuentes (varias veces al d\u00eda)<br data-start=\"1953\" data-end=\"1956\" \/><strong data-start=\"1956\" data-end=\"1974\">Tono Hed\u00f3nico:<\/strong> Olores molestos (p. ej., urinarios, desag\u00fces)<br data-start=\"2020\" data-end=\"2023\" \/>La soluci\u00f3n deja un olor agradable y equilibrado, perceptible sin saturar el espacio.<\/p>","protected":false},"excerpt":{"rendered":"<p>Producto l\u00edquido concentrado, hidrosoluble, para la eliminaci\u00f3n de los malos olores moderados y de concentraci\u00f3n media causados principalmente por aminas y derivados org\u00e1nicos del azufre (tioles). El producto deja un ligero olor a jazm\u00edn. PARA USO EN VAPOR-T 300.<\/p>","protected":false},"featured_media":2074,"template":"","meta":{"content-type":""},"product_brand":[],"product_cat":[39,24],"product_tag":[],"class_list":{"0":"post-2094","1":"product","2":"type-product","3":"status-publish","4":"has-post-thumbnail","6":"product_cat-vapor-t","7":"product_cat-yellow","9":"first","10":"instock","11":"shipping-taxable","12":"purchasable","13":"product-type-variable","14":"has-default-attributes"},"_links":{"self":[{"href":"https:\/\/eliminadordeolores.com\/en\/wp-json\/wp\/v2\/product\/2094","targetHints":{"allow":["GET"]}}],"collection":[{"href":"https:\/\/eliminadordeolores.com\/en\/wp-json\/wp\/v2\/product"}],"about":[{"href":"https:\/\/eliminadordeolores.com\/en\/wp-json\/wp\/v2\/types\/product"}],"wp:featuredmedia":[{"embeddable":true,"href":"https:\/\/eliminadordeolores.com\/en\/wp-json\/wp\/v2\/media\/2074"}],"wp:attachment":[{"href":"https:\/\/eliminadordeolores.com\/en\/wp-json\/wp\/v2\/media?parent=2094"}],"wp:term":[{"taxonomy":"product_brand","embeddable":true,"href":"https:\/\/eliminadordeolores.com\/en\/wp-json\/wp\/v2\/product_brand?post=2094"},{"taxonomy":"product_cat","embeddable":true,"href":"https:\/\/eliminadordeolores.com\/en\/wp-json\/wp\/v2\/product_cat?post=2094"},{"taxonomy":"product_tag","embeddable":true,"href":"https:\/\/eliminadordeolores.com\/en\/wp-json\/wp\/v2\/product_tag?post=2094"}],"curies":[{"name":"wp","href":"https:\/\/api.w.org\/{rel}","templated":true}]}}