{"id":2087,"date":"2025-07-07T15:01:34","date_gmt":"2025-07-07T15:01:34","guid":{"rendered":"https:\/\/eliminadordeolores.com\/?post_type=product&#038;p=2087"},"modified":"2025-07-07T15:06:13","modified_gmt":"2025-07-07T15:06:13","slug":"formula-concentrada-10xt-plus-green","status":"publish","type":"product","link":"https:\/\/eliminadordeolores.com\/en\/product\/formula-concentrada-10xt-plus-green\/","title":{"rendered":"F\u00f3rmula Concentrada 10XT PLUS Green"},"content":{"rendered":"<p>Producto l\u00edquido concentrado, hidrosoluble, para la eliminaci\u00f3n de los malos olores fuertes y de alta concentraci\u00f3n causados principalmente por \u00e1cidos grasos y aminas. El producto deja un ligero olor a aloe vera. PARA USO EN VAPOR-T 300.<\/p>\n<p><br data-start=\"2804\" data-end=\"2807\" \/><strong data-start=\"2807\" data-end=\"2822\">Intensidad:<\/strong> Olores fuertes, dominantes, imposibles de ignorar<br data-start=\"2872\" data-end=\"2875\" \/><strong data-start=\"2875\" data-end=\"2890\">Frecuencia:<\/strong> Olores constantes, siempre presentes<br data-start=\"2927\" data-end=\"2930\" \/><strong data-start=\"2930\" data-end=\"2948\">Tono Hed\u00f3nico:<\/strong> Olores repulsivos (p. ej., humedad severa, animales confinados)<br data-start=\"3012\" data-end=\"3015\" \/>La soluci\u00f3n deja un olor agradable y persistente, presente de forma continua en el ambiente.<\/p>","protected":false},"excerpt":{"rendered":"<p>Producto l\u00edquido concentrado, hidrosoluble, para la eliminaci\u00f3n de los malos olores fuertes y de alta concentraci\u00f3n causados principalmente por \u00e1cidos grasos y aminas. El producto deja un ligero olor a aloe vera. PARA USO EN VAPOR-T 300.<\/p>","protected":false},"featured_media":2088,"template":"","meta":{"content-type":""},"product_brand":[],"product_cat":[30,39],"product_tag":[],"class_list":{"0":"post-2087","1":"product","2":"type-product","3":"status-publish","4":"has-post-thumbnail","6":"product_cat-green","7":"product_cat-vapor-t","9":"first","10":"instock","11":"shipping-taxable","12":"purchasable","13":"product-type-variable","14":"has-default-attributes"},"_links":{"self":[{"href":"https:\/\/eliminadordeolores.com\/en\/wp-json\/wp\/v2\/product\/2087","targetHints":{"allow":["GET"]}}],"collection":[{"href":"https:\/\/eliminadordeolores.com\/en\/wp-json\/wp\/v2\/product"}],"about":[{"href":"https:\/\/eliminadordeolores.com\/en\/wp-json\/wp\/v2\/types\/product"}],"wp:featuredmedia":[{"embeddable":true,"href":"https:\/\/eliminadordeolores.com\/en\/wp-json\/wp\/v2\/media\/2088"}],"wp:attachment":[{"href":"https:\/\/eliminadordeolores.com\/en\/wp-json\/wp\/v2\/media?parent=2087"}],"wp:term":[{"taxonomy":"product_brand","embeddable":true,"href":"https:\/\/eliminadordeolores.com\/en\/wp-json\/wp\/v2\/product_brand?post=2087"},{"taxonomy":"product_cat","embeddable":true,"href":"https:\/\/eliminadordeolores.com\/en\/wp-json\/wp\/v2\/product_cat?post=2087"},{"taxonomy":"product_tag","embeddable":true,"href":"https:\/\/eliminadordeolores.com\/en\/wp-json\/wp\/v2\/product_tag?post=2087"}],"curies":[{"name":"wp","href":"https:\/\/api.w.org\/{rel}","templated":true}]}}