{"id":2082,"date":"2025-07-07T14:46:58","date_gmt":"2025-07-07T14:46:58","guid":{"rendered":"https:\/\/eliminadordeolores.com\/?post_type=product&#038;p=2082"},"modified":"2026-01-28T13:54:59","modified_gmt":"2026-01-28T13:54:59","slug":"formula-concentrada-10t-green","status":"publish","type":"product","link":"https:\/\/eliminadordeolores.com\/en\/product\/formula-concentrada-10t-green\/","title":{"rendered":"F\u00f3rmula Concentrada 10T Green"},"content":{"rendered":"<p>Producto l\u00edquido concentrado, hidrosoluble, para la eliminaci\u00f3n de los malos olores moderados y de concentraci\u00f3n media causados principalmente por \u00e1cidos grasos y aminas. El producto deja un ligero olor a aloe vera. PARA USO EN VAPOR-T 300.<\/p>\n<p><br data-start=\"7531\" data-end=\"7534\" \/><strong data-start=\"7534\" data-end=\"7549\">Intensidad:<\/strong> Olores moderados, presentes pero no molestos<br data-start=\"7594\" data-end=\"7597\" \/><strong data-start=\"7597\" data-end=\"7612\">Frecuencia:<\/strong> Olores frecuentes (varias veces al d\u00eda)<br data-start=\"7652\" data-end=\"7655\" \/><strong data-start=\"7655\" data-end=\"7673\">Tono Hed\u00f3nico:<\/strong> Olores molestos (p. ej., mascotas, humedad persistente)<br data-start=\"7729\" data-end=\"7732\" \/>La soluci\u00f3n deja un olor agradable y equilibrado, perceptible sin saturar el espacio.<\/p>","protected":false},"excerpt":{"rendered":"<p>Producto l\u00edquido concentrado, hidrosoluble, para la eliminaci\u00f3n de los malos olores moderados y de concentraci\u00f3n media causados principalmente por \u00e1cidos grasos y aminas. El producto deja un ligero olor a aloe vera. PARA USO EN VAPOR-T 300.<\/p>","protected":false},"featured_media":2086,"template":"","meta":{"content-type":""},"product_brand":[],"product_cat":[30,39],"product_tag":[],"class_list":{"0":"post-2082","1":"product","2":"type-product","3":"status-publish","4":"has-post-thumbnail","6":"product_cat-green","7":"product_cat-vapor-t","9":"first","10":"instock","11":"shipping-taxable","12":"purchasable","13":"product-type-variable","14":"has-default-attributes"},"_links":{"self":[{"href":"https:\/\/eliminadordeolores.com\/en\/wp-json\/wp\/v2\/product\/2082","targetHints":{"allow":["GET"]}}],"collection":[{"href":"https:\/\/eliminadordeolores.com\/en\/wp-json\/wp\/v2\/product"}],"about":[{"href":"https:\/\/eliminadordeolores.com\/en\/wp-json\/wp\/v2\/types\/product"}],"wp:featuredmedia":[{"embeddable":true,"href":"https:\/\/eliminadordeolores.com\/en\/wp-json\/wp\/v2\/media\/2086"}],"wp:attachment":[{"href":"https:\/\/eliminadordeolores.com\/en\/wp-json\/wp\/v2\/media?parent=2082"}],"wp:term":[{"taxonomy":"product_brand","embeddable":true,"href":"https:\/\/eliminadordeolores.com\/en\/wp-json\/wp\/v2\/product_brand?post=2082"},{"taxonomy":"product_cat","embeddable":true,"href":"https:\/\/eliminadordeolores.com\/en\/wp-json\/wp\/v2\/product_cat?post=2082"},{"taxonomy":"product_tag","embeddable":true,"href":"https:\/\/eliminadordeolores.com\/en\/wp-json\/wp\/v2\/product_tag?post=2082"}],"curies":[{"name":"wp","href":"https:\/\/api.w.org\/{rel}","templated":true}]}}