{"id":1907,"date":"2025-05-26T15:51:06","date_gmt":"2025-05-26T15:51:06","guid":{"rendered":"https:\/\/eliminadordeolores.com\/?post_type=product&#038;p=1907"},"modified":"2025-08-22T11:25:44","modified_gmt":"2025-08-22T11:25:44","slug":"10x-green","status":"publish","type":"product","link":"https:\/\/eliminadordeolores.com\/en\/product\/10x-green\/","title":{"rendered":"F\u00f3rmula Concentrada 10X Green"},"content":{"rendered":"<p>Producto l\u00edquido concentrado, hidrosoluble, para la eliminaci\u00f3n de los malos olores leves y de baja concentraci\u00f3n causados principalmente por \u00e1cidos grasos y aminas. El producto deja un ligero olor a aloe vera. PARA USO EN VAPOR-T 300.<\/p>\n<p><br data-start=\"6615\" data-end=\"6618\" \/><strong data-start=\"6618\" data-end=\"6633\">Intensidad:<\/strong> Olores leves, apenas perceptibles<br data-start=\"6667\" data-end=\"6670\" \/><strong data-start=\"6670\" data-end=\"6685\">Frecuencia:<\/strong> Olores ocasionales (1-2 veces al d\u00eda o menos)<br data-start=\"6731\" data-end=\"6734\" \/><strong data-start=\"6734\" data-end=\"6752\">Tono Hed\u00f3nico:<\/strong> Olores tolerables (p. ej., humedad leve, animales)<br data-start=\"6803\" data-end=\"6806\" \/>La soluci\u00f3n deja una presencia olfativa sutil, apenas detectable, ideal para mantener la neutralidad del ambiente.<\/p>","protected":false},"excerpt":{"rendered":"<p>Producto l\u00edquido concentrado, hidrosoluble, para la eliminaci\u00f3n de los malos olores leves y de baja concentraci\u00f3n causados principalmente por \u00e1cidos grasos y aminas. El producto deja un ligero olor a aloe vera. PARA USO EN VAPOR-T 300.<\/p>","protected":false},"featured_media":2077,"template":"","meta":{"content-type":""},"product_brand":[],"product_cat":[30,39],"product_tag":[],"class_list":{"0":"post-1907","1":"product","2":"type-product","3":"status-publish","4":"has-post-thumbnail","6":"product_cat-green","7":"product_cat-vapor-t","9":"first","10":"instock","11":"shipping-taxable","12":"purchasable","13":"product-type-variable"},"_links":{"self":[{"href":"https:\/\/eliminadordeolores.com\/en\/wp-json\/wp\/v2\/product\/1907","targetHints":{"allow":["GET"]}}],"collection":[{"href":"https:\/\/eliminadordeolores.com\/en\/wp-json\/wp\/v2\/product"}],"about":[{"href":"https:\/\/eliminadordeolores.com\/en\/wp-json\/wp\/v2\/types\/product"}],"wp:featuredmedia":[{"embeddable":true,"href":"https:\/\/eliminadordeolores.com\/en\/wp-json\/wp\/v2\/media\/2077"}],"wp:attachment":[{"href":"https:\/\/eliminadordeolores.com\/en\/wp-json\/wp\/v2\/media?parent=1907"}],"wp:term":[{"taxonomy":"product_brand","embeddable":true,"href":"https:\/\/eliminadordeolores.com\/en\/wp-json\/wp\/v2\/product_brand?post=1907"},{"taxonomy":"product_cat","embeddable":true,"href":"https:\/\/eliminadordeolores.com\/en\/wp-json\/wp\/v2\/product_cat?post=1907"},{"taxonomy":"product_tag","embeddable":true,"href":"https:\/\/eliminadordeolores.com\/en\/wp-json\/wp\/v2\/product_tag?post=1907"}],"curies":[{"name":"wp","href":"https:\/\/api.w.org\/{rel}","templated":true}]}}