{"id":1877,"date":"2025-05-26T13:35:25","date_gmt":"2025-05-26T13:35:25","guid":{"rendered":"https:\/\/eliminadordeolores.com\/?post_type=product&#038;p=1877"},"modified":"2026-01-28T13:54:59","modified_gmt":"2026-01-28T13:54:59","slug":"vapor-t300","status":"publish","type":"product","link":"https:\/\/eliminadordeolores.com\/en\/product\/vapor-t300\/","title":{"rendered":"Vapor-T 300"},"content":{"rendered":"<p>Es un activador molecular inteligente dise\u00f1ado para eliminar los malos olores en grandes \u00e1reas. Funciona dispersando de manera homog\u00e9nea nuestras F\u00d3RMULAS XT.<\/p>","protected":false},"excerpt":{"rendered":"<p>Es un activador molecular inteligente dise\u00f1ado para eliminar los malos olores en grandes \u00e1reas. Funciona dispersando de manera homog\u00e9nea nuestras F\u00d3RMULAS XT.<\/p>","protected":false},"featured_media":2112,"template":"","meta":{"content-type":""},"product_brand":[],"product_cat":[39],"product_tag":[],"class_list":{"0":"post-1877","1":"product","2":"type-product","3":"status-publish","4":"has-post-thumbnail","6":"product_cat-vapor-t","8":"first","9":"instock","10":"shipping-taxable","11":"purchasable","12":"product-type-simple"},"_links":{"self":[{"href":"https:\/\/eliminadordeolores.com\/en\/wp-json\/wp\/v2\/product\/1877","targetHints":{"allow":["GET"]}}],"collection":[{"href":"https:\/\/eliminadordeolores.com\/en\/wp-json\/wp\/v2\/product"}],"about":[{"href":"https:\/\/eliminadordeolores.com\/en\/wp-json\/wp\/v2\/types\/product"}],"wp:featuredmedia":[{"embeddable":true,"href":"https:\/\/eliminadordeolores.com\/en\/wp-json\/wp\/v2\/media\/2112"}],"wp:attachment":[{"href":"https:\/\/eliminadordeolores.com\/en\/wp-json\/wp\/v2\/media?parent=1877"}],"wp:term":[{"taxonomy":"product_brand","embeddable":true,"href":"https:\/\/eliminadordeolores.com\/en\/wp-json\/wp\/v2\/product_brand?post=1877"},{"taxonomy":"product_cat","embeddable":true,"href":"https:\/\/eliminadordeolores.com\/en\/wp-json\/wp\/v2\/product_cat?post=1877"},{"taxonomy":"product_tag","embeddable":true,"href":"https:\/\/eliminadordeolores.com\/en\/wp-json\/wp\/v2\/product_tag?post=1877"}],"curies":[{"name":"wp","href":"https:\/\/api.w.org\/{rel}","templated":true}]}}