{"id":718,"date":"2024-05-20T21:28:33","date_gmt":"2024-05-20T21:28:33","guid":{"rendered":"https:\/\/eliminadordeolores.com\/?page_id=718"},"modified":"2026-03-14T14:02:00","modified_gmt":"2026-03-14T14:02:00","slug":"contacto","status":"publish","type":"page","link":"https:\/\/eliminadordeolores.com\/en\/contacto\/","title":{"rendered":"Contacto &#8211; asesor\u00eda personalizada"},"content":{"rendered":"<div data-elementor-type=\"wp-page\" data-elementor-id=\"718\" class=\"elementor elementor-718\">\n\t\t\t\t<div class=\"elementor-element elementor-element-bb3e22f e-grid e-con-boxed wpr-particle-no wpr-jarallax-no wpr-parallax-no wpr-sticky-section-no wpr-equal-height-no e-con e-parent\" data-id=\"bb3e22f\" data-element_type=\"container\" data-e-type=\"container\">\n\t\t\t\t\t<div class=\"e-con-inner\">\n\t\t\t\t<div class=\"elementor-element elementor-element-4aef502 elementor-widget elementor-widget-heading\" data-id=\"4aef502\" data-element_type=\"widget\" data-e-type=\"widget\" data-widget_type=\"heading.default\">\n\t\t\t\t<div class=\"elementor-widget-container\">\n\t\t\t\t\t<h2 class=\"elementor-heading-title elementor-size-default\">Nuestro equipo, cerca de ti.<\/h2>\t\t\t\t<\/div>\n\t\t\t\t<\/div>\n\t\t\t\t<div class=\"elementor-element elementor-element-97a109c elementor-widget elementor-widget-text-editor\" data-id=\"97a109c\" data-element_type=\"widget\" data-e-type=\"widget\" data-widget_type=\"text-editor.default\">\n\t\t\t\t<div class=\"elementor-widget-container\">\n\t\t\t\t\t\t\t\t\t<p style=\"text-align: center;\">\u00bfTienes una consulta o quieres conocer m\u00e1s sobre nuestras soluciones? Ll\u00e1manos o escr\u00edbenos, nuestro equipo est\u00e1 listo para responderte.<\/p><p style=\"text-align: center;\">\u00a0<\/p>\t\t\t\t\t\t\t\t<\/div>\n\t\t\t\t<\/div>\n\t\t\t\t\t<\/div>\n\t\t\t\t<\/div>\n\t\t<div class=\"elementor-element elementor-element-177d83f e-grid e-con-boxed wpr-particle-no wpr-jarallax-no wpr-parallax-no wpr-sticky-section-no wpr-equal-height-no e-con e-parent\" data-id=\"177d83f\" data-element_type=\"container\" data-e-type=\"container\">\n\t\t\t\t\t<div class=\"e-con-inner\">\n\t\t\t\t<div class=\"elementor-element elementor-element-1ab4bd7 elementor-widget elementor-widget-text-editor\" data-id=\"1ab4bd7\" data-element_type=\"widget\" data-e-type=\"widget\" data-widget_type=\"text-editor.default\">\n\t\t\t\t<div class=\"elementor-widget-container\">\n\t\t\t\t\t\t\t\t\t<p style=\"text-align: center;\"><strong>Ventas Norteam\u00e9rica<\/strong><\/p><p>\u00a0<\/p><p style=\"text-align: center;\"><a href=\"https:\/\/wa.me\/+17865252854\" target=\"_blank\" rel=\"noopener\">(+1) 786 525 2854<\/a><\/p><p style=\"text-align: center;\">grosado@t-odor.com<\/p><p style=\"text-align: center;\">Gustavo Alain Rosado<\/p>\t\t\t\t\t\t\t\t<\/div>\n\t\t\t\t<\/div>\n\t\t\t\t<div class=\"elementor-element elementor-element-24593de elementor-widget elementor-widget-text-editor\" data-id=\"24593de\" data-element_type=\"widget\" data-e-type=\"widget\" data-widget_type=\"text-editor.default\">\n\t\t\t\t<div class=\"elementor-widget-container\">\n\t\t\t\t\t\t\t\t\t<p style=\"text-align: center;\"><strong>Marketing y comunicaciones<\/strong><\/p><p>\u00a0<\/p><p style=\"text-align: center;\">communication@t-odor.com<\/p><p style=\"text-align: center;\">Vanessa Matiz Boh\u00f3rquez<\/p>\t\t\t\t\t\t\t\t<\/div>\n\t\t\t\t<\/div>\n\t\t\t\t<div class=\"elementor-element elementor-element-22744f2 elementor-widget elementor-widget-text-editor\" data-id=\"22744f2\" data-element_type=\"widget\" data-e-type=\"widget\" data-widget_type=\"text-editor.default\">\n\t\t\t\t<div class=\"elementor-widget-container\">\n\t\t\t\t\t\t\t\t\t<p style=\"text-align: center;\"><span style=\"font-size: 1rem;\"><b>Atenci\u00f3n al cliente<\/b><\/span><\/p><p>\u00a0<\/p><p style=\"text-align: center;\"><span style=\"font-size: 1rem;\">info@t-odor.com<\/span><\/p><p style=\"text-align: center;\">\u00a0<\/p>\t\t\t\t\t\t\t\t<\/div>\n\t\t\t\t<\/div>\n\t\t\t\t<div class=\"elementor-element elementor-element-512fd42 elementor-widget elementor-widget-text-editor\" data-id=\"512fd42\" data-element_type=\"widget\" data-e-type=\"widget\" data-widget_type=\"text-editor.default\">\n\t\t\t\t<div class=\"elementor-widget-container\">\n\t\t\t\t\t\t\t\t\t<p style=\"text-align: center;\"><strong>Coordinadora de Log\u00edstica y Financiera<\/strong><\/p><p style=\"text-align: center;\">+57 3172111376<\/p><p style=\"text-align: center;\">+573108011615<\/p><p style=\"text-align: center;\">logistics@t-odor.com<\/p><p style=\"text-align: center;\">Paula Andrea Sacananvoy\u00a0A.<\/p>\t\t\t\t\t\t\t\t<\/div>\n\t\t\t\t<\/div>\n\t\t\t\t\t<\/div>\n\t\t\t\t<\/div>\n\t\t<div class=\"elementor-element elementor-element-3b24789 e-flex e-con-boxed wpr-particle-no wpr-jarallax-no wpr-parallax-no wpr-sticky-section-no wpr-equal-height-no e-con e-parent\" data-id=\"3b24789\" data-element_type=\"container\" data-e-type=\"container\">\n\t\t\t\t\t<div class=\"e-con-inner\">\n\t\t\t\t<div class=\"elementor-element elementor-element-6cfedbf elementor-widget elementor-widget-heading\" data-id=\"6cfedbf\" data-element_type=\"widget\" data-e-type=\"widget\" data-widget_type=\"heading.default\">\n\t\t\t\t<div class=\"elementor-widget-container\">\n\t\t\t\t\t<h1 class=\"elementor-heading-title elementor-size-default\">Completa el formulario y nos pondremos en contacto contigo.<\/h1>\t\t\t\t<\/div>\n\t\t\t\t<\/div>\n\t\t\t\t<div class=\"elementor-element elementor-element-1a3972b elementor-widget-divider--view-line elementor-widget elementor-widget-divider\" data-id=\"1a3972b\" data-element_type=\"widget\" data-e-type=\"widget\" data-widget_type=\"divider.default\">\n\t\t\t\t<div class=\"elementor-widget-container\">\n\t\t\t\t\t\t\t<div class=\"elementor-divider\">\n\t\t\t<span class=\"elementor-divider-separator\">\n\t\t\t\t\t\t<\/span>\n\t\t<\/div>\n\t\t\t\t\t\t<\/div>\n\t\t\t\t<\/div>\n\t\t\t\t<div class=\"elementor-element elementor-element-7ea1d54 elementor-widget elementor-widget-html\" data-id=\"7ea1d54\" data-element_type=\"widget\" data-e-type=\"widget\" data-no-translation=\"\" data-widget_type=\"html.default\">\n\t\t\t\t<div class=\"elementor-widget-container\">\n\t\t\t\t\t<style>.elementor-element-7ea1d54{display:none !important}<\/style>\t\t\t\t<\/div>\n\t\t\t\t<\/div>\n\t\t\t\t<div class=\"elementor-element elementor-element-0d0a947 elementor-widget elementor-widget-html\" data-id=\"0d0a947\" data-element_type=\"widget\" data-e-type=\"widget\" data-no-translation=\"\" data-widget_type=\"html.default\">\n\t\t\t\t<div class=\"elementor-widget-container\">\n\t\t\t\t\t<script charset=\"utf-8\" type=\"text\/javascript\" src=\"\/\/js.hsforms.net\/forms\/embed\/v2.js\"><\/script>\n<script>\n  hbspt.forms.create({\n    region: \"na1\",\n    portalId: \"45505884\",\n    formId: \"6633fcb6-9559-4f1d-9050-7f2c66691f03\"\n  });\n<\/script>\t\t\t\t<\/div>\n\t\t\t\t<\/div>\n\t\t\t\t\t<\/div>\n\t\t\t\t<\/div>\n\t\t<div class=\"elementor-element elementor-element-44aecbd e-grid e-con-boxed wpr-particle-no wpr-jarallax-no wpr-parallax-no wpr-sticky-section-no wpr-equal-height-no e-con e-parent\" data-id=\"44aecbd\" data-element_type=\"container\" data-e-type=\"container\">\n\t\t\t\t\t<div class=\"e-con-inner\">\n\t\t\t\t<div class=\"elementor-element elementor-element-b66f833 elementor-widget elementor-widget-text-editor\" data-id=\"b66f833\" data-element_type=\"widget\" data-e-type=\"widget\" data-widget_type=\"text-editor.default\">\n\t\t\t\t<div class=\"elementor-widget-container\">\n\t\t\t\t\t\t\t\t\t<h2 style=\"box-sizing: border-box; margin-block: 0.5rem 1rem; font-family: 'Libre Franklin', sans-serif; font-weight: 600; line-height: 1.2; color: #335785; font-size: 2.5rem; display: block; margin-inline: auto; width: 1140px; max-width: 1140px; text-align: left;\">Nuestra red de distribuidores<\/h2><div style=\"color: #333333; font-size: 16px; white-space-collapse: collapse;\"><div style=\"--primary-color: #f3bafd; --secondary-color: #f0abfc; --outline-color: var(--e-p-border-con-active);\" data-elementor-type=\"wp-page\" data-elementor-id=\"1581\" data-elementor-title=\"P\u00e1gina\"><div><div style=\"align-self: auto; flex: 0 1 auto; order: 0; --border-color: initial; --container-widget-width: 100%; --container-widget-height: initial; --container-widget-flex-grow: 0; --container-widget-align-self: initial; --content-width: min(100%,1140px); --width: 100%; --min-height: initial; --height: auto; --text-align: initial; --margin-top: 0px; --margin-right: auto; --margin-bottom: 0px; --margin-left: auto; --padding-top: 10px; --padding-right: 10px; --padding-bottom: 10px; --padding-left: 10px; --position: relative; --z-index: revert; --overflow: visible; --row-gap: 20px; --column-gap: 20px; --overlay-mix-blend-mode: initial; --overlay-opacity: 1; --overlay-transition: 0.3s; --e-con-grid-template-columns: repeat(2, 1fr); --e-con-grid-template-rows: repeat(1, 1fr); border-radius: 0px; height: auto; min-height: auto; overflow: visible; position: relative; width: 560px; z-index: auto; --flex-wrap-mobile: wrap; margin-block: 0px; margin-inline: auto; padding-inline: 10px; --margin-block-start: 0px; --margin-block-end: 0px; --margin-inline-start: auto; --margin-inline-end: auto; --padding-inline-start: 10px; --padding-inline-end: 10px; --padding-block-start: 10px; --padding-block-end: 10px; --border-block-start-width: 0px; --border-block-end-width: 0px; --border-inline-start-width: 0px; --border-inline-end-width: 0px; display: grid; --container-max-width: 1140px; --widgets-spacing: 20px 20px; --widgets-spacing-row: 20px; --widgets-spacing-column: 20px; --swiper-theme-color: #000; --swiper-navigation-size: 44px; --swiper-pagination-bullet-size: 6px; --swiper-pagination-bullet-horizontal-gap: 6px; transition: background 0.3s, border 0.3s, box-shadow 0.3s, transform 0.4s; --grid-justify-content: start; --grid-align-content: start; --grid-auto-flow: row; place-content: start; align-items: normal; grid-auto-flow: row; max-width: 100%; --primary-color: #f3bafd; --secondary-color: #f0abfc; --outline-color: var( --outline-color ); --display: grid; text-align: left;\" data-id=\"e8788d0\" data-element_type=\"container\" data-model-cid=\"c34371\" data-nesting-level=\"0\">\u00a0<\/div><\/div><\/div><\/div><h2 style=\"font-family: 'Libre Franklin', sans-serif; font-weight: 400; line-height: 29px; color: #335785; font-size: 18px; letter-spacing: -0.4px; text-align: left;\" data-elementor-setting-key=\"title\" data-pen-placeholder=\"Teclea aqu\u00ed...\">Nuestros distribuidores oficiales cuentan con el respaldo t\u00e9cnico y comercial de T-ODOR para ofrecer nuestras soluciones moleculares con garant\u00eda de calidad, servicio especializado y cobertura en m\u00faltiples sectores e industrias.<\/h2>\t\t\t\t\t\t\t\t<\/div>\n\t\t\t\t<\/div>\n\t\t\t\t<div class=\"elementor-element elementor-element-ae5e54b elementor-widget elementor-widget-image\" data-id=\"ae5e54b\" data-element_type=\"widget\" data-e-type=\"widget\" data-widget_type=\"image.default\">\n\t\t\t\t<div class=\"elementor-widget-container\">\n\t\t\t\t\t\t\t\t\t\t\t\t\t\t\t<img fetchpriority=\"high\" decoding=\"async\" width=\"768\" height=\"412\" src=\"https:\/\/eliminadordeolores.com\/wp-content\/uploads\/2025\/05\/Sin-titulo-2-768x412.jpg\" class=\"attachment-medium_large size-medium_large wp-image-1597\" alt=\"\" srcset=\"https:\/\/eliminadordeolores.com\/wp-content\/uploads\/2025\/05\/Sin-titulo-2-768x412.jpg 768w, https:\/\/eliminadordeolores.com\/wp-content\/uploads\/2025\/05\/Sin-titulo-2-300x161.jpg 300w, https:\/\/eliminadordeolores.com\/wp-content\/uploads\/2025\/05\/Sin-titulo-2-18x10.jpg 18w, https:\/\/eliminadordeolores.com\/wp-content\/uploads\/2025\/05\/Sin-titulo-2-600x322.jpg 600w, https:\/\/eliminadordeolores.com\/wp-content\/uploads\/2025\/05\/Sin-titulo-2.jpg 813w\" sizes=\"(max-width: 768px) 100vw, 768px\" \/>\t\t\t\t\t\t\t\t\t\t\t\t\t\t\t<\/div>\n\t\t\t\t<\/div>\n\t\t\t\t\t<\/div>\n\t\t\t\t<\/div>\n\t\t<div class=\"elementor-element elementor-element-cba08ed e-flex e-con-boxed wpr-particle-no wpr-jarallax-no wpr-parallax-no wpr-sticky-section-no wpr-equal-height-no e-con e-parent\" data-id=\"cba08ed\" data-element_type=\"container\" data-e-type=\"container\">\n\t\t\t\t\t<div class=\"e-con-inner\">\n\t\t\t\t<div class=\"elementor-element elementor-element-5629d7b elementor-arrows-position-inside elementor-widget elementor-widget-image-carousel\" data-id=\"5629d7b\" data-element_type=\"widget\" data-e-type=\"widget\" data-settings=\"{&quot;slides_to_show&quot;:&quot;4&quot;,&quot;navigation&quot;:&quot;arrows&quot;,&quot;image_spacing_custom&quot;:{&quot;unit&quot;:&quot;px&quot;,&quot;size&quot;:49,&quot;sizes&quot;:[]},&quot;autoplay&quot;:&quot;yes&quot;,&quot;pause_on_hover&quot;:&quot;yes&quot;,&quot;pause_on_interaction&quot;:&quot;yes&quot;,&quot;autoplay_speed&quot;:5000,&quot;infinite&quot;:&quot;yes&quot;,&quot;speed&quot;:500,&quot;image_spacing_custom_tablet&quot;:{&quot;unit&quot;:&quot;px&quot;,&quot;size&quot;:&quot;&quot;,&quot;sizes&quot;:[]},&quot;image_spacing_custom_mobile&quot;:{&quot;unit&quot;:&quot;px&quot;,&quot;size&quot;:&quot;&quot;,&quot;sizes&quot;:[]}}\" data-widget_type=\"image-carousel.default\">\n\t\t\t\t<div class=\"elementor-widget-container\">\n\t\t\t\t\t\t\t<div class=\"elementor-image-carousel-wrapper swiper\" role=\"region\" aria-roledescription=\"carousel\" aria-label=\"Carrusel de im\u00e1genes\" dir=\"ltr\">\n\t\t\t<div class=\"elementor-image-carousel swiper-wrapper\" aria-live=\"off\">\n\t\t\t\t\t\t\t\t<div class=\"swiper-slide\" role=\"group\" aria-roledescription=\"slide\" aria-label=\"1 of 6\"><figure class=\"swiper-slide-inner\"><img decoding=\"async\" class=\"swiper-slide-image\" src=\"https:\/\/eliminadordeolores.com\/wp-content\/uploads\/2025\/05\/logo.png\" alt=\"Rep\u00fablica Dominicana\" \/><figcaption class=\"elementor-image-carousel-caption\">Rep\u00fablica Dominicana<\/figcaption><\/figure><\/div><div class=\"swiper-slide\" role=\"group\" aria-roledescription=\"slide\" aria-label=\"2 of 6\"><figure class=\"swiper-slide-inner\"><img decoding=\"async\" class=\"swiper-slide-image\" src=\"https:\/\/eliminadordeolores.com\/wp-content\/uploads\/2025\/05\/LogoSentio_Ok-01_tranparente-sin-mkt-sens.png\" alt=\"Panam\u00e1\" \/><figcaption class=\"elementor-image-carousel-caption\">Panam\u00e1<\/figcaption><\/figure><\/div><div class=\"swiper-slide\" role=\"group\" aria-roledescription=\"slide\" aria-label=\"3 of 6\"><figure class=\"swiper-slide-inner\"><img decoding=\"async\" class=\"swiper-slide-image\" src=\"https:\/\/eliminadordeolores.com\/wp-content\/uploads\/2025\/05\/Suretka-Logo.webp\" alt=\"Grupo Suretka\" \/><figcaption class=\"elementor-image-carousel-caption\">Grupo Suretka<\/figcaption><\/figure><\/div><div class=\"swiper-slide\" role=\"group\" aria-roledescription=\"slide\" aria-label=\"4 of 6\"><figure class=\"swiper-slide-inner\"><img decoding=\"async\" class=\"swiper-slide-image\" src=\"https:\/\/eliminadordeolores.com\/wp-content\/uploads\/2025\/05\/images.png\" alt=\"Miami - USA\" \/><figcaption class=\"elementor-image-carousel-caption\">Miami - USA<\/figcaption><\/figure><\/div><div class=\"swiper-slide\" role=\"group\" aria-roledescription=\"slide\" aria-label=\"5 of 6\"><figure class=\"swiper-slide-inner\"><img decoding=\"async\" class=\"swiper-slide-image\" src=\"https:\/\/eliminadordeolores.com\/wp-content\/uploads\/2025\/05\/a4c9932a-67c2-4beb-9a4d-f034dafebb96.jpeg\" alt=\"Medell\u00edn - Colombia\" \/><figcaption class=\"elementor-image-carousel-caption\">Medell\u00edn - Colombia<\/figcaption><\/figure><\/div><div class=\"swiper-slide\" role=\"group\" aria-roledescription=\"slide\" aria-label=\"6 of 6\"><figure class=\"swiper-slide-inner\"><img decoding=\"async\" class=\"swiper-slide-image\" src=\"https:\/\/eliminadordeolores.com\/wp-content\/uploads\/2026\/03\/WhatsApp-Image-2026-03-11-at-12.52.58.jpeg\" alt=\"Medell\u00edn - Colombia\" \/><figcaption class=\"elementor-image-carousel-caption\">Medell\u00edn - Colombia<\/figcaption><\/figure><\/div>\t\t\t<\/div>\n\t\t\t\t\t\t\t\t\t\t\t\t<div class=\"elementor-swiper-button elementor-swiper-button-prev\" role=\"button\" tabindex=\"0\">\n\t\t\t\t\t\t<svg aria-hidden=\"true\" class=\"e-font-icon-svg e-eicon-chevron-left\" viewbox=\"0 0 1000 1000\" xmlns=\"http:\/\/www.w3.org\/2000\/svg\"><path d=\"M646 125C629 125 613 133 604 142L308 442C296 454 292 471 292 487 292 504 296 521 308 533L604 854C617 867 629 875 646 875 663 875 679 871 692 858 704 846 713 829 713 812 713 796 708 779 692 767L438 487 692 225C700 217 708 204 708 187 708 171 704 154 692 142 675 129 663 125 646 125Z\"><\/path><\/svg>\t\t\t\t\t<\/div>\n\t\t\t\t\t<div class=\"elementor-swiper-button elementor-swiper-button-next\" role=\"button\" tabindex=\"0\">\n\t\t\t\t\t\t<svg aria-hidden=\"true\" class=\"e-font-icon-svg e-eicon-chevron-right\" viewbox=\"0 0 1000 1000\" xmlns=\"http:\/\/www.w3.org\/2000\/svg\"><path d=\"M696 533C708 521 713 504 713 487 713 471 708 454 696 446L400 146C388 133 375 125 354 125 338 125 325 129 313 142 300 154 292 171 292 187 292 204 296 221 308 233L563 492 304 771C292 783 288 800 288 817 288 833 296 850 308 863 321 871 338 875 354 875 371 875 388 867 400 854L696 533Z\"><\/path><\/svg>\t\t\t\t\t<\/div>\n\t\t\t\t\n\t\t\t\t\t\t\t\t\t<\/div>\n\t\t\t\t\t\t<\/div>\n\t\t\t\t<\/div>\n\t\t\t\t\t<\/div>\n\t\t\t\t<\/div>\n\t\t<div class=\"elementor-element elementor-element-65f8faf e-grid e-con-boxed wpr-particle-no wpr-jarallax-no wpr-parallax-no wpr-sticky-section-no wpr-equal-height-no e-con e-parent\" data-id=\"65f8faf\" data-element_type=\"container\" data-e-type=\"container\">\n\t\t\t\t\t<div class=\"e-con-inner\">\n\t\t<div class=\"elementor-element elementor-element-dba4535 e-con-full e-flex wpr-particle-no wpr-jarallax-no wpr-parallax-no wpr-sticky-section-no wpr-equal-height-no e-con e-child\" data-id=\"dba4535\" data-element_type=\"container\" data-e-type=\"container\">\n\t\t\t\t<\/div>\n\t\t\t\t\t<\/div>\n\t\t\t\t<\/div>\n\t\t\t\t<\/div>","protected":false},"excerpt":{"rendered":"<p>Nuestro equipo, cerca de ti. \u00bfTienes una consulta o quieres conocer m\u00e1s sobre nuestras soluciones? Ll\u00e1manos o escr\u00edbenos, nuestro equipo est\u00e1 listo para responderte. \u00a0 Ventas Norteam\u00e9rica \u00a0 (+1) 786 525 2854 grosado@t-odor.com Gustavo Alain Rosado Marketing y comunicaciones \u00a0 communication@t-odor.com Vanessa Matiz Boh\u00f3rquez Atenci\u00f3n al cliente \u00a0 info@t-odor.com \u00a0 Coordinadora de Log\u00edstica y Financiera +57 3172111376 +573108011615 logistics@t-odor.com Paula Andrea Sacananvoy\u00a0A. Completa el formulario y nos pondremos en contacto contigo. Nuestra red de distribuidores \u00a0 Nuestros distribuidores oficiales cuentan con el respaldo t\u00e9cnico y comercial de T-ODOR para ofrecer nuestras soluciones moleculares con garant\u00eda de calidad, servicio especializado y cobertura en m\u00faltiples sectores e industrias. Rep\u00fablica Dominicana Panam\u00e1 Grupo Suretka Miami &#8211; USA Medell\u00edn &#8211; Colombia Medell\u00edn &#8211; Colombia<\/p>","protected":false},"author":1,"featured_media":0,"parent":0,"menu_order":0,"comment_status":"closed","ping_status":"closed","template":"","meta":{"content-type":"","footnotes":""},"class_list":["post-718","page","type-page","status-publish","hentry"],"_links":{"self":[{"href":"https:\/\/eliminadordeolores.com\/en\/wp-json\/wp\/v2\/pages\/718","targetHints":{"allow":["GET"]}}],"collection":[{"href":"https:\/\/eliminadordeolores.com\/en\/wp-json\/wp\/v2\/pages"}],"about":[{"href":"https:\/\/eliminadordeolores.com\/en\/wp-json\/wp\/v2\/types\/page"}],"author":[{"embeddable":true,"href":"https:\/\/eliminadordeolores.com\/en\/wp-json\/wp\/v2\/users\/1"}],"replies":[{"embeddable":true,"href":"https:\/\/eliminadordeolores.com\/en\/wp-json\/wp\/v2\/comments?post=718"}],"version-history":[{"count":60,"href":"https:\/\/eliminadordeolores.com\/en\/wp-json\/wp\/v2\/pages\/718\/revisions"}],"predecessor-version":[{"id":2758,"href":"https:\/\/eliminadordeolores.com\/en\/wp-json\/wp\/v2\/pages\/718\/revisions\/2758"}],"wp:attachment":[{"href":"https:\/\/eliminadordeolores.com\/en\/wp-json\/wp\/v2\/media?parent=718"}],"curies":[{"name":"wp","href":"https:\/\/api.w.org\/{rel}","templated":true}]}}