{"id":612,"date":"2024-05-16T23:53:15","date_gmt":"2024-05-16T23:53:15","guid":{"rendered":"https:\/\/eliminadordeolores.com\/?page_id=612"},"modified":"2024-06-06T04:06:52","modified_gmt":"2024-06-06T04:06:52","slug":"registro-distribuidores","status":"publish","type":"page","link":"https:\/\/eliminadordeolores.com\/en\/registro-distribuidores\/","title":{"rendered":"Distributor registration"},"content":{"rendered":"<div data-elementor-type=\"wp-page\" data-elementor-id=\"612\" class=\"elementor elementor-612\">\n\t\t\t\t<div class=\"elementor-element elementor-element-287550a4 e-flex e-con-boxed wpr-particle-no wpr-jarallax-no wpr-parallax-no wpr-sticky-section-no wpr-equal-height-no e-con e-parent\" data-id=\"287550a4\" data-element_type=\"container\" data-e-type=\"container\">\n\t\t\t\t\t<div class=\"e-con-inner\">\n\t\t<div class=\"elementor-element elementor-element-b97ac2e e-flex e-con-boxed wpr-particle-no wpr-jarallax-no wpr-parallax-no wpr-sticky-section-no wpr-equal-height-no e-con e-child\" data-id=\"b97ac2e\" data-element_type=\"container\" data-e-type=\"container\">\n\t\t\t\t\t<div class=\"e-con-inner\">\n\t\t\t\t<div class=\"elementor-element elementor-element-7095506 elementor-widget elementor-widget-heading\" data-id=\"7095506\" data-element_type=\"widget\" data-e-type=\"widget\" data-widget_type=\"heading.default\">\n\t\t\t\t<div class=\"elementor-widget-container\">\n\t\t\t\t\t<h2 class=\"elementor-heading-title elementor-size-default\">\u00a1Bienvenido al espacio exclusivo para distribuidores y aliados de T-Odor!<\/h2>\t\t\t\t<\/div>\n\t\t\t\t<\/div>\n\t\t\t\t<div class=\"elementor-element elementor-element-331c6c5 elementor-widget elementor-widget-text-editor\" data-id=\"331c6c5\" data-element_type=\"widget\" data-e-type=\"widget\" data-widget_type=\"text-editor.default\">\n\t\t\t\t<div class=\"elementor-widget-container\">\n\t\t\t\t\t\t\t\t\t<p><span class=\"ReactMarkdownParser_TextContainer__RodgY\" data-testid=\"youchat-text\">Accede a nuestra plataforma para unirte a nuestra red y disfrutar de informaci\u00f3n privilegiada sobre nuestros productos y beneficios.<\/span><\/p>\n<p>\u00a0<\/p>\n<p><strong> <span class=\"ReactMarkdownParser_TextContainer__RodgY\" data-testid=\"youchat-text\">\u00a1Estamos emocionados de tenerte con nosotros!<\/span><\/strong><\/p>\t\t\t\t\t\t\t\t<\/div>\n\t\t\t\t<\/div>\n\t\t\t\t\t<\/div>\n\t\t\t\t<\/div>\n\t\t<div class=\"elementor-element elementor-element-71e2da8 e-flex e-con-boxed wpr-particle-no wpr-jarallax-no wpr-parallax-no wpr-sticky-section-no wpr-equal-height-no e-con e-child\" data-id=\"71e2da8\" data-element_type=\"container\" data-e-type=\"container\">\n\t\t\t\t\t<div class=\"e-con-inner\">\n\t\t\t\t<div class=\"elementor-element elementor-element-3e4f214 elementor-tabs-alignment-stretch elementor-widget__width-inherit elementor-tabs-view-horizontal elementor-widget elementor-widget-tabs\" data-id=\"3e4f214\" data-element_type=\"widget\" data-e-type=\"widget\" data-no-translation=\"\" data-widget_type=\"tabs.default\">\n\t\t\t\t<div class=\"elementor-widget-container\">\n\t\t\t\t\t<style>.elementor-element-3e4f214{display:none !important}<\/style>\t\t\t\t<\/div>\n\t\t\t\t<\/div>\n\t\t\t\t<div class=\"elementor-element elementor-element-25b17dd elementor-tabs-alignment-stretch elementor-widget__width-inherit elementor-tabs-view-horizontal elementor-widget elementor-widget-tabs\" data-id=\"25b17dd\" data-element_type=\"widget\" data-e-type=\"widget\" data-no-translation=\"\" data-widget_type=\"tabs.default\">\n\t\t\t\t<div class=\"elementor-widget-container\">\n\t\t\t\t\t\t\t<div class=\"elementor-tabs\">\n\t\t\t<div class=\"elementor-tabs-wrapper\" role=\"tablist\" >\n\t\t\t\t\t\t\t\t\t<div id=\"elementor-tab-title-3951\" class=\"elementor-tab-title elementor-tab-desktop-title\" aria-selected=\"true\" data-tab=\"1\" role=\"tab\" tabindex=\"0\" aria-controls=\"elementor-tab-content-3951\" aria-expanded=\"false\">Login<\/div>\n\t\t\t\t\t\t\t\t\t<div id=\"elementor-tab-title-3952\" class=\"elementor-tab-title elementor-tab-desktop-title\" aria-selected=\"false\" data-tab=\"2\" role=\"tab\" tabindex=\"-1\" aria-controls=\"elementor-tab-content-3952\" aria-expanded=\"false\">Register<\/div>\n\t\t\t\t\t\t\t<\/div>\n\t\t\t<div class=\"elementor-tabs-content-wrapper\" role=\"tablist\" aria-orientation=\"vertical\">\n\t\t\t\t\t\t\t\t\t<div class=\"elementor-tab-title elementor-tab-mobile-title\" aria-selected=\"true\" data-tab=\"1\" role=\"tab\" tabindex=\"0\" aria-controls=\"elementor-tab-content-3951\" aria-expanded=\"false\">Login<\/div>\n\t\t\t\t\t<div id=\"elementor-tab-content-3951\" class=\"elementor-tab-content elementor-clearfix\" data-tab=\"1\" role=\"tabpanel\" aria-labelledby=\"elementor-tab-title-3951\" tabindex=\"0\" hidden=\"false\"><p><div class=\"woocommerce\"><div class=\"woocommerce-notices-wrapper\"><\/div>\n\n\t\t<h2 data-no-translation=\"\" data-trp-gettext=\"\">Login<\/h2>\n\n\t\t<form class=\"woocommerce-form woocommerce-form-login login\" method=\"post\" novalidate action=\"\">\n\n\t\t\t\n\t\t\t<p class=\"woocommerce-form-row woocommerce-form-row--wide form-row form-row-wide\">\n\t\t\t\t<label for=\"username\">Username or email address&nbsp;<span class=\"required\" aria-hidden=\"true\">*<\/span><span class=\"screen-reader-text\" data-no-translation=\"\" data-trp-gettext=\"\">Required<\/span><\/label>\n\t\t\t\t<input type=\"text\" class=\"woocommerce-Input woocommerce-Input--text input-text\" name=\"username\" id=\"username\" autocomplete=\"username\" value=\"\" required aria-required=\"true\" \/>\t\t\t<\/p>\n\t\t\t<p class=\"woocommerce-form-row woocommerce-form-row--wide form-row form-row-wide\">\n\t\t\t\t<label for=\"password\">Password&nbsp;<span class=\"required\" aria-hidden=\"true\">*<\/span><span class=\"screen-reader-text\" data-no-translation=\"\" data-trp-gettext=\"\">Required<\/span><\/label>\n\t\t\t\t<input class=\"woocommerce-Input woocommerce-Input--text input-text\" type=\"password\" name=\"password\" id=\"password\" autocomplete=\"current-password\" required aria-required=\"true\" \/>\n\t\t\t<\/p>\n\n\t\t\t\n\t\t\t<p class=\"form-row\">\n\t\t\t\t<label class=\"woocommerce-form__label woocommerce-form__label-for-checkbox woocommerce-form-login__rememberme\">\n\t\t\t\t\t<input class=\"woocommerce-form__input woocommerce-form__input-checkbox\" name=\"rememberme\" type=\"checkbox\" id=\"rememberme\" value=\"forever\" \/> <span data-no-translation=\"\" data-trp-gettext=\"\">Remember me<\/span>\n\t\t\t\t<\/label>\n\t\t\t\t<input type=\"hidden\" id=\"woocommerce-login-nonce\" name=\"woocommerce-login-nonce\" value=\"a9f2afa2b8\" \/><input type=\"hidden\" name=\"_wp_http_referer\" value=\"\/en\/wp-json\/wp\/v2\/pages\/612\" \/>\t\t\t\t<button type=\"submit\" class=\"woocommerce-button button woocommerce-form-login__submit\" name=\"login\" value=\"Log in\" data-no-translation=\"\" data-trp-gettext=\"\" data-no-translation-value=\"\">Log in<\/button>\n\t\t\t<\/p>\n\t\t\t<p class=\"woocommerce-LostPassword lost_password\">\n\t\t\t\t<a href=\"https:\/\/eliminadordeolores.com\/en\/my-account\/lost-password\/\" data-no-translation=\"\" data-trp-gettext=\"\">Lost your password?<\/a>\n\t\t\t<\/p>\n\n\t\t\t\n\t\t<input type=\"hidden\" name=\"trp-form-language\" value=\"en\"\/><\/form>\n\n\n<\/div><\/p><\/div>\n\t\t\t\t\t\t\t\t\t<div class=\"elementor-tab-title elementor-tab-mobile-title\" aria-selected=\"false\" data-tab=\"2\" role=\"tab\" tabindex=\"-1\" aria-controls=\"elementor-tab-content-3952\" aria-expanded=\"false\">Register<\/div>\n\t\t\t\t\t<div id=\"elementor-tab-content-3952\" class=\"elementor-tab-content elementor-clearfix\" data-tab=\"2\" role=\"tabpanel\" aria-labelledby=\"elementor-tab-title-3952\" tabindex=\"0\" hidden=\"hidden\"><p><\/p>\n<div class=\"um um-login um-1172\">\n<div class=\"um-form\">\n<form method=\"post\" action=\"\" autocomplete=\"off\" data-trp-original-action=\"\">\n<div class=\"um-row _um_row_1 formulario-registro-custom\" style=\"padding: 0px 0px 0px 0px;margin: 0px 0px 30px 0px;border-width: 0px 0px 0px 0px;border-style: solid;border-radius: 0px;\">\n<div class=\"um-col-1\">\n<div  id=\"um_field_1172_first_name\" class=\"um-field um-field-text  um-field-first_name um-field-text um-field-type_text\" data-key=\"first_name\">\n<div class=\"um-field-label\"><label for=\"first_name-1172\">Name<\/label><\/p>\n<div class=\"um-clear\"><\/div>\n<\/div>\n<div class=\"um-field-area\"><input  autocomplete=\"off\" class=\"um-form-field valid not-required\" type=\"text\" name=\"first_name-1172\" id=\"first_name-1172\" value=\"\" placeholder=\"\" data-validate=\"\" data-key=\"first_name\"  aria-invalid=\"false\" \/><\/p><\/div>\n<\/div>\n<div  id=\"um_field_1172_last_name\" class=\"um-field um-field-text  um-field-last_name um-field-text um-field-type_text\" data-key=\"last_name\">\n<div class=\"um-field-label\"><label for=\"last_name-1172\">Last name<\/label><\/p>\n<div class=\"um-clear\"><\/div>\n<\/div>\n<div class=\"um-field-area\"><input  autocomplete=\"off\" class=\"um-form-field valid not-required\" type=\"text\" name=\"last_name-1172\" id=\"last_name-1172\" value=\"\" placeholder=\"\" data-validate=\"\" data-key=\"last_name\"  aria-invalid=\"false\" \/><\/p><\/div>\n<\/div>\n<div  id=\"um_field_1172_user_login\" class=\"um-field um-field-text  um-field-user_login um-field-text um-field-type_text\" data-key=\"user_login\">\n<div class=\"um-field-label\"><label for=\"user_login-1172\">User Name<\/label><\/p>\n<div class=\"um-clear\"><\/div>\n<\/div>\n<div class=\"um-field-area\"><input  autocomplete=\"off\" class=\"um-form-field valid\" type=\"text\" name=\"user_login-1172\" id=\"user_login-1172\" value=\"\" placeholder=\"\" data-validate=\"unique_username\" data-key=\"user_login\"  aria-invalid=\"false\" \/><\/p><\/div>\n<\/div>\n<div  id=\"um_field_1172_user_email\" class=\"um-field um-field-text  um-field-user_email um-field-text um-field-type_text\" data-key=\"user_email\">\n<div class=\"um-field-label\"><label for=\"user_email-1172\">E-mail address<\/label><\/p>\n<div class=\"um-clear\"><\/div>\n<\/div>\n<div class=\"um-field-area\"><input  autocomplete=\"off\" class=\"um-form-field valid\" type=\"text\" name=\"user_email-1172\" id=\"user_email-1172\" value=\"\" placeholder=\"\" data-validate=\"unique_email\" data-key=\"user_email\"  aria-invalid=\"false\" \/><\/p><\/div>\n<\/div>\n<div  id=\"um_field_1172_user_password\" class=\"um-field um-field-password  um-field-user_password um-field-password um-field-type_password\" data-key=\"user_password\">\n<div class=\"um-field-label\"><label for=\"user_password-1172\">Password<\/label><span class=\"um-tip um-tip-w\" title=\"La contrase\u00f1a debe contar con m\u00ednimo 8 caracteres, una letra min\u00fascula, una letra may\u00fascula y un n\u00famero\"><i class=\"um-icon-help-circled\"><\/i><\/span><\/p>\n<div class=\"um-clear\"><\/div>\n<\/div>\n<div class=\"um-field-area\"><input class=\"um-form-field valid\" type=\"password\" name=\"user_password-1172\" id=\"user_password-1172\" value=\"\" placeholder=\"\" data-validate=\"\" data-key=\"user_password\"  aria-invalid=\"false\" \/><\/p><\/div>\n<\/div>\n<div  id=\"um_field_1172_role_select\" class=\"um-field um-field-select  um-field-role_select um-field-select um-field-type_select\" data-key=\"role_select\">\n<div class=\"um-field-label\"><label for=\"role_select-1172\">Account type<\/label><\/p>\n<div class=\"um-clear\"><\/div>\n<\/div>\n<div class=\"um-field-area\"><select data-default=\"\"     name=\"role\" id=\"role\" data-validate=\"\" data-key=\"role_select\" class=\"um-form-field valid not-required um-s1\" style=\"width: 100%\" data-placeholder=\"Choose account type\"   aria-invalid=\"false\" ><option value=\"\"><\/option><option value=\"um_distribuidor-master\" >Distribuidor master<\/option><option value=\"um_distribuidor-estandar\" >Distribuidor estandar<\/option><\/select><\/div>\n<\/div>\n<\/div>\n<\/div>\n<p>\t<input type=\"hidden\" name=\"form_id\" id=\"form_id_1172\" value=\"1172\" \/><\/p>\n<p class=\"um_request_name\">\n\t\t<label for=\"um_request_1172\">Only fill in if you are not human<\/label><br \/>\n\t\t<input type=\"hidden\" name=\"um_request\" id=\"um_request_1172\" class=\"input\" value=\"\" size=\"25\" autocomplete=\"off\" \/>\n\t<\/p>\n<p>\t<input type=\"hidden\" id=\"_wpnonce\" name=\"_wpnonce\" value=\"8a86bf8f17\" \/><input type=\"hidden\" name=\"_wp_http_referer\" value=\"\/en\/wp-json\/wp\/v2\/pages\/612\" \/><\/p>\n<div class=\"um-col-alt\">\n<div class=\"um-field um-field-c\">\n<div class=\"um-field-area\">\n\t\t\t\t\t<label class=\"um-field-checkbox\"><br \/>\n\t\t\t\t\t\t<input type=\"checkbox\" name=\"rememberme\" value=\"1\"  \/><br \/>\n\t\t\t\t\t\t<span class=\"um-field-checkbox-state\"><i class=\"um-icon-android-checkbox-outline-blank\"><\/i><\/span><br \/>\n\t\t\t\t\t\t<span class=\"um-field-checkbox-option\"> Keep me signed in<\/span><br \/>\n\t\t\t\t\t<\/label>\n\t\t\t\t<\/div>\n<\/p><\/div>\n<div class=\"um-clear\"><\/div>\n<div class=\"um-left um-half\">\n\t\t\t\t<input type=\"submit\" value=\"Login\" class=\"um-button\" id=\"um-submit-btn\" \/>\n\t\t\t<\/div>\n<div class=\"um-right um-half\">\n\t\t\t\t<a href=\"https:\/\/eliminadordeolores.com\/en\/registro-distribuidores\/\" class=\"um-button um-alt\"><br \/>\n\t\t\t\t\tRegister\t\t\t\t<\/a>\n\t\t\t<\/div>\n<div class=\"um-clear\"><\/div>\n<\/p><\/div>\n<div class=\"um-col-alt-b\">\n\t\t<a href=\"https:\/\/eliminadordeolores.com\/en\/registro-distribuidores\/\" class=\"um-link-alt\"><br \/>\n\t\t\tForgot your password?\t\t<\/a>\n\t<\/div>\n<\/p><input type=\"hidden\" name=\"trp-form-language\" value=\"en\"\/><\/form>\n<\/p><\/div>\n<\/div>\n<p><\/p>\n<\/p><\/div>\n\t\t\t\t\t\t\t<\/div>\n\t\t<\/div>\n\t\t\t\t\t\t<\/div>\n\t\t\t\t<\/div>\n\t\t\t\t\t<\/div>\n\t\t\t\t<\/div>\n\t\t\t\t\t<\/div>\n\t\t\t\t<\/div>\n\t\t\t\t<\/div>","protected":false},"excerpt":{"rendered":"<p>\u00a1Bienvenido al espacio exclusivo para distribuidores y aliados de T-Odor! Accede a nuestra plataforma para unirte a nuestra red y disfrutar de informaci\u00f3n privilegiada sobre nuestros productos y beneficios. \u00a0 \u00a1Estamos emocionados de tenerte con nosotros!<\/p>","protected":false},"author":1,"featured_media":0,"parent":0,"menu_order":0,"comment_status":"closed","ping_status":"closed","template":"","meta":{"content-type":"","footnotes":""},"class_list":["post-612","page","type-page","status-publish","hentry"],"_links":{"self":[{"href":"https:\/\/eliminadordeolores.com\/en\/wp-json\/wp\/v2\/pages\/612","targetHints":{"allow":["GET"]}}],"collection":[{"href":"https:\/\/eliminadordeolores.com\/en\/wp-json\/wp\/v2\/pages"}],"about":[{"href":"https:\/\/eliminadordeolores.com\/en\/wp-json\/wp\/v2\/types\/page"}],"author":[{"embeddable":true,"href":"https:\/\/eliminadordeolores.com\/en\/wp-json\/wp\/v2\/users\/1"}],"replies":[{"embeddable":true,"href":"https:\/\/eliminadordeolores.com\/en\/wp-json\/wp\/v2\/comments?post=612"}],"version-history":[{"count":50,"href":"https:\/\/eliminadordeolores.com\/en\/wp-json\/wp\/v2\/pages\/612\/revisions"}],"predecessor-version":[{"id":1175,"href":"https:\/\/eliminadordeolores.com\/en\/wp-json\/wp\/v2\/pages\/612\/revisions\/1175"}],"wp:attachment":[{"href":"https:\/\/eliminadordeolores.com\/en\/wp-json\/wp\/v2\/media?parent=612"}],"curies":[{"name":"wp","href":"https:\/\/api.w.org\/{rel}","templated":true}]}}