{"id":2294,"date":"2025-09-03T13:45:44","date_gmt":"2025-09-03T13:45:44","guid":{"rendered":"https:\/\/eliminadordeolores.com\/?page_id=2294"},"modified":"2025-09-03T13:45:47","modified_gmt":"2025-09-03T13:45:47","slug":"kit-de-emergencia","status":"publish","type":"page","link":"https:\/\/eliminadordeolores.com\/en\/kit-de-emergencia\/","title":{"rendered":"Kit de emergencia"},"content":{"rendered":"<div data-elementor-type=\"wp-page\" data-elementor-id=\"2294\" class=\"elementor elementor-2294\">\n\t\t\t\t<div class=\"elementor-element elementor-element-f621f71 e-flex e-con-boxed wpr-particle-no wpr-jarallax-no wpr-parallax-no wpr-sticky-section-no wpr-equal-height-no e-con e-parent\" data-id=\"f621f71\" data-element_type=\"container\" data-e-type=\"container\">\n\t\t\t\t\t<div class=\"e-con-inner\">\n\t\t<div class=\"elementor-element elementor-element-17d690c e-con-full e-flex wpr-particle-no wpr-jarallax-no wpr-parallax-no wpr-sticky-section-no wpr-equal-height-no e-con e-child\" data-id=\"17d690c\" data-element_type=\"container\" data-e-type=\"container\">\n\t\t<div class=\"elementor-element elementor-element-3993013 e-con-full e-flex wpr-particle-no wpr-jarallax-no wpr-parallax-no wpr-sticky-section-no wpr-equal-height-no e-con e-child\" data-id=\"3993013\" data-element_type=\"container\" data-e-type=\"container\">\n\t\t<div class=\"elementor-element elementor-element-94422f5 e-con-full e-flex wpr-particle-no wpr-jarallax-no wpr-parallax-no wpr-sticky-section-no wpr-equal-height-no e-con e-child\" data-id=\"94422f5\" data-element_type=\"container\" data-e-type=\"container\">\n\t\t\t\t<\/div>\n\t\t\t\t<\/div>\n\t\t<div class=\"elementor-element elementor-element-81c8d1f e-con-full e-flex wpr-particle-no wpr-jarallax-no wpr-parallax-no wpr-sticky-section-no wpr-equal-height-no e-con e-child\" data-id=\"81c8d1f\" data-element_type=\"container\" data-e-type=\"container\">\n\t\t\t\t<div class=\"elementor-element elementor-element-550f7a7 elementor-widget elementor-widget-heading\" data-id=\"550f7a7\" data-element_type=\"widget\" data-e-type=\"widget\" data-widget_type=\"heading.default\">\n\t\t\t\t<div class=\"elementor-widget-container\">\n\t\t\t\t\t<h2 class=\"elementor-heading-title elementor-size-default\">\u00bfEn su gimnasio, los malos olores aparecen en vestuarios, ba\u00f1os, duchas y zonas de entrenamiento?<\/h2>\t\t\t\t<\/div>\n\t\t\t\t<\/div>\n\t\t\t\t<\/div>\n\t\t\t\t<\/div>\n\t\t\t\t<div class=\"elementor-element elementor-element-d2f57f8 elementor-widget__width-initial elementor-widget elementor-widget-image\" data-id=\"d2f57f8\" data-element_type=\"widget\" data-e-type=\"widget\" data-widget_type=\"image.default\">\n\t\t\t\t<div class=\"elementor-widget-container\">\n\t\t\t\t\t\t\t\t\t\t\t\t\t\t\t<img fetchpriority=\"high\" decoding=\"async\" width=\"800\" height=\"464\" src=\"https:\/\/eliminadordeolores.com\/wp-content\/uploads\/2025\/05\/WEB-SITE-T-ODOR-1024x594.png\" class=\"attachment-large size-large wp-image-1959\" alt=\"\" srcset=\"https:\/\/eliminadordeolores.com\/wp-content\/uploads\/2025\/05\/WEB-SITE-T-ODOR-1024x594.png 1024w, https:\/\/eliminadordeolores.com\/wp-content\/uploads\/2025\/05\/WEB-SITE-T-ODOR-300x174.png 300w, https:\/\/eliminadordeolores.com\/wp-content\/uploads\/2025\/05\/WEB-SITE-T-ODOR-768x445.png 768w, https:\/\/eliminadordeolores.com\/wp-content\/uploads\/2025\/05\/WEB-SITE-T-ODOR-18x10.png 18w, https:\/\/eliminadordeolores.com\/wp-content\/uploads\/2025\/05\/WEB-SITE-T-ODOR-600x348.png 600w, https:\/\/eliminadordeolores.com\/wp-content\/uploads\/2025\/05\/WEB-SITE-T-ODOR.png 1043w\" sizes=\"(max-width: 800px) 100vw, 800px\" \/>\t\t\t\t\t\t\t\t\t\t\t\t\t\t\t<\/div>\n\t\t\t\t<\/div>\n\t\t\t\t\t<\/div>\n\t\t\t\t<\/div>\n\t\t<div class=\"elementor-element elementor-element-ee3f409 e-flex e-con-boxed wpr-particle-no wpr-jarallax-no wpr-parallax-no wpr-sticky-section-no wpr-equal-height-no e-con e-parent\" data-id=\"ee3f409\" data-element_type=\"container\" data-e-type=\"container\">\n\t\t\t\t\t<div class=\"e-con-inner\">\n\t\t<div class=\"elementor-element elementor-element-22deb29 e-con-full e-flex wpr-particle-no wpr-jarallax-no wpr-parallax-no wpr-sticky-section-no wpr-equal-height-no e-con e-child\" data-id=\"22deb29\" data-element_type=\"container\" data-e-type=\"container\">\n\t\t\t\t<div class=\"elementor-element elementor-element-c19b21c elementor-widget elementor-widget-image\" data-id=\"c19b21c\" data-element_type=\"widget\" data-e-type=\"widget\" data-widget_type=\"image.default\">\n\t\t\t\t<div class=\"elementor-widget-container\">\n\t\t\t\t\t\t\t\t\t\t\t\t\t\t\t<img decoding=\"async\" width=\"800\" height=\"738\" src=\"https:\/\/eliminadordeolores.com\/wp-content\/uploads\/2025\/05\/Recurso-2.png\" class=\"attachment-large size-large wp-image-1947\" alt=\"\" srcset=\"https:\/\/eliminadordeolores.com\/wp-content\/uploads\/2025\/05\/Recurso-2.png 913w, https:\/\/eliminadordeolores.com\/wp-content\/uploads\/2025\/05\/Recurso-2-300x277.png 300w, https:\/\/eliminadordeolores.com\/wp-content\/uploads\/2025\/05\/Recurso-2-768x708.png 768w, https:\/\/eliminadordeolores.com\/wp-content\/uploads\/2025\/05\/Recurso-2-13x12.png 13w, https:\/\/eliminadordeolores.com\/wp-content\/uploads\/2025\/05\/Recurso-2-600x553.png 600w\" sizes=\"(max-width: 800px) 100vw, 800px\" \/>\t\t\t\t\t\t\t\t\t\t\t\t\t\t\t<\/div>\n\t\t\t\t<\/div>\n\t\t\t\t<\/div>\n\t\t<div class=\"elementor-element elementor-element-8e7052d e-con-full e-flex wpr-particle-no wpr-jarallax-no wpr-parallax-no wpr-sticky-section-no wpr-equal-height-no e-con e-child\" data-id=\"8e7052d\" data-element_type=\"container\" data-e-type=\"container\">\n\t\t<div class=\"elementor-element elementor-element-9e1128b e-con-full e-flex wpr-particle-no wpr-jarallax-no wpr-parallax-no wpr-sticky-section-no wpr-equal-height-no e-con e-child\" data-id=\"9e1128b\" data-element_type=\"container\" data-e-type=\"container\">\n\t\t\t\t<div class=\"elementor-element elementor-element-6cb1f6f elementor-widget elementor-widget-text-editor\" data-id=\"6cb1f6f\" data-element_type=\"widget\" data-e-type=\"widget\" data-widget_type=\"text-editor.default\">\n\t\t\t\t<div class=\"elementor-widget-container\">\n\t\t\t\t\t\t\t\t\t<p>El sudor, la humedad y la alta rotaci\u00f3n de personas hacen que incluso con buena ventilaci\u00f3n, el mal olor se acumule y afecte la experiencia de sus clientes.<\/p><p>En T-ODOR entendemos este desaf\u00edo y por eso creamos un Kit de Eliminaci\u00f3n de Olores, dise\u00f1ado espec\u00edficamente para gimnasios que buscan soluciones reales, seguras y continuas.<\/p>\t\t\t\t\t\t\t\t<\/div>\n\t\t\t\t<\/div>\n\t\t\t\t<\/div>\n\t\t<div class=\"elementor-element elementor-element-2e5b452 e-con-full e-flex wpr-particle-no wpr-jarallax-no wpr-parallax-no wpr-sticky-section-no wpr-equal-height-no e-con e-child\" data-id=\"2e5b452\" data-element_type=\"container\" data-e-type=\"container\">\n\t\t\t\t<div class=\"elementor-element elementor-element-ffaa099 elementor-widget elementor-widget-text-editor\" data-id=\"ffaa099\" data-element_type=\"widget\" data-e-type=\"widget\" data-widget_type=\"text-editor.default\">\n\t\t\t\t<div class=\"elementor-widget-container\">\n\t\t\t\t\t\t\t\t\t<p>CON NUESTRO KIT, OBTENGA 30 D\u00cdAS LIBRES DE MALOS OLORES.<\/p>\t\t\t\t\t\t\t\t<\/div>\n\t\t\t\t<\/div>\n\t\t\t\t<\/div>\n\t\t\t\t<\/div>\n\t\t\t\t\t<\/div>\n\t\t\t\t<\/div>\n\t\t\t\t<\/div>","protected":false},"excerpt":{"rendered":"<p>\u00bfEn su gimnasio, los malos olores aparecen en vestuarios, ba\u00f1os, duchas y zonas de entrenamiento? El sudor, la humedad y la alta rotaci\u00f3n de personas hacen que incluso con buena ventilaci\u00f3n, el mal olor se acumule y afecte la experiencia de sus clientes. En T-ODOR entendemos este desaf\u00edo y por eso creamos un Kit de Eliminaci\u00f3n de Olores, dise\u00f1ado espec\u00edficamente para gimnasios que buscan soluciones reales, seguras y continuas. CON NUESTRO KIT, OBTENGA 30 D\u00cdAS LIBRES DE MALOS OLORES.<\/p>","protected":false},"author":1,"featured_media":0,"parent":0,"menu_order":0,"comment_status":"closed","ping_status":"closed","template":"","meta":{"content-type":"","footnotes":""},"class_list":["post-2294","page","type-page","status-publish","hentry"],"_links":{"self":[{"href":"https:\/\/eliminadordeolores.com\/en\/wp-json\/wp\/v2\/pages\/2294","targetHints":{"allow":["GET"]}}],"collection":[{"href":"https:\/\/eliminadordeolores.com\/en\/wp-json\/wp\/v2\/pages"}],"about":[{"href":"https:\/\/eliminadordeolores.com\/en\/wp-json\/wp\/v2\/types\/page"}],"author":[{"embeddable":true,"href":"https:\/\/eliminadordeolores.com\/en\/wp-json\/wp\/v2\/users\/1"}],"replies":[{"embeddable":true,"href":"https:\/\/eliminadordeolores.com\/en\/wp-json\/wp\/v2\/comments?post=2294"}],"version-history":[{"count":1,"href":"https:\/\/eliminadordeolores.com\/en\/wp-json\/wp\/v2\/pages\/2294\/revisions"}],"predecessor-version":[{"id":2295,"href":"https:\/\/eliminadordeolores.com\/en\/wp-json\/wp\/v2\/pages\/2294\/revisions\/2295"}],"wp:attachment":[{"href":"https:\/\/eliminadordeolores.com\/en\/wp-json\/wp\/v2\/media?parent=2294"}],"curies":[{"name":"wp","href":"https:\/\/api.w.org\/{rel}","templated":true}]}}