{"id":2291,"date":"2025-09-03T13:44:25","date_gmt":"2025-09-03T13:44:25","guid":{"rendered":"https:\/\/eliminadordeolores.com\/?page_id=2291"},"modified":"2025-09-03T13:44:30","modified_gmt":"2025-09-03T13:44:30","slug":"kit-restaurantes","status":"publish","type":"page","link":"https:\/\/eliminadordeolores.com\/en\/kit-restaurantes\/","title":{"rendered":"Kit Restaurantes"},"content":{"rendered":"<div data-elementor-type=\"wp-page\" data-elementor-id=\"2291\" class=\"elementor elementor-2291\">\n\t\t\t\t<div class=\"elementor-element elementor-element-f621f71 e-flex e-con-boxed wpr-particle-no wpr-jarallax-no wpr-parallax-no wpr-sticky-section-no wpr-equal-height-no e-con e-parent\" data-id=\"f621f71\" data-element_type=\"container\" data-e-type=\"container\">\n\t\t\t\t\t<div class=\"e-con-inner\">\n\t\t<div class=\"elementor-element elementor-element-17d690c e-con-full e-flex wpr-particle-no wpr-jarallax-no wpr-parallax-no wpr-sticky-section-no wpr-equal-height-no e-con e-child\" data-id=\"17d690c\" data-element_type=\"container\" data-e-type=\"container\">\n\t\t<div class=\"elementor-element elementor-element-3993013 e-con-full e-flex wpr-particle-no wpr-jarallax-no wpr-parallax-no wpr-sticky-section-no wpr-equal-height-no e-con e-child\" data-id=\"3993013\" data-element_type=\"container\" data-e-type=\"container\">\n\t\t<div class=\"elementor-element elementor-element-94422f5 e-con-full e-flex wpr-particle-no wpr-jarallax-no wpr-parallax-no wpr-sticky-section-no wpr-equal-height-no e-con e-child\" data-id=\"94422f5\" data-element_type=\"container\" data-e-type=\"container\">\n\t\t\t\t<\/div>\n\t\t\t\t<\/div>\n\t\t<div class=\"elementor-element elementor-element-81c8d1f e-con-full e-flex wpr-particle-no wpr-jarallax-no wpr-parallax-no wpr-sticky-section-no wpr-equal-height-no e-con e-child\" data-id=\"81c8d1f\" data-element_type=\"container\" data-e-type=\"container\">\n\t\t\t\t<div class=\"elementor-element elementor-element-550f7a7 elementor-widget elementor-widget-heading\" data-id=\"550f7a7\" data-element_type=\"widget\" data-e-type=\"widget\" data-widget_type=\"heading.default\">\n\t\t\t\t<div class=\"elementor-widget-container\">\n\t\t\t\t\t<h3 class=\"elementor-heading-title elementor-size-default\">\u00bfSu casino enfrenta constantemente olores molestos de tabaco, comida y\/o humedad que afectan la experiencia de sus clientes?<\/h3>\t\t\t\t<\/div>\n\t\t\t\t<\/div>\n\t\t\t\t<\/div>\n\t\t\t\t<\/div>\n\t\t\t\t<div class=\"elementor-element elementor-element-d2f57f8 elementor-widget__width-initial elementor-widget elementor-widget-image\" data-id=\"d2f57f8\" data-element_type=\"widget\" data-e-type=\"widget\" data-widget_type=\"image.default\">\n\t\t\t\t<div class=\"elementor-widget-container\">\n\t\t\t\t\t\t\t\t\t\t\t\t\t\t\t<img fetchpriority=\"high\" decoding=\"async\" width=\"800\" height=\"465\" src=\"https:\/\/eliminadordeolores.com\/wp-content\/uploads\/2025\/05\/Recurso-6-1-1024x595.png\" class=\"attachment-large size-large wp-image-1969\" alt=\"\" srcset=\"https:\/\/eliminadordeolores.com\/wp-content\/uploads\/2025\/05\/Recurso-6-1-1024x595.png 1024w, https:\/\/eliminadordeolores.com\/wp-content\/uploads\/2025\/05\/Recurso-6-1-300x174.png 300w, https:\/\/eliminadordeolores.com\/wp-content\/uploads\/2025\/05\/Recurso-6-1-768x446.png 768w, https:\/\/eliminadordeolores.com\/wp-content\/uploads\/2025\/05\/Recurso-6-1-18x10.png 18w, https:\/\/eliminadordeolores.com\/wp-content\/uploads\/2025\/05\/Recurso-6-1-600x349.png 600w, https:\/\/eliminadordeolores.com\/wp-content\/uploads\/2025\/05\/Recurso-6-1.png 1050w\" sizes=\"(max-width: 800px) 100vw, 800px\" \/>\t\t\t\t\t\t\t\t\t\t\t\t\t\t\t<\/div>\n\t\t\t\t<\/div>\n\t\t\t\t\t<\/div>\n\t\t\t\t<\/div>\n\t\t<div class=\"elementor-element elementor-element-ee3f409 e-flex e-con-boxed wpr-particle-no wpr-jarallax-no wpr-parallax-no wpr-sticky-section-no wpr-equal-height-no e-con e-parent\" data-id=\"ee3f409\" data-element_type=\"container\" data-e-type=\"container\">\n\t\t\t\t\t<div class=\"e-con-inner\">\n\t\t<div class=\"elementor-element elementor-element-22deb29 e-con-full e-flex wpr-particle-no wpr-jarallax-no wpr-parallax-no wpr-sticky-section-no wpr-equal-height-no e-con e-child\" data-id=\"22deb29\" data-element_type=\"container\" data-e-type=\"container\">\n\t\t\t\t<div class=\"elementor-element elementor-element-c19b21c elementor-widget elementor-widget-image\" data-id=\"c19b21c\" data-element_type=\"widget\" data-e-type=\"widget\" data-widget_type=\"image.default\">\n\t\t\t\t<div class=\"elementor-widget-container\">\n\t\t\t\t\t\t\t\t\t\t\t\t\t\t\t<img decoding=\"async\" width=\"800\" height=\"696\" src=\"https:\/\/eliminadordeolores.com\/wp-content\/uploads\/2025\/05\/Mailing-T-odor-CASINOS.png\" class=\"attachment-large size-large wp-image-1970\" alt=\"\" srcset=\"https:\/\/eliminadordeolores.com\/wp-content\/uploads\/2025\/05\/Mailing-T-odor-CASINOS.png 897w, https:\/\/eliminadordeolores.com\/wp-content\/uploads\/2025\/05\/Mailing-T-odor-CASINOS-300x261.png 300w, https:\/\/eliminadordeolores.com\/wp-content\/uploads\/2025\/05\/Mailing-T-odor-CASINOS-768x668.png 768w, https:\/\/eliminadordeolores.com\/wp-content\/uploads\/2025\/05\/Mailing-T-odor-CASINOS-14x12.png 14w, https:\/\/eliminadordeolores.com\/wp-content\/uploads\/2025\/05\/Mailing-T-odor-CASINOS-600x522.png 600w\" sizes=\"(max-width: 800px) 100vw, 800px\" \/>\t\t\t\t\t\t\t\t\t\t\t\t\t\t\t<\/div>\n\t\t\t\t<\/div>\n\t\t\t\t<\/div>\n\t\t<div class=\"elementor-element elementor-element-8e7052d e-con-full e-flex wpr-particle-no wpr-jarallax-no wpr-parallax-no wpr-sticky-section-no wpr-equal-height-no e-con e-child\" data-id=\"8e7052d\" data-element_type=\"container\" data-e-type=\"container\">\n\t\t<div class=\"elementor-element elementor-element-9e1128b e-con-full e-flex wpr-particle-no wpr-jarallax-no wpr-parallax-no wpr-sticky-section-no wpr-equal-height-no e-con e-child\" data-id=\"9e1128b\" data-element_type=\"container\" data-e-type=\"container\">\n\t\t\t\t<div class=\"elementor-element elementor-element-6cb1f6f elementor-widget elementor-widget-text-editor\" data-id=\"6cb1f6f\" data-element_type=\"widget\" data-e-type=\"widget\" data-widget_type=\"text-editor.default\">\n\t\t\t\t<div class=\"elementor-widget-container\">\n\t\t\t\t\t\t\t\t\t<p>En espacios donde la experiencia lo es todo, como salas de juego, zonas de fumadores, ba\u00f1os o pasillos interiores, los malos olores pueden impactar negativamente y de forma silenciosa en la percepci\u00f3n del cliente.<\/p><p>\u00a0<\/p><p>En T-ODOR entendemos esta problem\u00e1tica, y por eso hemos creado una soluci\u00f3n integral para la eliminaci\u00f3n de olores en casinos. Conozca nuestro KIT, dise\u00f1ado espec\u00edficamente para el sector del entretenimiento, y transforme el ambiente de su negocio.<\/p>\t\t\t\t\t\t\t\t<\/div>\n\t\t\t\t<\/div>\n\t\t\t\t<\/div>\n\t\t<div class=\"elementor-element elementor-element-2e5b452 e-con-full e-flex wpr-particle-no wpr-jarallax-no wpr-parallax-no wpr-sticky-section-no wpr-equal-height-no e-con e-child\" data-id=\"2e5b452\" data-element_type=\"container\" data-e-type=\"container\">\n\t\t\t\t<div class=\"elementor-element elementor-element-ffaa099 elementor-widget elementor-widget-text-editor\" data-id=\"ffaa099\" data-element_type=\"widget\" data-e-type=\"widget\" data-widget_type=\"text-editor.default\">\n\t\t\t\t<div class=\"elementor-widget-container\">\n\t\t\t\t\t\t\t\t\t<p>CON NUESTRO KIT, OBTENGA 30 D\u00cdAS LIBRES DE MALOS OLORES.<\/p>\t\t\t\t\t\t\t\t<\/div>\n\t\t\t\t<\/div>\n\t\t\t\t<\/div>\n\t\t\t\t<\/div>\n\t\t\t\t\t<\/div>\n\t\t\t\t<\/div>\n\t\t\t\t<\/div>","protected":false},"excerpt":{"rendered":"<p>\u00bfSu casino enfrenta constantemente olores molestos de tabaco, comida y\/o humedad que afectan la experiencia de sus clientes? En espacios donde la experiencia lo es todo, como salas de juego, zonas de fumadores, ba\u00f1os o pasillos interiores, los malos olores pueden impactar negativamente y de forma silenciosa en la percepci\u00f3n del cliente. \u00a0 En T-ODOR entendemos esta problem\u00e1tica, y por eso hemos creado una soluci\u00f3n integral para la eliminaci\u00f3n de olores en casinos. Conozca nuestro KIT, dise\u00f1ado espec\u00edficamente para el sector del entretenimiento, y transforme el ambiente de su negocio. CON NUESTRO KIT, OBTENGA 30 D\u00cdAS LIBRES DE MALOS OLORES.<\/p>","protected":false},"author":1,"featured_media":0,"parent":0,"menu_order":0,"comment_status":"closed","ping_status":"closed","template":"","meta":{"content-type":"","footnotes":""},"class_list":["post-2291","page","type-page","status-publish","hentry"],"_links":{"self":[{"href":"https:\/\/eliminadordeolores.com\/en\/wp-json\/wp\/v2\/pages\/2291","targetHints":{"allow":["GET"]}}],"collection":[{"href":"https:\/\/eliminadordeolores.com\/en\/wp-json\/wp\/v2\/pages"}],"about":[{"href":"https:\/\/eliminadordeolores.com\/en\/wp-json\/wp\/v2\/types\/page"}],"author":[{"embeddable":true,"href":"https:\/\/eliminadordeolores.com\/en\/wp-json\/wp\/v2\/users\/1"}],"replies":[{"embeddable":true,"href":"https:\/\/eliminadordeolores.com\/en\/wp-json\/wp\/v2\/comments?post=2291"}],"version-history":[{"count":1,"href":"https:\/\/eliminadordeolores.com\/en\/wp-json\/wp\/v2\/pages\/2291\/revisions"}],"predecessor-version":[{"id":2292,"href":"https:\/\/eliminadordeolores.com\/en\/wp-json\/wp\/v2\/pages\/2291\/revisions\/2292"}],"wp:attachment":[{"href":"https:\/\/eliminadordeolores.com\/en\/wp-json\/wp\/v2\/media?parent=2291"}],"curies":[{"name":"wp","href":"https:\/\/api.w.org\/{rel}","templated":true}]}}