{"id":2204,"date":"2025-08-22T11:02:20","date_gmt":"2025-08-22T11:02:20","guid":{"rendered":"https:\/\/eliminadordeolores.com\/?page_id=2204"},"modified":"2025-10-31T14:48:02","modified_gmt":"2025-10-31T14:48:02","slug":"eco-friendly-safe","status":"publish","type":"page","link":"https:\/\/eliminadordeolores.com\/en\/eco-friendly-safe\/","title":{"rendered":"Eco-Friendly &#038; Safe"},"content":{"rendered":"<div data-elementor-type=\"wp-page\" data-elementor-id=\"2204\" class=\"elementor elementor-2204\">\n\t\t\t\t<div class=\"elementor-element elementor-element-a61f7e2 e-con-full e-flex wpr-particle-no wpr-jarallax-no wpr-parallax-no wpr-sticky-section-no wpr-equal-height-no e-con e-parent\" data-id=\"a61f7e2\" data-element_type=\"container\" data-e-type=\"container\">\n\t\t<div class=\"elementor-element elementor-element-de3e894 e-flex e-con-boxed wpr-particle-no wpr-jarallax-no wpr-parallax-no wpr-sticky-section-no wpr-equal-height-no e-con e-child\" data-id=\"de3e894\" data-element_type=\"container\" data-e-type=\"container\">\n\t\t\t\t\t<div class=\"e-con-inner\">\n\t\t<div class=\"elementor-element elementor-element-308e436 e-con-full e-flex wpr-particle-no wpr-jarallax-no wpr-parallax-no wpr-sticky-section-no wpr-equal-height-no e-con e-child\" data-id=\"308e436\" data-element_type=\"container\" data-e-type=\"container\">\n\t\t\t\t<div class=\"elementor-element elementor-element-be0e60a elementor-widget elementor-widget-heading\" data-id=\"be0e60a\" data-element_type=\"widget\" data-e-type=\"widget\" data-widget_type=\"heading.default\">\n\t\t\t\t<div class=\"elementor-widget-container\">\n\t\t\t\t\t<h1 class=\"elementor-heading-title elementor-size-default\">T-ODOR es Eco-Friendly &amp; Safe\u200b<\/h1>\t\t\t\t<\/div>\n\t\t\t\t<\/div>\n\t\t\t\t<\/div>\n\t\t\t\t<div class=\"elementor-element elementor-element-acdd16d elementor-widget elementor-widget-text-editor\" data-id=\"acdd16d\" data-element_type=\"widget\" data-e-type=\"widget\" data-widget_type=\"text-editor.default\">\n\t\t\t\t<div class=\"elementor-widget-container\">\n\t\t\t\t\t\t\t\t\t<p style=\"text-align: center;\"><strong data-start=\"99\" data-end=\"225\">Nuestros productos son altamente efectivos, responsables con el medio ambiente y seguros para las personas y los animales. <\/strong><\/p><p style=\"text-align: center;\">En <strong data-start=\"229\" data-end=\"239\">T-ODOR<\/strong> creemos que la calidad es integridad, por eso desarrollamos soluciones sostenibles que garantizan resultados reales sin afectar la salud ni el entorno.<\/p>\t\t\t\t\t\t\t\t<\/div>\n\t\t\t\t<\/div>\n\t\t\t\t\t<\/div>\n\t\t\t\t<\/div>\n\t\t\t\t<\/div>\n\t\t<div class=\"elementor-element elementor-element-3159c43 e-grid e-con-boxed wpr-particle-no wpr-jarallax-no wpr-parallax-no wpr-sticky-section-no wpr-equal-height-no e-con e-parent\" data-id=\"3159c43\" data-element_type=\"container\" data-e-type=\"container\">\n\t\t\t\t\t<div class=\"e-con-inner\">\n\t\t<div class=\"elementor-element elementor-element-3938cfa e-flex e-con-boxed wpr-particle-no wpr-jarallax-no wpr-parallax-no wpr-sticky-section-no wpr-equal-height-no e-con e-child\" data-id=\"3938cfa\" data-element_type=\"container\" data-e-type=\"container\">\n\t\t\t\t\t<div class=\"e-con-inner\">\n\t\t\t\t<div class=\"elementor-element elementor-element-a28bea0 elementor-widget elementor-widget-heading\" data-id=\"a28bea0\" data-element_type=\"widget\" data-e-type=\"widget\" data-widget_type=\"heading.default\">\n\t\t\t\t<div class=\"elementor-widget-container\">\n\t\t\t\t\t<h2 class=\"elementor-heading-title elementor-size-default\">Eco-Friendly<\/h2>\t\t\t\t<\/div>\n\t\t\t\t<\/div>\n\t\t<div class=\"elementor-element elementor-element-621fb9a e-con-full e-flex wpr-particle-no wpr-jarallax-no wpr-parallax-no wpr-sticky-section-no wpr-equal-height-no e-con e-child\" data-id=\"621fb9a\" data-element_type=\"container\" data-e-type=\"container\">\n\t\t<div class=\"elementor-element elementor-element-610f1c6 e-grid e-con-full wpr-particle-no wpr-jarallax-no wpr-parallax-no wpr-sticky-section-no wpr-equal-height-no e-con e-child\" data-id=\"610f1c6\" data-element_type=\"container\" data-e-type=\"container\">\n\t\t\t\t<div class=\"elementor-element elementor-element-6baeaae elementor-widget elementor-widget-image\" data-id=\"6baeaae\" data-element_type=\"widget\" data-e-type=\"widget\" data-widget_type=\"image.default\">\n\t\t\t\t<div class=\"elementor-widget-container\">\n\t\t\t\t\t\t\t\t\t\t\t\t\t\t\t<img fetchpriority=\"high\" decoding=\"async\" width=\"300\" height=\"300\" src=\"https:\/\/eliminadordeolores.com\/wp-content\/uploads\/2024\/05\/icono-ecoamigable-300x300.png\" class=\"attachment-medium size-medium wp-image-371\" alt=\"Eco-amigable\" srcset=\"https:\/\/eliminadordeolores.com\/wp-content\/uploads\/2024\/05\/icono-ecoamigable-300x300.png 300w, https:\/\/eliminadordeolores.com\/wp-content\/uploads\/2024\/05\/icono-ecoamigable-150x150.png 150w, https:\/\/eliminadordeolores.com\/wp-content\/uploads\/2024\/05\/icono-ecoamigable-12x12.png 12w, https:\/\/eliminadordeolores.com\/wp-content\/uploads\/2024\/05\/icono-ecoamigable-600x600.png 600w, https:\/\/eliminadordeolores.com\/wp-content\/uploads\/2024\/05\/icono-ecoamigable-100x100.png 100w, https:\/\/eliminadordeolores.com\/wp-content\/uploads\/2024\/05\/icono-ecoamigable.png 700w\" sizes=\"(max-width: 300px) 100vw, 300px\" \/>\t\t\t\t\t\t\t\t\t\t\t\t\t\t\t<\/div>\n\t\t\t\t<\/div>\n\t\t\t\t<div class=\"elementor-element elementor-element-f2d2619 elementor-widget elementor-widget-text-editor\" data-id=\"f2d2619\" data-element_type=\"widget\" data-e-type=\"widget\" data-widget_type=\"text-editor.default\">\n\t\t\t\t<div class=\"elementor-widget-container\">\n\t\t\t\t\t\t\t\t\t<p style=\"text-align: left;\">Nuestras Soluciones Moleculares est\u00e1n <strong>hechas con ingredientes vegetale<\/strong>s, sin colorantes, enzimas, biocidas, alcoholes, ni CFCs y nuestros envases son reutilizables y reciclables.<\/p>\t\t\t\t\t\t\t\t<\/div>\n\t\t\t\t<\/div>\n\t\t\t\t<\/div>\n\t\t\t\t<\/div>\n\t\t\t\t\t<\/div>\n\t\t\t\t<\/div>\n\t\t<div class=\"elementor-element elementor-element-b259a9b e-flex e-con-boxed wpr-particle-no wpr-jarallax-no wpr-parallax-no wpr-sticky-section-no wpr-equal-height-no e-con e-child\" data-id=\"b259a9b\" data-element_type=\"container\" data-e-type=\"container\">\n\t\t\t\t\t<div class=\"e-con-inner\">\n\t\t\t\t<div class=\"elementor-element elementor-element-caafdda elementor-widget elementor-widget-heading\" data-id=\"caafdda\" data-element_type=\"widget\" data-e-type=\"widget\" data-widget_type=\"heading.default\">\n\t\t\t\t<div class=\"elementor-widget-container\">\n\t\t\t\t\t<h1 class=\"elementor-heading-title elementor-size-default\">Non-toxic<\/h1>\t\t\t\t<\/div>\n\t\t\t\t<\/div>\n\t\t<div class=\"elementor-element elementor-element-21e4549 e-con-full e-flex wpr-particle-no wpr-jarallax-no wpr-parallax-no wpr-sticky-section-no wpr-equal-height-no e-con e-child\" data-id=\"21e4549\" data-element_type=\"container\" data-e-type=\"container\">\n\t\t<div class=\"elementor-element elementor-element-059fdd0 e-grid e-con-full wpr-particle-no wpr-jarallax-no wpr-parallax-no wpr-sticky-section-no wpr-equal-height-no e-con e-child\" data-id=\"059fdd0\" data-element_type=\"container\" data-e-type=\"container\">\n\t\t\t\t<div class=\"elementor-element elementor-element-ede97d9 elementor-widget elementor-widget-image\" data-id=\"ede97d9\" data-element_type=\"widget\" data-e-type=\"widget\" data-widget_type=\"image.default\">\n\t\t\t\t<div class=\"elementor-widget-container\">\n\t\t\t\t\t\t\t\t\t\t\t\t\t\t\t<img decoding=\"async\" width=\"300\" height=\"300\" src=\"https:\/\/eliminadordeolores.com\/wp-content\/uploads\/2024\/05\/icono-no-toxico-300x300.png\" class=\"attachment-medium size-medium wp-image-369\" alt=\"Neutraliza y elimina\" srcset=\"https:\/\/eliminadordeolores.com\/wp-content\/uploads\/2024\/05\/icono-no-toxico-300x300.png 300w, https:\/\/eliminadordeolores.com\/wp-content\/uploads\/2024\/05\/icono-no-toxico-150x150.png 150w, https:\/\/eliminadordeolores.com\/wp-content\/uploads\/2024\/05\/icono-no-toxico-12x12.png 12w, https:\/\/eliminadordeolores.com\/wp-content\/uploads\/2024\/05\/icono-no-toxico-600x600.png 600w, https:\/\/eliminadordeolores.com\/wp-content\/uploads\/2024\/05\/icono-no-toxico-100x100.png 100w, https:\/\/eliminadordeolores.com\/wp-content\/uploads\/2024\/05\/icono-no-toxico.png 700w\" sizes=\"(max-width: 300px) 100vw, 300px\" \/>\t\t\t\t\t\t\t\t\t\t\t\t\t\t\t<\/div>\n\t\t\t\t<\/div>\n\t\t\t\t<div class=\"elementor-element elementor-element-6860fb0 elementor-widget elementor-widget-text-editor\" data-id=\"6860fb0\" data-element_type=\"widget\" data-e-type=\"widget\" data-widget_type=\"text-editor.default\">\n\t\t\t\t<div class=\"elementor-widget-container\">\n\t\t\t\t\t\t\t\t\t<p style=\"text-align: left;\">Nuestras soluciones cuidan la salud de las personas y respetan el entorno mientras eliminan los malos olores.<\/p>\t\t\t\t\t\t\t\t<\/div>\n\t\t\t\t<\/div>\n\t\t\t\t<\/div>\n\t\t\t\t<\/div>\n\t\t\t\t\t<\/div>\n\t\t\t\t<\/div>\n\t\t\t\t\t<\/div>\n\t\t\t\t<\/div>\n\t\t<div class=\"elementor-element elementor-element-016c552 e-flex e-con-boxed wpr-particle-no wpr-jarallax-no wpr-parallax-no wpr-sticky-section-no wpr-equal-height-no e-con e-parent\" data-id=\"016c552\" data-element_type=\"container\" data-e-type=\"container\">\n\t\t\t\t\t<div class=\"e-con-inner\">\n\t\t\t\t<div class=\"elementor-element elementor-element-11edd39 elementor-widget elementor-widget-heading\" data-id=\"11edd39\" data-element_type=\"widget\" data-e-type=\"widget\" data-widget_type=\"heading.default\">\n\t\t\t\t<div class=\"elementor-widget-container\">\n\t\t\t\t\t<h2 class=\"elementor-heading-title elementor-size-default\">CERTIFICADOS QUE NOS RESPALDAN:<\/h2>\t\t\t\t<\/div>\n\t\t\t\t<\/div>\n\t\t\t\t\t<\/div>\n\t\t\t\t<\/div>\n\t\t<div class=\"elementor-element elementor-element-d5ff697 e-grid e-con-boxed wpr-particle-no wpr-jarallax-no wpr-parallax-no wpr-sticky-section-no wpr-equal-height-no e-con e-parent\" data-id=\"d5ff697\" data-element_type=\"container\" data-e-type=\"container\">\n\t\t\t\t\t<div class=\"e-con-inner\">\n\t\t<div class=\"elementor-element elementor-element-0736d37 e-con-full e-flex wpr-particle-no wpr-jarallax-no wpr-parallax-no wpr-sticky-section-no wpr-equal-height-no e-con e-child\" data-id=\"0736d37\" data-element_type=\"container\" data-e-type=\"container\">\n\t\t\t\t<div class=\"elementor-element elementor-element-6ba521b elementor-widget__width-initial elementor-widget elementor-widget-text-editor\" data-id=\"6ba521b\" data-element_type=\"widget\" data-e-type=\"widget\" data-widget_type=\"text-editor.default\">\n\t\t\t\t<div class=\"elementor-widget-container\">\n\t\t\t\t\t\t\t\t\t<p><strong data-start=\"86\" data-end=\"175\">Los siguientes certificados respaldan la calidad y el compromiso ambiental de T-ODOR.<\/strong> Cada documento acredita la seguridad, biodegradabilidad y efectividad de nuestras soluciones, reflejando el esfuerzo continuo de T-ODOR por ofrecer productos innovadores, sostenibles y respetuosos con el medio ambiente.<\/p><p>\u00a0<\/p><p>Adicionalmente contamos con la certificaci\u00f3n INVIMA, que avala que nuestros productos cumplen con los m\u00e1s altos est\u00e1ndares de calidad y seguridad en Colombia.<\/p><p>\u00a0<\/p><p><img decoding=\"async\" class=\"alignnone size-medium wp-image-2530\" src=\"http:\/\/eliminadordeolores.com\/wp-content\/uploads\/2025\/10\/Invima-Logo-Vector.svg--300x122.png\" alt=\"\" width=\"300\" height=\"122\" srcset=\"https:\/\/eliminadordeolores.com\/wp-content\/uploads\/2025\/10\/Invima-Logo-Vector.svg--300x122.png 300w, https:\/\/eliminadordeolores.com\/wp-content\/uploads\/2025\/10\/Invima-Logo-Vector.svg--1024x417.png 1024w, https:\/\/eliminadordeolores.com\/wp-content\/uploads\/2025\/10\/Invima-Logo-Vector.svg--768x313.png 768w, https:\/\/eliminadordeolores.com\/wp-content\/uploads\/2025\/10\/Invima-Logo-Vector.svg--1536x625.png 1536w, https:\/\/eliminadordeolores.com\/wp-content\/uploads\/2025\/10\/Invima-Logo-Vector.svg--18x7.png 18w, https:\/\/eliminadordeolores.com\/wp-content\/uploads\/2025\/10\/Invima-Logo-Vector.svg--600x244.png 600w, https:\/\/eliminadordeolores.com\/wp-content\/uploads\/2025\/10\/Invima-Logo-Vector.svg-.png 1875w\" sizes=\"(max-width: 300px) 100vw, 300px\" \/><\/p>\t\t\t\t\t\t\t\t<\/div>\n\t\t\t\t<\/div>\n\t\t\t\t<\/div>\n\t\t<div class=\"elementor-element elementor-element-71a8f57 e-con-full e-flex wpr-particle-no wpr-jarallax-no wpr-parallax-no wpr-sticky-section-no wpr-equal-height-no e-con e-child\" data-id=\"71a8f57\" data-element_type=\"container\" data-e-type=\"container\">\n\t\t\t\t<div class=\"elementor-element elementor-element-68bb311 elementor-widget__width-initial elementor-widget elementor-widget-text-editor\" data-id=\"68bb311\" data-element_type=\"widget\" data-e-type=\"widget\" data-widget_type=\"text-editor.default\">\n\t\t\t\t<div class=\"elementor-widget-container\">\n\t\t\t\t\t\t\t\t\t<ul><li><a style=\"font-size: 25px; font-family: &#039;Libre Franklin&#039;, sans-serif; text-transform: none; font-weight: normal;\" href=\"https:\/\/drive.google.com\/file\/d\/1vdatYykB-DE7f4mABfzBOMpFfZN4oJ9e\/view?usp=drive_link\" target=\"_blank\" rel=\"noopener\">Certificado de Toxicidad<\/a><\/li><li><a style=\"font-size: 25px; font-family: &#039;Libre Franklin&#039;, sans-serif; text-transform: none; font-weight: normal;\" href=\"https:\/\/drive.google.com\/file\/d\/1xiZr5GAUCsZqvorrtyQrrIoGxa1HLIvB\/view?usp=drive_link\" target=\"_blank\" rel=\"noopener\">Biodegrabilidad Soluci\u00f3n Molecular I &#8211; Yellow<\/a><\/li><li><a style=\"font-family: &#039;Libre Franklin&#039;, sans-serif; font-weight: normal; text-transform: none;\" href=\"https:\/\/drive.google.com\/file\/d\/12Bz9ZqNvXVk9q9VsfuLx9Lc07u_c05CD\/view?usp=drive_link\" target=\"_blank\" rel=\"noopener\">Biodegrabilidad Soluci\u00f3n Molecular II &#8211; Blue<\/a><\/li><li><a style=\"font-family: &#039;Libre Franklin&#039;, sans-serif; font-weight: normal; text-transform: none;\" href=\"https:\/\/drive.google.com\/file\/d\/1xcLnnahsPz9vnyH3Oa09JRGMtDPkf9Qs\/view?usp=drive_link\" target=\"_blank\" rel=\"noopener\">Biodegrabilidad Soluci\u00f3n Molecular III &#8211; Green<\/a><\/li><li><a style=\"font-family: &#039;Libre Franklin&#039;, sans-serif; font-weight: normal; text-transform: none;\" href=\"https:\/\/drive.google.com\/file\/d\/1ssd5mpY7mvTl8nqTHeO1I3pBt9PndUO9\/view?usp=drive_link\" target=\"_blank\" rel=\"noopener\">Biodegrabilidad Soluci\u00f3n Molecular IV &#8211; Red<\/a><\/li><li><a style=\"font-family: &#039;Libre Franklin&#039;, sans-serif; font-weight: normal; text-transform: none;\" href=\"https:\/\/drive.google.com\/file\/d\/18OKHv7vAMmbMPyoUN70yy4DnyG3EOlyS\/view?usp=drive_link\" target=\"_blank\" rel=\"noopener\">Biodegrabilidad Down<\/a><\/li><li><a style=\"font-family: &#039;Libre Franklin&#039;, sans-serif; font-weight: normal; text-transform: none;\" href=\"https:\/\/drive.google.com\/file\/d\/143mNssCbDDi33TBqxeWD41SVWRW7cF1k\/view?usp=sharing\" target=\"_blank\" rel=\"noopener\">Capa de ozono<\/a><\/li><\/ul>\t\t\t\t\t\t\t\t<\/div>\n\t\t\t\t<\/div>\n\t\t\t\t<\/div>\n\t\t\t\t\t<\/div>\n\t\t\t\t<\/div>\n\t\t<div class=\"elementor-element elementor-element-fbcea90 e-flex e-con-boxed wpr-particle-no wpr-jarallax-no wpr-parallax-no wpr-sticky-section-no wpr-equal-height-no e-con e-parent\" data-id=\"fbcea90\" data-element_type=\"container\" data-e-type=\"container\">\n\t\t\t\t\t<div class=\"e-con-inner\">\n\t\t<div class=\"elementor-element elementor-element-826f163 e-con-full e-flex wpr-particle-no wpr-jarallax-no wpr-parallax-no wpr-sticky-section-no wpr-equal-height-no e-con e-child\" data-id=\"826f163\" data-element_type=\"container\" data-e-type=\"container\">\n\t\t\t\t<div class=\"elementor-element elementor-element-ba79b4e elementor-widget elementor-widget-text-editor\" data-id=\"ba79b4e\" data-element_type=\"widget\" data-e-type=\"widget\" data-widget_type=\"text-editor.default\">\n\t\t\t\t<div class=\"elementor-widget-container\">\n\t\t\t\t\t\t\t\t\t<p>Si desea m\u00e1s informaci\u00f3n sobre nuestros productos o certificaciones, no dude en contactarnos a <strong>info@t-odor.com<\/strong>\u00a0. Estaremos encantados de atenderle y ofrecerle la asesor\u00eda que necesite.<\/p>\t\t\t\t\t\t\t\t<\/div>\n\t\t\t\t<\/div>\n\t\t\t\t<\/div>\n\t\t\t\t\t<\/div>\n\t\t\t\t<\/div>\n\t\t<div class=\"elementor-element elementor-element-166251b e-flex e-con-boxed wpr-particle-no wpr-jarallax-no wpr-parallax-no wpr-sticky-section-no wpr-equal-height-no e-con e-parent\" data-id=\"166251b\" data-element_type=\"container\" data-e-type=\"container\">\n\t\t\t\t\t<div class=\"e-con-inner\">\n\t\t\t\t\t<\/div>\n\t\t\t\t<\/div>\n\t\t\t\t<\/div>","protected":false},"excerpt":{"rendered":"<p>T-ODOR es Eco-Friendly &amp; Safe\u200b Nuestros productos son altamente efectivos, responsables con el medio ambiente y seguros para las personas y los animales. En T-ODOR creemos que la calidad es integridad, por eso desarrollamos soluciones sostenibles que garantizan resultados reales sin afectar la salud ni el entorno. Eco-Friendly Nuestras Soluciones Moleculares est\u00e1n hechas con ingredientes vegetales, sin colorantes, enzimas, biocidas, alcoholes, ni CFCs y nuestros envases son reutilizables y reciclables. No t\u00f3xico Nuestras soluciones cuidan la salud de las personas y respetan el entorno mientras eliminan los malos olores. CERTIFICADOS QUE NOS RESPALDAN: Los siguientes certificados respaldan la calidad y el compromiso ambiental de T-ODOR. Cada documento acredita la seguridad, biodegradabilidad y efectividad de nuestras soluciones, reflejando el esfuerzo continuo de T-ODOR por ofrecer productos innovadores, sostenibles y respetuosos con el medio ambiente. \u00a0 Adicionalmente contamos con la certificaci\u00f3n INVIMA, que avala que nuestros productos cumplen con los m\u00e1s altos est\u00e1ndares de calidad y seguridad en Colombia. \u00a0 Certificado de Toxicidad Biodegrabilidad Soluci\u00f3n Molecular I &#8211; Yellow Biodegrabilidad Soluci\u00f3n Molecular II &#8211; Blue Biodegrabilidad Soluci\u00f3n Molecular III &#8211; Green Biodegrabilidad Soluci\u00f3n Molecular IV &#8211; Red Biodegrabilidad Down Capa de ozono Si desea m\u00e1s informaci\u00f3n sobre nuestros productos o certificaciones, no dude en contactarnos a info@t-odor.com\u00a0. Estaremos encantados de atenderle y ofrecerle la asesor\u00eda que necesite.<\/p>","protected":false},"author":1,"featured_media":0,"parent":0,"menu_order":0,"comment_status":"closed","ping_status":"closed","template":"","meta":{"content-type":"","footnotes":""},"class_list":["post-2204","page","type-page","status-publish","hentry"],"_links":{"self":[{"href":"https:\/\/eliminadordeolores.com\/en\/wp-json\/wp\/v2\/pages\/2204","targetHints":{"allow":["GET"]}}],"collection":[{"href":"https:\/\/eliminadordeolores.com\/en\/wp-json\/wp\/v2\/pages"}],"about":[{"href":"https:\/\/eliminadordeolores.com\/en\/wp-json\/wp\/v2\/types\/page"}],"author":[{"embeddable":true,"href":"https:\/\/eliminadordeolores.com\/en\/wp-json\/wp\/v2\/users\/1"}],"replies":[{"embeddable":true,"href":"https:\/\/eliminadordeolores.com\/en\/wp-json\/wp\/v2\/comments?post=2204"}],"version-history":[{"count":85,"href":"https:\/\/eliminadordeolores.com\/en\/wp-json\/wp\/v2\/pages\/2204\/revisions"}],"predecessor-version":[{"id":2573,"href":"https:\/\/eliminadordeolores.com\/en\/wp-json\/wp\/v2\/pages\/2204\/revisions\/2573"}],"wp:attachment":[{"href":"https:\/\/eliminadordeolores.com\/en\/wp-json\/wp\/v2\/media?parent=2204"}],"curies":[{"name":"wp","href":"https:\/\/api.w.org\/{rel}","templated":true}]}}