{"id":2027,"date":"2025-07-05T11:20:49","date_gmt":"2025-07-05T11:20:49","guid":{"rendered":"https:\/\/eliminadordeolores.com\/?page_id=2027"},"modified":"2025-11-05T12:43:27","modified_gmt":"2025-11-05T12:43:27","slug":"formulas-xt-concentraciones-para-vapor-t","status":"publish","type":"page","link":"https:\/\/eliminadordeolores.com\/en\/formulas-xt-concentraciones-para-vapor-t\/","title":{"rendered":"Formulas XT &#8211; Concentraciones para VAPOR-T"},"content":{"rendered":"<div data-elementor-type=\"wp-page\" data-elementor-id=\"2027\" class=\"elementor elementor-2027\">\n\t\t\t\t<div class=\"elementor-element elementor-element-910bc03 e-flex e-con-boxed wpr-particle-no wpr-jarallax-no wpr-parallax-no wpr-sticky-section-no wpr-equal-height-no e-con e-parent\" data-id=\"910bc03\" data-element_type=\"container\" data-e-type=\"container\">\n\t\t\t\t\t<div class=\"e-con-inner\">\n\t\t\t\t\t<\/div>\n\t\t\t\t<\/div>\n\t\t<div class=\"elementor-element elementor-element-d61a274 e-con-full e-flex wpr-particle-no wpr-jarallax-no wpr-parallax-no wpr-sticky-section-no wpr-equal-height-no e-con e-parent\" data-id=\"d61a274\" data-element_type=\"container\" data-e-type=\"container\">\n\t\t<div class=\"elementor-element elementor-element-84656fd e-con-full e-flex wpr-particle-no wpr-jarallax-no wpr-parallax-no wpr-sticky-section-no wpr-equal-height-no e-con e-child\" data-id=\"84656fd\" data-element_type=\"container\" data-e-type=\"container\">\n\t\t\t\t<div class=\"elementor-element elementor-element-ee12a1c elementor-arrows-position-outside elementor-hidden-tablet elementor-hidden-mobile elementor-widget__width-initial elementor-pagination-position-outside elementor-widget elementor-widget-image-carousel\" data-id=\"ee12a1c\" data-element_type=\"widget\" data-e-type=\"widget\" data-settings=\"{&quot;slides_to_show&quot;:&quot;1&quot;,&quot;slides_to_show_tablet&quot;:&quot;3&quot;,&quot;navigation&quot;:&quot;both&quot;,&quot;autoplay&quot;:&quot;yes&quot;,&quot;pause_on_hover&quot;:&quot;yes&quot;,&quot;pause_on_interaction&quot;:&quot;yes&quot;,&quot;autoplay_speed&quot;:5000,&quot;infinite&quot;:&quot;yes&quot;,&quot;effect&quot;:&quot;slide&quot;,&quot;speed&quot;:500}\" data-widget_type=\"image-carousel.default\">\n\t\t\t\t<div class=\"elementor-widget-container\">\n\t\t\t\t\t\t\t<div class=\"elementor-image-carousel-wrapper swiper\" role=\"region\" aria-roledescription=\"carousel\" aria-label=\"Carrusel de im\u00e1genes\" dir=\"ltr\">\n\t\t\t<div class=\"elementor-image-carousel swiper-wrapper swiper-image-stretch\" aria-live=\"off\">\n\t\t\t\t\t\t\t\t<div class=\"swiper-slide\" role=\"group\" aria-roledescription=\"slide\" aria-label=\"1 of 3\"><figure class=\"swiper-slide-inner\"><img decoding=\"async\" class=\"swiper-slide-image\" src=\"https:\/\/eliminadordeolores.com\/wp-content\/uploads\/2025\/07\/Mesa-de-trabajo-7.png\" alt=\"F\u00f3rmula 10X Green\" \/><\/figure><\/div><div class=\"swiper-slide\" role=\"group\" aria-roledescription=\"slide\" aria-label=\"2 of 3\"><figure class=\"swiper-slide-inner\"><img decoding=\"async\" class=\"swiper-slide-image\" src=\"https:\/\/eliminadordeolores.com\/wp-content\/uploads\/2025\/07\/Mesa-de-trabajo-1-copia-8.png\" alt=\"Mesa de trabajo 1 copia 8\" \/><\/figure><\/div><div class=\"swiper-slide\" role=\"group\" aria-roledescription=\"slide\" aria-label=\"3 of 3\"><figure class=\"swiper-slide-inner\"><img decoding=\"async\" class=\"swiper-slide-image\" src=\"https:\/\/eliminadordeolores.com\/wp-content\/uploads\/2025\/07\/Mesa-de-trabajo-1-copia-4-1.png\" alt=\"F\u00f3rmula 10XT PLUS Green\" \/><\/figure><\/div>\t\t\t<\/div>\n\t\t\t\t\t\t\t\t\t\t\t\t<div class=\"elementor-swiper-button elementor-swiper-button-prev\" role=\"button\" tabindex=\"0\">\n\t\t\t\t\t\t<svg aria-hidden=\"true\" class=\"e-font-icon-svg e-fas-chevron-circle-left\" viewbox=\"0 0 512 512\" xmlns=\"http:\/\/www.w3.org\/2000\/svg\"><path d=\"M256 504C119 504 8 393 8 256S119 8 256 8s248 111 248 248-111 248-248 248zM142.1 273l135.5 135.5c9.4 9.4 24.6 9.4 33.9 0l17-17c9.4-9.4 9.4-24.6 0-33.9L226.9 256l101.6-101.6c9.4-9.4 9.4-24.6 0-33.9l-17-17c-9.4-9.4-24.6-9.4-33.9 0L142.1 239c-9.4 9.4-9.4 24.6 0 34z\"><\/path><\/svg>\t\t\t\t\t<\/div>\n\t\t\t\t\t<div class=\"elementor-swiper-button elementor-swiper-button-next\" role=\"button\" tabindex=\"0\">\n\t\t\t\t\t\t<svg aria-hidden=\"true\" class=\"e-font-icon-svg e-fas-chevron-circle-right\" viewbox=\"0 0 512 512\" xmlns=\"http:\/\/www.w3.org\/2000\/svg\"><path d=\"M256 8c137 0 248 111 248 248S393 504 256 504 8 393 8 256 119 8 256 8zm113.9 231L234.4 103.5c-9.4-9.4-24.6-9.4-33.9 0l-17 17c-9.4 9.4-9.4 24.6 0 33.9L285.1 256 183.5 357.6c-9.4 9.4-9.4 24.6 0 33.9l17 17c9.4 9.4 24.6 9.4 33.9 0L369.9 273c9.4-9.4 9.4-24.6 0-34z\"><\/path><\/svg>\t\t\t\t\t<\/div>\n\t\t\t\t\n\t\t\t\t\t\t\t\t\t<div class=\"swiper-pagination\"><\/div>\n\t\t\t\t\t\t\t\t\t<\/div>\n\t\t\t\t\t\t<\/div>\n\t\t\t\t<\/div>\n\t\t<div class=\"elementor-element elementor-element-0b4c7a5 hiddenNotLogged e-flex e-con-boxed wpr-particle-no wpr-jarallax-no wpr-parallax-no wpr-sticky-section-no wpr-equal-height-no e-con e-child\" data-id=\"0b4c7a5\" data-element_type=\"container\" data-e-type=\"container\">\n\t\t\t\t\t<div class=\"e-con-inner\">\n\t\t\t\t<div class=\"elementor-element elementor-element-efcc6a9 elementor-position-left elementor-vertical-align-middle elementor-widget elementor-widget-image-box\" data-id=\"efcc6a9\" data-element_type=\"widget\" data-e-type=\"widget\" data-widget_type=\"image-box.default\">\n\t\t\t\t<div class=\"elementor-widget-container\">\n\t\t\t\t\t<div class=\"elementor-image-box-wrapper\"><figure class=\"elementor-image-box-img\"><img decoding=\"async\" width=\"177\" height=\"234\" src=\"https:\/\/eliminadordeolores.com\/wp-content\/uploads\/2024\/05\/ONE-Producto.png\" class=\"attachment-full size-full wp-image-239\" alt=\"\" srcset=\"https:\/\/eliminadordeolores.com\/wp-content\/uploads\/2024\/05\/ONE-Producto.png 177w, https:\/\/eliminadordeolores.com\/wp-content\/uploads\/2024\/05\/ONE-Producto-9x12.png 9w\" sizes=\"(max-width: 177px) 100vw, 177px\" \/><\/figure><div class=\"elementor-image-box-content\"><p class=\"elementor-image-box-description\">TRY OUR PRODUCTS, <a href=\"\/en\/solicitud-de-muestra\/\">ASK FOR YOUR FREE SAMPLE.<\/a><\/p><\/div><\/div>\t\t\t\t<\/div>\n\t\t\t\t<\/div>\n\t\t\t\t\t<\/div>\n\t\t\t\t<\/div>\n\t\t\t\t<\/div>\n\t\t<div class=\"elementor-element elementor-element-52e0d72 e-con-full e-flex wpr-particle-no wpr-jarallax-no wpr-parallax-no wpr-sticky-section-no wpr-equal-height-no e-con e-child\" data-id=\"52e0d72\" data-element_type=\"container\" data-e-type=\"container\">\n\t\t<div class=\"elementor-element elementor-element-32401a6 e-flex e-con-boxed wpr-particle-no wpr-jarallax-no wpr-parallax-no wpr-sticky-section-no wpr-equal-height-no e-con e-child\" data-id=\"32401a6\" data-element_type=\"container\" data-e-type=\"container\">\n\t\t\t\t\t<div class=\"e-con-inner\">\n\t\t\t\t<div class=\"elementor-element elementor-element-263a41b elementor-widget elementor-widget-text-editor\" data-id=\"263a41b\" data-element_type=\"widget\" data-e-type=\"widget\" data-widget_type=\"text-editor.default\">\n\t\t\t\t<div class=\"elementor-widget-container\">\n\t\t\t\t\t\t\t\t\t<p><strong>DESCRIPTION<\/strong><\/p>\t\t\t\t\t\t\t\t<\/div>\n\t\t\t\t<\/div>\n\t\t\t\t<div class=\"elementor-element elementor-element-9299173 elementor-widget-divider--view-line elementor-widget elementor-widget-divider\" data-id=\"9299173\" data-element_type=\"widget\" data-e-type=\"widget\" data-widget_type=\"divider.default\">\n\t\t\t\t<div class=\"elementor-widget-container\">\n\t\t\t\t\t\t\t<div class=\"elementor-divider\">\n\t\t\t<span class=\"elementor-divider-separator\">\n\t\t\t\t\t\t<\/span>\n\t\t<\/div>\n\t\t\t\t\t\t<\/div>\n\t\t\t\t<\/div>\n\t\t\t\t<div class=\"elementor-element elementor-element-2ad1ae2 elementor-widget elementor-widget-text-editor\" data-id=\"2ad1ae2\" data-element_type=\"widget\" data-e-type=\"widget\" data-widget_type=\"text-editor.default\">\n\t\t\t\t<div class=\"elementor-widget-container\">\n\t\t\t\t\t\t\t\t\t<p>Hidrosolubles especialmente dise\u00f1ados para el sistema VAPOR-T. Cada f\u00f3rmula concentrada se convierte en una herramienta de alto rendimiento para la neutralizaci\u00f3n molecular de olores en grandes areas.<\/p><p>Disponibles en tres concentraciones: 10X, 10T y 10XT PLUS, formuladas para actuar de manera precisa seg\u00fan dos criterios especificos:<\/p><ul><li>Intensidad\u00a0<span style=\"font-size: 1rem;\">\u00a0\u00bfQu\u00e9 tan fuerte es el olor?<\/span><\/li><li>Tono hed\u00f3nico &#8211; \u00bfQu\u00e9 tan desagradable es el olor?<\/li><\/ul>\t\t\t\t\t\t\t\t<\/div>\n\t\t\t\t<\/div>\n\t\t\t\t\t<\/div>\n\t\t\t\t<\/div>\n\t\t<div class=\"elementor-element elementor-element-e2f4fb0 e-flex e-con-boxed wpr-particle-no wpr-jarallax-no wpr-parallax-no wpr-sticky-section-no wpr-equal-height-no e-con e-child\" data-id=\"e2f4fb0\" data-element_type=\"container\" data-e-type=\"container\">\n\t\t\t\t\t<div class=\"e-con-inner\">\n\t\t\t\t<div class=\"elementor-element elementor-element-305f8fe elementor-widget elementor-widget-text-editor\" data-id=\"305f8fe\" data-element_type=\"widget\" data-e-type=\"widget\" data-widget_type=\"text-editor.default\">\n\t\t\t\t<div class=\"elementor-widget-container\">\n\t\t\t\t\t\t\t\t\t<p><strong>FORMAT<\/strong><\/p>\t\t\t\t\t\t\t\t<\/div>\n\t\t\t\t<\/div>\n\t\t\t\t<div class=\"elementor-element elementor-element-0dc117b elementor-widget-divider--view-line elementor-widget elementor-widget-divider\" data-id=\"0dc117b\" data-element_type=\"widget\" data-e-type=\"widget\" data-widget_type=\"divider.default\">\n\t\t\t\t<div class=\"elementor-widget-container\">\n\t\t\t\t\t\t\t<div class=\"elementor-divider\">\n\t\t\t<span class=\"elementor-divider-separator\">\n\t\t\t\t\t\t<\/span>\n\t\t<\/div>\n\t\t\t\t\t\t<\/div>\n\t\t\t\t<\/div>\n\t\t\t\t<div class=\"elementor-element elementor-element-1b38a89 elementor-widget elementor-widget-text-editor\" data-id=\"1b38a89\" data-element_type=\"widget\" data-e-type=\"widget\" data-widget_type=\"text-editor.default\">\n\t\t\t\t<div class=\"elementor-widget-container\">\n\t\t\t\t\t\t\t\t\t<ul><li>250 ml (8 oz)\u00a0<\/li><li>500 ml (17oz) Gatillo<\/li><\/ul>\t\t\t\t\t\t\t\t<\/div>\n\t\t\t\t<\/div>\n\t\t\t\t\t<\/div>\n\t\t\t\t<\/div>\n\t\t<div class=\"elementor-element elementor-element-e411313 e-flex e-con-boxed wpr-particle-no wpr-jarallax-no wpr-parallax-no wpr-sticky-section-no wpr-equal-height-no e-con e-child\" data-id=\"e411313\" data-element_type=\"container\" data-e-type=\"container\">\n\t\t\t\t\t<div class=\"e-con-inner\">\n\t\t\t\t<div class=\"elementor-element elementor-element-94b15e5 elementor-widget elementor-widget-text-editor\" data-id=\"94b15e5\" data-element_type=\"widget\" data-e-type=\"widget\" data-widget_type=\"text-editor.default\">\n\t\t\t\t<div class=\"elementor-widget-container\">\n\t\t\t\t\t\t\t\t\t<p><strong>MOLECULAR SOLUTIONS<\/strong><\/p>\t\t\t\t\t\t\t\t<\/div>\n\t\t\t\t<\/div>\n\t\t\t\t<div class=\"elementor-element elementor-element-b07f758 elementor-widget-divider--view-line elementor-widget elementor-widget-divider\" data-id=\"b07f758\" data-element_type=\"widget\" data-e-type=\"widget\" data-widget_type=\"divider.default\">\n\t\t\t\t<div class=\"elementor-widget-container\">\n\t\t\t\t\t\t\t<div class=\"elementor-divider\">\n\t\t\t<span class=\"elementor-divider-separator\">\n\t\t\t\t\t\t<\/span>\n\t\t<\/div>\n\t\t\t\t\t\t<\/div>\n\t\t\t\t<\/div>\n\t\t\t\t<div class=\"elementor-element elementor-element-72ea72c elementor-widget elementor-widget-text-editor\" data-id=\"72ea72c\" data-element_type=\"widget\" data-e-type=\"widget\" data-widget_type=\"text-editor.default\">\n\t\t\t\t<div class=\"elementor-widget-container\">\n\t\t\t\t\t\t\t\t\t<ul><li><a href=\"\/en\/i-solucion-molecular\/\" target=\"_blank\" rel=\"noopener\">I - Molecular Solution<\/a><\/li><li><a href=\"\/en\/ii-solucion-molecular\/\" target=\"_blank\" rel=\"noopener\">II - Molecular Solution<\/a><\/li><li><a href=\"\/en\/iii-solucion-molecular\/\" target=\"_blank\" rel=\"noopener\">III \u2013 Molecular Solution<\/a><\/li><li><a href=\"\/en\/iv-solucion-molecular\/\" target=\"_blank\" rel=\"noopener\">IV &#8211; Soluci\u00f3n Molecular<\/a><\/li><\/ul>\t\t\t\t\t\t\t\t<\/div>\n\t\t\t\t<\/div>\n\t\t\t\t\t<\/div>\n\t\t\t\t<\/div>\n\t\t\t\t<\/div>\n\t\t\t\t<\/div>\n\t\t<div class=\"elementor-element elementor-element-fbcfcd0 e-flex e-con-boxed wpr-particle-no wpr-jarallax-no wpr-parallax-no wpr-sticky-section-no wpr-equal-height-no e-con e-parent\" data-id=\"fbcfcd0\" data-element_type=\"container\" data-e-type=\"container\">\n\t\t\t\t\t<div class=\"e-con-inner\">\n\t\t\t\t<div class=\"elementor-element elementor-element-a0612a7 elementor-widget elementor-widget-heading\" data-id=\"a0612a7\" data-element_type=\"widget\" data-e-type=\"widget\" data-widget_type=\"heading.default\">\n\t\t\t\t<div class=\"elementor-widget-container\">\n\t\t\t\t\t<h2 class=\"elementor-heading-title elementor-size-default\">\u00bfC\u00f3mo seleccionar la concentraci\u00f3n adecuada?<\/h2>\t\t\t\t<\/div>\n\t\t\t\t<\/div>\n\t\t<div class=\"elementor-element elementor-element-a8720b5 e-grid e-con-full wpr-particle-no wpr-jarallax-no wpr-parallax-no wpr-sticky-section-no wpr-equal-height-no e-con e-child\" data-id=\"a8720b5\" data-element_type=\"container\" data-e-type=\"container\">\n\t\t\t\t<div class=\"elementor-element elementor-element-e8b437b elementor-widget elementor-widget-image\" data-id=\"e8b437b\" data-element_type=\"widget\" data-e-type=\"widget\" data-widget_type=\"image.default\">\n\t\t\t\t<div class=\"elementor-widget-container\">\n\t\t\t\t\t\t\t\t\t\t\t\t\t\t\t<img fetchpriority=\"high\" decoding=\"async\" width=\"800\" height=\"800\" src=\"https:\/\/eliminadordeolores.com\/wp-content\/uploads\/2025\/07\/Mesa-de-trabajo-25.png\" class=\"attachment-large size-large wp-image-2122\" alt=\"\" srcset=\"https:\/\/eliminadordeolores.com\/wp-content\/uploads\/2025\/07\/Mesa-de-trabajo-25.png 801w, https:\/\/eliminadordeolores.com\/wp-content\/uploads\/2025\/07\/Mesa-de-trabajo-25-300x300.png 300w, https:\/\/eliminadordeolores.com\/wp-content\/uploads\/2025\/07\/Mesa-de-trabajo-25-150x150.png 150w, https:\/\/eliminadordeolores.com\/wp-content\/uploads\/2025\/07\/Mesa-de-trabajo-25-768x768.png 768w, https:\/\/eliminadordeolores.com\/wp-content\/uploads\/2025\/07\/Mesa-de-trabajo-25-12x12.png 12w, https:\/\/eliminadordeolores.com\/wp-content\/uploads\/2025\/07\/Mesa-de-trabajo-25-600x600.png 600w, https:\/\/eliminadordeolores.com\/wp-content\/uploads\/2025\/07\/Mesa-de-trabajo-25-100x100.png 100w\" sizes=\"(max-width: 800px) 100vw, 800px\" \/>\t\t\t\t\t\t\t\t\t\t\t\t\t\t\t<\/div>\n\t\t\t\t<\/div>\n\t\t\t\t<div class=\"elementor-element elementor-element-e74bfaa elementor-widget elementor-widget-text-editor\" data-id=\"e74bfaa\" data-element_type=\"widget\" data-e-type=\"widget\" data-widget_type=\"text-editor.default\">\n\t\t\t\t<div class=\"elementor-widget-container\">\n\t\t\t\t\t\t\t\t\t<p><strong>Concentraci\u00f3n 10 X<\/strong><\/p><p>1. Intensidad: Olores leves<\/p><p>2. Tono Hed\u00f3nico: Olores tolerables<\/p><p>La soluci\u00f3n deja un leve olor agradable\u00a0en el ambiente.<\/p><p>\u00a0<\/p><p><strong>Concentraci\u00f3n 10 T<\/strong><\/p><p>1. Intensidad: Olores moderados<\/p><p>2. Tono Hed\u00f3nico: Olores molestos\u00a0<\/p><p>La soluci\u00f3n deja un ligero olor agradable en el ambiente.<\/p><p>\u00a0<\/p><p><strong>Concentraci\u00f3n 10 XT PLUS<\/strong><\/p><p>1. Intensidad: Olores fuertes<\/p><p>2. Tono Hed\u00f3nico: Olores repulsivos<\/p><p>La soluci\u00f3n deja un persistente olor agradable\u00a0en el ambiente.<\/p>\t\t\t\t\t\t\t\t<\/div>\n\t\t\t\t<\/div>\n\t\t\t\t<\/div>\n\t\t\t\t\t<\/div>\n\t\t\t\t<\/div>\n\t\t\t\t<\/div>","protected":false},"excerpt":{"rendered":"<p>PRUEBA NUESTROS PRODUCTOS, PIDE TU MUESTRA GRATIS. DESCRIPCI\u00d3N Hidrosolubles especialmente dise\u00f1ados para el sistema VAPOR-T. Cada f\u00f3rmula concentrada se convierte en una herramienta de alto rendimiento para la neutralizaci\u00f3n molecular de olores en grandes areas. Disponibles en tres concentraciones: 10X, 10T y 10XT PLUS, formuladas para actuar de manera precisa seg\u00fan dos criterios especificos: Intensidad\u00a0\u00a0\u00bfQu\u00e9 tan fuerte es el olor? Tono hed\u00f3nico &#8211; \u00bfQu\u00e9 tan desagradable es el olor? FORMATO 250 ml (8 oz)\u00a0 500 ml (17oz) Gatillo SOLUCIONES MOLECULARES I &#8211; Soluci\u00f3n Molecular II &#8211; Soluci\u00f3n Molecular III &#8211; Soluci\u00f3n Molecular IV &#8211; Soluci\u00f3n Molecular \u00bfC\u00f3mo seleccionar la concentraci\u00f3n adecuada? Concentraci\u00f3n 10 X 1. Intensidad: Olores leves 2. Tono Hed\u00f3nico: Olores tolerables La soluci\u00f3n deja un leve olor agradable\u00a0en el ambiente. \u00a0 Concentraci\u00f3n 10 T 1. Intensidad: Olores moderados 2. Tono Hed\u00f3nico: Olores molestos\u00a0 La soluci\u00f3n deja un ligero olor agradable en el ambiente. \u00a0 Concentraci\u00f3n 10 XT PLUS 1. Intensidad: Olores fuertes 2. Tono Hed\u00f3nico: Olores repulsivos La soluci\u00f3n deja un persistente olor agradable\u00a0en el ambiente.<\/p>","protected":false},"author":1,"featured_media":0,"parent":0,"menu_order":0,"comment_status":"closed","ping_status":"closed","template":"","meta":{"content-type":"","footnotes":""},"class_list":["post-2027","page","type-page","status-publish","hentry"],"_links":{"self":[{"href":"https:\/\/eliminadordeolores.com\/en\/wp-json\/wp\/v2\/pages\/2027","targetHints":{"allow":["GET"]}}],"collection":[{"href":"https:\/\/eliminadordeolores.com\/en\/wp-json\/wp\/v2\/pages"}],"about":[{"href":"https:\/\/eliminadordeolores.com\/en\/wp-json\/wp\/v2\/types\/page"}],"author":[{"embeddable":true,"href":"https:\/\/eliminadordeolores.com\/en\/wp-json\/wp\/v2\/users\/1"}],"replies":[{"embeddable":true,"href":"https:\/\/eliminadordeolores.com\/en\/wp-json\/wp\/v2\/comments?post=2027"}],"version-history":[{"count":22,"href":"https:\/\/eliminadordeolores.com\/en\/wp-json\/wp\/v2\/pages\/2027\/revisions"}],"predecessor-version":[{"id":2719,"href":"https:\/\/eliminadordeolores.com\/en\/wp-json\/wp\/v2\/pages\/2027\/revisions\/2719"}],"wp:attachment":[{"href":"https:\/\/eliminadordeolores.com\/en\/wp-json\/wp\/v2\/media?parent=2027"}],"curies":[{"name":"wp","href":"https:\/\/api.w.org\/{rel}","templated":true}]}}