{"id":1673,"date":"2025-05-22T14:04:37","date_gmt":"2025-05-22T14:04:37","guid":{"rendered":"https:\/\/eliminadordeolores.com\/?page_id=1673"},"modified":"2025-09-03T14:43:19","modified_gmt":"2025-09-03T14:43:19","slug":"kit-hoteles","status":"publish","type":"page","link":"https:\/\/eliminadordeolores.com\/en\/kit-hoteles\/","title":{"rendered":"Kit Hoteles"},"content":{"rendered":"<div data-elementor-type=\"wp-page\" data-elementor-id=\"1673\" class=\"elementor elementor-1673\">\n\t\t\t\t<div class=\"elementor-element elementor-element-c786d88 e-flex e-con-boxed wpr-particle-no wpr-jarallax-no wpr-parallax-no wpr-sticky-section-no wpr-equal-height-no e-con e-parent\" data-id=\"c786d88\" data-element_type=\"container\" data-e-type=\"container\">\n\t\t\t\t\t<div class=\"e-con-inner\">\n\t\t<div class=\"elementor-element elementor-element-1df2286 e-grid e-con-full wpr-particle-no wpr-jarallax-no wpr-parallax-no wpr-sticky-section-no wpr-equal-height-no e-con e-child\" data-id=\"1df2286\" data-element_type=\"container\" data-e-type=\"container\">\n\t\t<div class=\"elementor-element elementor-element-8c395ee e-con-full e-flex wpr-particle-no wpr-jarallax-no wpr-parallax-no wpr-sticky-section-no wpr-equal-height-no e-con e-child\" data-id=\"8c395ee\" data-element_type=\"container\" data-e-type=\"container\">\n\t\t<div class=\"elementor-element elementor-element-08bdef0 e-con-full e-flex wpr-particle-no wpr-jarallax-no wpr-parallax-no wpr-sticky-section-no wpr-equal-height-no e-con e-child\" data-id=\"08bdef0\" data-element_type=\"container\" data-e-type=\"container\">\n\t\t\t\t<\/div>\n\t\t\t\t<div class=\"elementor-element elementor-element-62e46ad elementor-widget elementor-widget-text-editor\" data-id=\"62e46ad\" data-element_type=\"widget\" data-e-type=\"widget\" data-widget_type=\"text-editor.default\">\n\t\t\t\t<div class=\"elementor-widget-container\">\n\t\t\t\t\t\t\t\t\t<p style=\"text-align: center;\">\u00a0<strong>\u00bfPROBLEMAS CON\u00a0<\/strong><strong>LOS MALOS OLORES\u00a0<\/strong><strong>EN SU HOTEL?<\/strong><\/p><p style=\"text-align: center;\">\u00a0<\/p>\t\t\t\t\t\t\t\t<\/div>\n\t\t\t\t<\/div>\n\t\t\t\t<\/div>\n\t\t\t\t<div class=\"elementor-element elementor-element-7786401 elementor-widget elementor-widget-image\" data-id=\"7786401\" data-element_type=\"widget\" data-e-type=\"widget\" data-widget_type=\"image.default\">\n\t\t\t\t<div class=\"elementor-widget-container\">\n\t\t\t\t\t\t\t\t\t\t\t\t\t\t\t<img fetchpriority=\"high\" decoding=\"async\" width=\"1043\" height=\"605\" src=\"https:\/\/eliminadordeolores.com\/wp-content\/uploads\/2025\/05\/WEB-SITE-T-ODOR.jpg\" class=\"attachment-full size-full wp-image-1867\" alt=\"\" srcset=\"https:\/\/eliminadordeolores.com\/wp-content\/uploads\/2025\/05\/WEB-SITE-T-ODOR.jpg 1043w, https:\/\/eliminadordeolores.com\/wp-content\/uploads\/2025\/05\/WEB-SITE-T-ODOR-300x174.jpg 300w, https:\/\/eliminadordeolores.com\/wp-content\/uploads\/2025\/05\/WEB-SITE-T-ODOR-1024x594.jpg 1024w, https:\/\/eliminadordeolores.com\/wp-content\/uploads\/2025\/05\/WEB-SITE-T-ODOR-768x445.jpg 768w, https:\/\/eliminadordeolores.com\/wp-content\/uploads\/2025\/05\/WEB-SITE-T-ODOR-18x10.jpg 18w, https:\/\/eliminadordeolores.com\/wp-content\/uploads\/2025\/05\/WEB-SITE-T-ODOR-600x348.jpg 600w\" sizes=\"(max-width: 1043px) 100vw, 1043px\" \/>\t\t\t\t\t\t\t\t\t\t\t\t\t\t\t<\/div>\n\t\t\t\t<\/div>\n\t\t\t\t<\/div>\n\t\t\t\t\t<\/div>\n\t\t\t\t<\/div>\n\t\t<div class=\"elementor-element elementor-element-98d797e e-con-full e-flex wpr-particle-no wpr-jarallax-no wpr-parallax-no wpr-sticky-section-no wpr-equal-height-no elementor-invisible e-con e-parent\" data-id=\"98d797e\" data-element_type=\"container\" data-e-type=\"container\" data-settings=\"{&quot;animation&quot;:&quot;fadeInUp&quot;}\">\n\t\t<div class=\"elementor-element elementor-element-b067efe e-con-full e-flex wpr-particle-no wpr-jarallax-no wpr-parallax-no wpr-sticky-section-no wpr-equal-height-no e-con e-child\" data-id=\"b067efe\" data-element_type=\"container\" data-e-type=\"container\">\n\t\t\t\t<div class=\"elementor-element elementor-element-f1f619b elementor-widget elementor-widget-heading\" data-id=\"f1f619b\" data-element_type=\"widget\" data-e-type=\"widget\" data-widget_type=\"heading.default\">\n\t\t\t\t<div class=\"elementor-widget-container\">\n\t\t\t\t\t<h2 class=\"elementor-heading-title elementor-size-default\">OPORTUNIDAD <br>DE NEGOCIO<\/h2>\t\t\t\t<\/div>\n\t\t\t\t<\/div>\n\t\t\t\t<div class=\"elementor-element elementor-element-eacbdf5 elementor-widget-divider--view-line elementor-widget elementor-widget-divider\" data-id=\"eacbdf5\" data-element_type=\"widget\" data-e-type=\"widget\" data-widget_type=\"divider.default\">\n\t\t\t\t<div class=\"elementor-widget-container\">\n\t\t\t\t\t\t\t<div class=\"elementor-divider\">\n\t\t\t<span class=\"elementor-divider-separator\">\n\t\t\t\t\t\t<\/span>\n\t\t<\/div>\n\t\t\t\t\t\t<\/div>\n\t\t\t\t<\/div>\n\t\t\t\t<div class=\"elementor-element elementor-element-5a635c8 elementor-widget elementor-widget-image\" data-id=\"5a635c8\" data-element_type=\"widget\" data-e-type=\"widget\" data-widget_type=\"image.default\">\n\t\t\t\t<div class=\"elementor-widget-container\">\n\t\t\t\t\t\t\t\t\t\t\t\t\t\t\t<img decoding=\"async\" width=\"410\" height=\"182\" src=\"https:\/\/eliminadordeolores.com\/wp-content\/uploads\/2024\/05\/oportunidad-de-negocio.png\" class=\"attachment-large size-large wp-image-1082\" alt=\"\" srcset=\"https:\/\/eliminadordeolores.com\/wp-content\/uploads\/2024\/05\/oportunidad-de-negocio.png 410w, https:\/\/eliminadordeolores.com\/wp-content\/uploads\/2024\/05\/oportunidad-de-negocio-300x133.png 300w, https:\/\/eliminadordeolores.com\/wp-content\/uploads\/2024\/05\/oportunidad-de-negocio-18x8.png 18w\" sizes=\"(max-width: 410px) 100vw, 410px\" \/>\t\t\t\t\t\t\t\t\t\t\t\t\t\t\t<\/div>\n\t\t\t\t<\/div>\n\t\t\t\t<div class=\"elementor-element elementor-element-72898b8 elementor-absolute elementor-hidden-tablet elementor-hidden-mobile elementor-widget elementor-widget-image\" data-id=\"72898b8\" data-element_type=\"widget\" data-e-type=\"widget\" data-settings=\"{&quot;_position&quot;:&quot;absolute&quot;}\" data-widget_type=\"image.default\">\n\t\t\t\t<div class=\"elementor-widget-container\">\n\t\t\t\t\t\t\t\t\t\t\t\t\t\t\t<img decoding=\"async\" width=\"838\" height=\"179\" src=\"https:\/\/eliminadordeolores.com\/wp-content\/uploads\/2024\/05\/figure-e1717129521296.png\" class=\"attachment-full size-full wp-image-1083\" alt=\"\" srcset=\"https:\/\/eliminadordeolores.com\/wp-content\/uploads\/2024\/05\/figure-e1717129521296.png 838w, https:\/\/eliminadordeolores.com\/wp-content\/uploads\/2024\/05\/figure-e1717129521296-300x64.png 300w, https:\/\/eliminadordeolores.com\/wp-content\/uploads\/2024\/05\/figure-e1717129521296-768x164.png 768w, https:\/\/eliminadordeolores.com\/wp-content\/uploads\/2024\/05\/figure-e1717129521296-18x4.png 18w, https:\/\/eliminadordeolores.com\/wp-content\/uploads\/2024\/05\/figure-e1717129521296-600x128.png 600w\" sizes=\"(max-width: 838px) 100vw, 838px\" \/>\t\t\t\t\t\t\t\t\t\t\t\t\t\t\t<\/div>\n\t\t\t\t<\/div>\n\t\t\t\t<\/div>\n\t\t<div class=\"elementor-element elementor-element-288dae0 e-con-full e-flex wpr-particle-no wpr-jarallax-no wpr-parallax-no wpr-sticky-section-no wpr-equal-height-no e-con e-child\" data-id=\"288dae0\" data-element_type=\"container\" data-e-type=\"container\" data-settings=\"{&quot;background_background&quot;:&quot;classic&quot;}\">\n\t\t<div class=\"elementor-element elementor-element-d791a31 e-con-full e-flex wpr-particle-no wpr-jarallax-no wpr-parallax-no wpr-sticky-section-no wpr-equal-height-no e-con e-child\" data-id=\"d791a31\" data-element_type=\"container\" data-e-type=\"container\">\n\t\t\t\t<div class=\"elementor-element elementor-element-e59d683 elementor-widget elementor-widget-text-editor\" data-id=\"e59d683\" data-element_type=\"widget\" data-e-type=\"widget\" data-widget_type=\"text-editor.default\">\n\t\t\t\t<div class=\"elementor-widget-container\">\n\t\t\t\t\t\t\t\t\t<p>El 2025 se consolida como uno de los a\u00f1os m\u00e1s interesantes para el sector hotelero, varias cadenas tienen pensado expandir el n\u00famero de habitaciones y proyectos, lo que ampl\u00eda la demanda y por ende la oportunidad de negocio.<\/p>\t\t\t\t\t\t\t\t<\/div>\n\t\t\t\t<\/div>\n\t\t\t\t<div class=\"elementor-element elementor-element-1c740a5 elementor-widget elementor-widget-text-editor\" data-id=\"1c740a5\" data-element_type=\"widget\" data-e-type=\"widget\" data-widget_type=\"text-editor.default\">\n\t\t\t\t<div class=\"elementor-widget-container\">\n\t\t\t\t\t\t\t\t\t<p>The average value of a 5-star room ranges from $129 to $250 dollars, resulting in an average of $206 lost, which means a loss of $6180 in a month for a single room.<\/p>\t\t\t\t\t\t\t\t<\/div>\n\t\t\t\t<\/div>\n\t\t\t\t<div class=\"elementor-element elementor-element-3159bb9 elementor-widget elementor-widget-text-editor\" data-id=\"3159bb9\" data-element_type=\"widget\" data-e-type=\"widget\" data-widget_type=\"text-editor.default\">\n\t\t\t\t<div class=\"elementor-widget-container\">\n\t\t\t\t\t\t\t\t\t<p>The solution with our product would have a monthly value of $25.99 which daily equals $0.86 to capitalize a total of $6154 per room.<\/p>\t\t\t\t\t\t\t\t<\/div>\n\t\t\t\t<\/div>\n\t\t\t\t<div class=\"elementor-element elementor-element-7e7df8a elementor-widget-divider--view-line elementor-widget elementor-widget-divider\" data-id=\"7e7df8a\" data-element_type=\"widget\" data-e-type=\"widget\" data-widget_type=\"divider.default\">\n\t\t\t\t<div class=\"elementor-widget-container\">\n\t\t\t\t\t\t\t<div class=\"elementor-divider\">\n\t\t\t<span class=\"elementor-divider-separator\">\n\t\t\t\t\t\t<\/span>\n\t\t<\/div>\n\t\t\t\t\t\t<\/div>\n\t\t\t\t<\/div>\n\t\t\t\t<div class=\"elementor-element elementor-element-a8b84fc elementor-widget elementor-widget-text-editor\" data-id=\"a8b84fc\" data-element_type=\"widget\" data-e-type=\"widget\" data-widget_type=\"text-editor.default\">\n\t\t\t\t<div class=\"elementor-widget-container\">\n\t\t\t\t\t\t\t\t\t<p>In environments where large numbers of people are concentrated, such as events, auditoriums and offices, odor problems can negatively affect the attendee experience and employee productivity. T-Odor offers an effective solution to neutralize and eliminate these unpleasant odors, improving the user experience, boosting productivity and maintaining a professional image in these high-traffic environments.<\/p>\t\t\t\t\t\t\t\t<\/div>\n\t\t\t\t<\/div>\n\t\t\t\t<\/div>\n\t\t\t\t<\/div>\n\t\t\t\t<\/div>\n\t\t<div class=\"elementor-element elementor-element-ed983ec e-flex e-con-boxed wpr-particle-no wpr-jarallax-no wpr-parallax-no wpr-sticky-section-no wpr-equal-height-no e-con e-parent\" data-id=\"ed983ec\" data-element_type=\"container\" data-e-type=\"container\">\n\t\t\t\t\t<div class=\"e-con-inner\">\n\t\t<div class=\"elementor-element elementor-element-20587f3 e-con-full e-flex wpr-particle-no wpr-jarallax-no wpr-parallax-no wpr-sticky-section-no wpr-equal-height-no e-con e-child\" data-id=\"20587f3\" data-element_type=\"container\" data-e-type=\"container\">\n\t\t\t\t<div class=\"elementor-element elementor-element-6440501 elementor-widget elementor-widget-image\" data-id=\"6440501\" data-element_type=\"widget\" data-e-type=\"widget\" data-widget_type=\"image.default\">\n\t\t\t\t<div class=\"elementor-widget-container\">\n\t\t\t\t\t\t\t\t\t\t\t\t\t\t\t<img loading=\"lazy\" decoding=\"async\" width=\"448\" height=\"427\" src=\"https:\/\/eliminadordeolores.com\/wp-content\/uploads\/2025\/05\/Recurso-6.png\" class=\"attachment-large size-large wp-image-1930\" alt=\"\" srcset=\"https:\/\/eliminadordeolores.com\/wp-content\/uploads\/2025\/05\/Recurso-6.png 448w, https:\/\/eliminadordeolores.com\/wp-content\/uploads\/2025\/05\/Recurso-6-300x286.png 300w, https:\/\/eliminadordeolores.com\/wp-content\/uploads\/2025\/05\/Recurso-6-13x12.png 13w\" sizes=\"(max-width: 448px) 100vw, 448px\" \/>\t\t\t\t\t\t\t\t\t\t\t\t\t\t\t<\/div>\n\t\t\t\t<\/div>\n\t\t\t\t<\/div>\n\t\t<div class=\"elementor-element elementor-element-531d58e e-con-full e-flex wpr-particle-no wpr-jarallax-no wpr-parallax-no wpr-sticky-section-no wpr-equal-height-no e-con e-child\" data-id=\"531d58e\" data-element_type=\"container\" data-e-type=\"container\">\n\t\t<div class=\"elementor-element elementor-element-afcab99 e-con-full e-flex wpr-particle-no wpr-jarallax-no wpr-parallax-no wpr-sticky-section-no wpr-equal-height-no e-con e-child\" data-id=\"afcab99\" data-element_type=\"container\" data-e-type=\"container\">\n\t\t\t\t<div class=\"elementor-element elementor-element-92f9b34 elementor-widget elementor-widget-text-editor\" data-id=\"92f9b34\" data-element_type=\"widget\" data-e-type=\"widget\" data-widget_type=\"text-editor.default\">\n\t\t\t\t<div class=\"elementor-widget-container\">\n\t\t\t\t\t\t\t\t\t<p>Con nuestro Kit, obtenga 30 d\u00edas libres de malos olores, garantizados por nuestro producto patentado.<\/p>\t\t\t\t\t\t\t\t<\/div>\n\t\t\t\t<\/div>\n\t\t\t\t<\/div>\n\t\t<div class=\"elementor-element elementor-element-54fecf9 e-con-full e-flex wpr-particle-no wpr-jarallax-no wpr-parallax-no wpr-sticky-section-no wpr-equal-height-no e-con e-child\" data-id=\"54fecf9\" data-element_type=\"container\" data-e-type=\"container\">\n\t\t\t\t<div class=\"elementor-element elementor-element-b0c9d70 elementor-widget elementor-widget-text-editor\" data-id=\"b0c9d70\" data-element_type=\"widget\" data-e-type=\"widget\" data-widget_type=\"text-editor.default\">\n\t\t\t\t<div class=\"elementor-widget-container\">\n\t\t\t\t\t\t\t\t\t<p>Soluci\u00f3n Molecular III: Recomendado para olores de humedad, mascotas, tabaco, cannabis y pescado frito. Para la eliminaci\u00f3n de los malos olores causados principalmente por los \u00e1cidos grasos y aminas. <br \/>The product leaves a light aloe vera scent.<\/p>\t\t\t\t\t\t\t\t<\/div>\n\t\t\t\t<\/div>\n\t\t<div class=\"elementor-element elementor-element-865e473 e-con-full e-flex wpr-particle-no wpr-jarallax-no wpr-parallax-no wpr-sticky-section-no wpr-equal-height-no e-con e-child\" data-id=\"865e473\" data-element_type=\"container\" data-e-type=\"container\">\n\t\t\t\t<div class=\"elementor-element elementor-element-f583d9c elementor-widget elementor-widget-image\" data-id=\"f583d9c\" data-element_type=\"widget\" data-e-type=\"widget\" data-widget_type=\"image.default\">\n\t\t\t\t<div class=\"elementor-widget-container\">\n\t\t\t\t\t\t\t\t\t\t\t\t\t\t\t<img loading=\"lazy\" decoding=\"async\" width=\"376\" height=\"109\" src=\"https:\/\/eliminadordeolores.com\/wp-content\/uploads\/2025\/05\/Recurso-7.png\" class=\"attachment-large size-large wp-image-1931\" alt=\"\" srcset=\"https:\/\/eliminadordeolores.com\/wp-content\/uploads\/2025\/05\/Recurso-7.png 376w, https:\/\/eliminadordeolores.com\/wp-content\/uploads\/2025\/05\/Recurso-7-300x87.png 300w, https:\/\/eliminadordeolores.com\/wp-content\/uploads\/2025\/05\/Recurso-7-18x5.png 18w\" sizes=\"(max-width: 376px) 100vw, 376px\" \/>\t\t\t\t\t\t\t\t\t\t\t\t\t\t\t<\/div>\n\t\t\t\t<\/div>\n\t\t\t\t<\/div>\n\t\t\t\t<\/div>\n\t\t\t\t<\/div>\n\t\t\t\t\t<\/div>\n\t\t\t\t<\/div>\n\t\t<div class=\"elementor-element elementor-element-05966fa e-flex e-con-boxed wpr-particle-no wpr-jarallax-no wpr-parallax-no wpr-sticky-section-no wpr-equal-height-no e-con e-parent\" data-id=\"05966fa\" data-element_type=\"container\" data-e-type=\"container\">\n\t\t\t\t\t<div class=\"e-con-inner\">\n\t\t\t\t<div class=\"elementor-element elementor-element-c259886 gallery-spacing-custom elementor-widget elementor-widget-image-gallery\" data-id=\"c259886\" data-element_type=\"widget\" data-e-type=\"widget\" data-widget_type=\"image-gallery.default\">\n\t\t\t\t<div class=\"elementor-widget-container\">\n\t\t\t\t\t\t\t<div class=\"elementor-image-gallery\">\n\t\t\t<div id='gallery-1' class='gallery galleryid-1673 gallery-columns-2 gallery-size-medium_large'><figure class='gallery-item'>\n\t\t\t<div class='gallery-icon landscape'>\n\t\t\t\t<img loading=\"lazy\" decoding=\"async\" width=\"768\" height=\"768\" src=\"https:\/\/eliminadordeolores.com\/wp-content\/uploads\/2025\/09\/KIT-HOTEL-1-768x768.png\" class=\"attachment-medium_large size-medium_large\" alt=\"\" aria-describedby=\"gallery-1-2300\" srcset=\"https:\/\/eliminadordeolores.com\/wp-content\/uploads\/2025\/09\/KIT-HOTEL-1-768x768.png 768w, https:\/\/eliminadordeolores.com\/wp-content\/uploads\/2025\/09\/KIT-HOTEL-1-300x300.png 300w, https:\/\/eliminadordeolores.com\/wp-content\/uploads\/2025\/09\/KIT-HOTEL-1-1024x1024.png 1024w, https:\/\/eliminadordeolores.com\/wp-content\/uploads\/2025\/09\/KIT-HOTEL-1-150x150.png 150w, https:\/\/eliminadordeolores.com\/wp-content\/uploads\/2025\/09\/KIT-HOTEL-1-12x12.png 12w, https:\/\/eliminadordeolores.com\/wp-content\/uploads\/2025\/09\/KIT-HOTEL-1-600x600.png 600w, https:\/\/eliminadordeolores.com\/wp-content\/uploads\/2025\/09\/KIT-HOTEL-1-100x100.png 100w, https:\/\/eliminadordeolores.com\/wp-content\/uploads\/2025\/09\/KIT-HOTEL-1.png 1080w\" sizes=\"(max-width: 768px) 100vw, 768px\" \/>\n\t\t\t<\/div>\n\t\t\t\t<figcaption class='wp-caption-text gallery-caption' id='gallery-1-2300'>\n\t\t\t\tElimina los malos olores por m\u00e1s de 30 d\u00edas en habitaciones o ba\u00f1os de hasta 20 m2.\n\t\t\t\t<\/figcaption><\/figure><figure class='gallery-item'>\n\t\t\t<div class='gallery-icon landscape'>\n\t\t\t\t<img loading=\"lazy\" decoding=\"async\" width=\"768\" height=\"768\" src=\"https:\/\/eliminadordeolores.com\/wp-content\/uploads\/2025\/09\/KIT-HOTEL-DOWN-768x768.png\" class=\"attachment-medium_large size-medium_large\" alt=\"\" aria-describedby=\"gallery-1-2301\" srcset=\"https:\/\/eliminadordeolores.com\/wp-content\/uploads\/2025\/09\/KIT-HOTEL-DOWN-768x768.png 768w, https:\/\/eliminadordeolores.com\/wp-content\/uploads\/2025\/09\/KIT-HOTEL-DOWN-300x300.png 300w, https:\/\/eliminadordeolores.com\/wp-content\/uploads\/2025\/09\/KIT-HOTEL-DOWN-1024x1024.png 1024w, https:\/\/eliminadordeolores.com\/wp-content\/uploads\/2025\/09\/KIT-HOTEL-DOWN-150x150.png 150w, https:\/\/eliminadordeolores.com\/wp-content\/uploads\/2025\/09\/KIT-HOTEL-DOWN-12x12.png 12w, https:\/\/eliminadordeolores.com\/wp-content\/uploads\/2025\/09\/KIT-HOTEL-DOWN-600x600.png 600w, https:\/\/eliminadordeolores.com\/wp-content\/uploads\/2025\/09\/KIT-HOTEL-DOWN-100x100.png 100w, https:\/\/eliminadordeolores.com\/wp-content\/uploads\/2025\/09\/KIT-HOTEL-DOWN.png 1080w\" sizes=\"(max-width: 768px) 100vw, 768px\" \/>\n\t\t\t<\/div>\n\t\t\t\t<figcaption class='wp-caption-text gallery-caption' id='gallery-1-2301'>\n\t\t\t\tSifones, tuber\u00edas y ca\u00f1er\u00edas libres de malos olores. \n\t\t\t\t<\/figcaption><\/figure><figure class='gallery-item'>\n\t\t\t<div class='gallery-icon landscape'>\n\t\t\t\t<img loading=\"lazy\" decoding=\"async\" width=\"768\" height=\"768\" src=\"https:\/\/eliminadordeolores.com\/wp-content\/uploads\/2025\/09\/KIT-HOTEL-one-768x768.png\" class=\"attachment-medium_large size-medium_large\" alt=\"\" aria-describedby=\"gallery-1-2305\" srcset=\"https:\/\/eliminadordeolores.com\/wp-content\/uploads\/2025\/09\/KIT-HOTEL-one-768x768.png 768w, https:\/\/eliminadordeolores.com\/wp-content\/uploads\/2025\/09\/KIT-HOTEL-one-300x300.png 300w, https:\/\/eliminadordeolores.com\/wp-content\/uploads\/2025\/09\/KIT-HOTEL-one-1024x1024.png 1024w, https:\/\/eliminadordeolores.com\/wp-content\/uploads\/2025\/09\/KIT-HOTEL-one-150x150.png 150w, https:\/\/eliminadordeolores.com\/wp-content\/uploads\/2025\/09\/KIT-HOTEL-one-12x12.png 12w, https:\/\/eliminadordeolores.com\/wp-content\/uploads\/2025\/09\/KIT-HOTEL-one-600x600.png 600w, https:\/\/eliminadordeolores.com\/wp-content\/uploads\/2025\/09\/KIT-HOTEL-one-100x100.png 100w, https:\/\/eliminadordeolores.com\/wp-content\/uploads\/2025\/09\/KIT-HOTEL-one.png 1080w\" sizes=\"(max-width: 768px) 100vw, 768px\" \/>\n\t\t\t<\/div>\n\t\t\t\t<figcaption class='wp-caption-text gallery-caption' id='gallery-1-2305'>\n\t\t\t\tElimine malos olores en cortinas y textiles en segundos\n\t\t\t\t<\/figcaption><\/figure>\n\t\t<\/div>\n\t\t<\/div>\n\t\t\t\t\t\t<\/div>\n\t\t\t\t<\/div>\n\t\t\t\t\t<\/div>\n\t\t\t\t<\/div>\n\t\t<div class=\"elementor-element elementor-element-8b7bc6a e-grid e-con-boxed wpr-particle-no wpr-jarallax-no wpr-parallax-no wpr-sticky-section-no wpr-equal-height-no e-con e-parent\" data-id=\"8b7bc6a\" data-element_type=\"container\" data-e-type=\"container\">\n\t\t\t\t\t<div class=\"e-con-inner\">\n\t\t\t\t\t<\/div>\n\t\t\t\t<\/div>\n\t\t\t\t<\/div>","protected":false},"excerpt":{"rendered":"<p>\u00a0\u00bfPROBLEMAS CON\u00a0LOS MALOS OLORES\u00a0EN SU HOTEL? \u00a0 OPORTUNIDAD DE NEGOCIO El 2025 se consolida como uno de los a\u00f1os m\u00e1s interesantes para el sector hotelero, varias cadenas tienen pensado expandir el n\u00famero de habitaciones y proyectos, lo que ampl\u00eda la demanda y por ende la oportunidad de negocio. El 20% de las habitaciones de los hoteles presenta problemas de mal olor, lo que impide su ocupaci\u00f3n permanente, el valor promedio de una habitaci\u00f3n 5 estrellas oscila entre $129 y $250 d\u00f3lares colocando un promedio de $206 que se dejan de percibir, hablando de perdidas en un mes de $6180 por una sola habitaci\u00f3n. La soluci\u00f3n con nuestro producto tendr\u00eda un valor mensual de $25,99 que diariamente equivalen a $0,86 d\u00f3lares para capitalizar un total de $6154 d\u00f3lares por habitaci\u00f3n. En entornos donde se concentra un gran n\u00famero de personas, como eventos, auditorios y oficinas, los problemas de mal olor pueden afectar negativamente la experiencia de los asistentes y la productividad de los empleados. T-Odor ofrece una soluci\u00f3n efectiva para neutralizar y eliminar estos olores desagradables, mejorando la experiencia del usuario, impulsando la productividad y manteniendo una imagen profesional en estos entornos de alto tr\u00e1fico. Con nuestro Kit, obtenga 30 d\u00edas libres de malos olores, garantizados por nuestro producto patentado. Soluci\u00f3n Molecular III: Recomendado para olores de humedad, mascotas, tabaco, cannabis y pescado frito. Para la eliminaci\u00f3n de los malos olores causados principalmente por los \u00e1cidos grasos y aminas. El producto deja un ligero olor a aloe vera. Elimina los malos olores por m\u00e1s de 30 d\u00edas en habitaciones o ba\u00f1os de hasta 20 m2. Sifones, tuber\u00edas y ca\u00f1er\u00edas libres de malos olores. Elimine malos olores en cortinas y textiles en segundos<\/p>","protected":false},"author":1,"featured_media":0,"parent":0,"menu_order":0,"comment_status":"closed","ping_status":"closed","template":"","meta":{"content-type":"","footnotes":""},"class_list":["post-1673","page","type-page","status-publish","hentry"],"_links":{"self":[{"href":"https:\/\/eliminadordeolores.com\/en\/wp-json\/wp\/v2\/pages\/1673","targetHints":{"allow":["GET"]}}],"collection":[{"href":"https:\/\/eliminadordeolores.com\/en\/wp-json\/wp\/v2\/pages"}],"about":[{"href":"https:\/\/eliminadordeolores.com\/en\/wp-json\/wp\/v2\/types\/page"}],"author":[{"embeddable":true,"href":"https:\/\/eliminadordeolores.com\/en\/wp-json\/wp\/v2\/users\/1"}],"replies":[{"embeddable":true,"href":"https:\/\/eliminadordeolores.com\/en\/wp-json\/wp\/v2\/comments?post=1673"}],"version-history":[{"count":27,"href":"https:\/\/eliminadordeolores.com\/en\/wp-json\/wp\/v2\/pages\/1673\/revisions"}],"predecessor-version":[{"id":2320,"href":"https:\/\/eliminadordeolores.com\/en\/wp-json\/wp\/v2\/pages\/1673\/revisions\/2320"}],"wp:attachment":[{"href":"https:\/\/eliminadordeolores.com\/en\/wp-json\/wp\/v2\/media?parent=1673"}],"curies":[{"name":"wp","href":"https:\/\/api.w.org\/{rel}","templated":true}]}}