{"id":1666,"date":"2025-05-22T14:01:03","date_gmt":"2025-05-22T14:01:03","guid":{"rendered":"https:\/\/eliminadordeolores.com\/?page_id=1666"},"modified":"2025-09-03T16:12:24","modified_gmt":"2025-09-03T16:12:24","slug":"kit-hoteles-2","status":"publish","type":"page","link":"https:\/\/eliminadordeolores.com\/en\/kit-hoteles-2\/","title":{"rendered":"Kit Gimnasios"},"content":{"rendered":"<div data-elementor-type=\"wp-page\" data-elementor-id=\"1666\" class=\"elementor elementor-1666\">\n\t\t\t\t<div class=\"elementor-element elementor-element-f621f71 e-flex e-con-boxed wpr-particle-no wpr-jarallax-no wpr-parallax-no wpr-sticky-section-no wpr-equal-height-no e-con e-parent\" data-id=\"f621f71\" data-element_type=\"container\" data-e-type=\"container\">\n\t\t\t\t\t<div class=\"e-con-inner\">\n\t\t<div class=\"elementor-element elementor-element-17d690c e-con-full e-flex wpr-particle-no wpr-jarallax-no wpr-parallax-no wpr-sticky-section-no wpr-equal-height-no e-con e-child\" data-id=\"17d690c\" data-element_type=\"container\" data-e-type=\"container\">\n\t\t<div class=\"elementor-element elementor-element-3993013 e-con-full e-flex wpr-particle-no wpr-jarallax-no wpr-parallax-no wpr-sticky-section-no wpr-equal-height-no e-con e-child\" data-id=\"3993013\" data-element_type=\"container\" data-e-type=\"container\">\n\t\t<div class=\"elementor-element elementor-element-94422f5 e-con-full e-flex wpr-particle-no wpr-jarallax-no wpr-parallax-no wpr-sticky-section-no wpr-equal-height-no e-con e-child\" data-id=\"94422f5\" data-element_type=\"container\" data-e-type=\"container\">\n\t\t\t\t<\/div>\n\t\t\t\t<\/div>\n\t\t<div class=\"elementor-element elementor-element-81c8d1f e-con-full e-flex wpr-particle-no wpr-jarallax-no wpr-parallax-no wpr-sticky-section-no wpr-equal-height-no e-con e-child\" data-id=\"81c8d1f\" data-element_type=\"container\" data-e-type=\"container\">\n\t\t\t\t<div class=\"elementor-element elementor-element-550f7a7 elementor-widget elementor-widget-heading\" data-id=\"550f7a7\" data-element_type=\"widget\" data-e-type=\"widget\" data-widget_type=\"heading.default\">\n\t\t\t\t<div class=\"elementor-widget-container\">\n\t\t\t\t\t<h2 class=\"elementor-heading-title elementor-size-default\">\u00bfEn su gimnasio, los malos olores aparecen en vestuarios, ba\u00f1os, duchas y zonas de entrenamiento?<\/h2>\t\t\t\t<\/div>\n\t\t\t\t<\/div>\n\t\t\t\t<\/div>\n\t\t\t\t<\/div>\n\t\t\t\t<div class=\"elementor-element elementor-element-d2f57f8 elementor-widget__width-initial elementor-widget elementor-widget-image\" data-id=\"d2f57f8\" data-element_type=\"widget\" data-e-type=\"widget\" data-widget_type=\"image.default\">\n\t\t\t\t<div class=\"elementor-widget-container\">\n\t\t\t\t\t\t\t\t\t\t\t\t\t\t\t<img fetchpriority=\"high\" decoding=\"async\" width=\"800\" height=\"464\" src=\"https:\/\/eliminadordeolores.com\/wp-content\/uploads\/2025\/05\/WEB-SITE-T-ODOR-1024x594.png\" class=\"attachment-large size-large wp-image-1959\" alt=\"\" srcset=\"https:\/\/eliminadordeolores.com\/wp-content\/uploads\/2025\/05\/WEB-SITE-T-ODOR-1024x594.png 1024w, https:\/\/eliminadordeolores.com\/wp-content\/uploads\/2025\/05\/WEB-SITE-T-ODOR-300x174.png 300w, https:\/\/eliminadordeolores.com\/wp-content\/uploads\/2025\/05\/WEB-SITE-T-ODOR-768x445.png 768w, https:\/\/eliminadordeolores.com\/wp-content\/uploads\/2025\/05\/WEB-SITE-T-ODOR-18x10.png 18w, https:\/\/eliminadordeolores.com\/wp-content\/uploads\/2025\/05\/WEB-SITE-T-ODOR-600x348.png 600w, https:\/\/eliminadordeolores.com\/wp-content\/uploads\/2025\/05\/WEB-SITE-T-ODOR.png 1043w\" sizes=\"(max-width: 800px) 100vw, 800px\" \/>\t\t\t\t\t\t\t\t\t\t\t\t\t\t\t<\/div>\n\t\t\t\t<\/div>\n\t\t\t\t\t<\/div>\n\t\t\t\t<\/div>\n\t\t<div class=\"elementor-element elementor-element-ee3f409 e-flex e-con-boxed wpr-particle-no wpr-jarallax-no wpr-parallax-no wpr-sticky-section-no wpr-equal-height-no e-con e-parent\" data-id=\"ee3f409\" data-element_type=\"container\" data-e-type=\"container\">\n\t\t\t\t\t<div class=\"e-con-inner\">\n\t\t<div class=\"elementor-element elementor-element-22deb29 e-con-full e-flex wpr-particle-no wpr-jarallax-no wpr-parallax-no wpr-sticky-section-no wpr-equal-height-no e-con e-child\" data-id=\"22deb29\" data-element_type=\"container\" data-e-type=\"container\">\n\t\t\t\t<div class=\"elementor-element elementor-element-c19b21c elementor-widget elementor-widget-image\" data-id=\"c19b21c\" data-element_type=\"widget\" data-e-type=\"widget\" data-widget_type=\"image.default\">\n\t\t\t\t<div class=\"elementor-widget-container\">\n\t\t\t\t\t\t\t\t\t\t\t\t\t\t\t<img decoding=\"async\" width=\"800\" height=\"738\" src=\"https:\/\/eliminadordeolores.com\/wp-content\/uploads\/2025\/05\/Recurso-2.png\" class=\"attachment-large size-large wp-image-1947\" alt=\"\" srcset=\"https:\/\/eliminadordeolores.com\/wp-content\/uploads\/2025\/05\/Recurso-2.png 913w, https:\/\/eliminadordeolores.com\/wp-content\/uploads\/2025\/05\/Recurso-2-300x277.png 300w, https:\/\/eliminadordeolores.com\/wp-content\/uploads\/2025\/05\/Recurso-2-768x708.png 768w, https:\/\/eliminadordeolores.com\/wp-content\/uploads\/2025\/05\/Recurso-2-13x12.png 13w, https:\/\/eliminadordeolores.com\/wp-content\/uploads\/2025\/05\/Recurso-2-600x553.png 600w\" sizes=\"(max-width: 800px) 100vw, 800px\" \/>\t\t\t\t\t\t\t\t\t\t\t\t\t\t\t<\/div>\n\t\t\t\t<\/div>\n\t\t\t\t<\/div>\n\t\t<div class=\"elementor-element elementor-element-8e7052d e-con-full e-flex wpr-particle-no wpr-jarallax-no wpr-parallax-no wpr-sticky-section-no wpr-equal-height-no e-con e-child\" data-id=\"8e7052d\" data-element_type=\"container\" data-e-type=\"container\">\n\t\t<div class=\"elementor-element elementor-element-9e1128b e-con-full e-flex wpr-particle-no wpr-jarallax-no wpr-parallax-no wpr-sticky-section-no wpr-equal-height-no e-con e-child\" data-id=\"9e1128b\" data-element_type=\"container\" data-e-type=\"container\">\n\t\t\t\t<div class=\"elementor-element elementor-element-6cb1f6f elementor-widget elementor-widget-text-editor\" data-id=\"6cb1f6f\" data-element_type=\"widget\" data-e-type=\"widget\" data-widget_type=\"text-editor.default\">\n\t\t\t\t<div class=\"elementor-widget-container\">\n\t\t\t\t\t\t\t\t\t<p>El sudor, la humedad y la alta rotaci\u00f3n de personas hacen que incluso con buena ventilaci\u00f3n, el mal olor se acumule y afecte la experiencia de sus clientes.<\/p><p>En T-ODOR entendemos este desaf\u00edo y por eso creamos un Kit de Eliminaci\u00f3n de Olores, dise\u00f1ado espec\u00edficamente para gimnasios que buscan soluciones reales, seguras y continuas.<\/p>\t\t\t\t\t\t\t\t<\/div>\n\t\t\t\t<\/div>\n\t\t\t\t<\/div>\n\t\t<div class=\"elementor-element elementor-element-2e5b452 e-con-full e-flex wpr-particle-no wpr-jarallax-no wpr-parallax-no wpr-sticky-section-no wpr-equal-height-no e-con e-child\" data-id=\"2e5b452\" data-element_type=\"container\" data-e-type=\"container\">\n\t\t\t\t<div class=\"elementor-element elementor-element-ffaa099 elementor-widget elementor-widget-text-editor\" data-id=\"ffaa099\" data-element_type=\"widget\" data-e-type=\"widget\" data-widget_type=\"text-editor.default\">\n\t\t\t\t<div class=\"elementor-widget-container\">\n\t\t\t\t\t\t\t\t\t<p>CON NUESTRO KIT, OBTENGA 30 D\u00cdAS LIBRES DE MALOS OLORES.<\/p>\t\t\t\t\t\t\t\t<\/div>\n\t\t\t\t<\/div>\n\t\t\t\t<\/div>\n\t\t\t\t<\/div>\n\t\t\t\t\t<\/div>\n\t\t\t\t<\/div>\n\t\t<div class=\"elementor-element elementor-element-6819e80 e-flex e-con-boxed wpr-particle-no wpr-jarallax-no wpr-parallax-no wpr-sticky-section-no wpr-equal-height-no e-con e-parent\" data-id=\"6819e80\" data-element_type=\"container\" data-e-type=\"container\">\n\t\t\t\t\t<div class=\"e-con-inner\">\n\t\t\t\t<div class=\"elementor-element elementor-element-7cd7923 gallery-spacing-custom elementor-widget elementor-widget-image-gallery\" data-id=\"7cd7923\" data-element_type=\"widget\" data-e-type=\"widget\" data-widget_type=\"image-gallery.default\">\n\t\t\t\t<div class=\"elementor-widget-container\">\n\t\t\t\t\t\t\t<div class=\"elementor-image-gallery\">\n\t\t\t<div id='gallery-1' class='gallery galleryid-1666 gallery-columns-2 gallery-size-medium_large'><figure class='gallery-item'>\n\t\t\t<div class='gallery-icon landscape'>\n\t\t\t\t<img decoding=\"async\" width=\"768\" height=\"768\" src=\"https:\/\/eliminadordeolores.com\/wp-content\/uploads\/2025\/09\/gym-down-768x768.png\" class=\"attachment-medium_large size-medium_large\" alt=\"\" aria-describedby=\"gallery-1-2313\" srcset=\"https:\/\/eliminadordeolores.com\/wp-content\/uploads\/2025\/09\/gym-down-768x768.png 768w, https:\/\/eliminadordeolores.com\/wp-content\/uploads\/2025\/09\/gym-down-300x300.png 300w, https:\/\/eliminadordeolores.com\/wp-content\/uploads\/2025\/09\/gym-down-1024x1024.png 1024w, https:\/\/eliminadordeolores.com\/wp-content\/uploads\/2025\/09\/gym-down-150x150.png 150w, https:\/\/eliminadordeolores.com\/wp-content\/uploads\/2025\/09\/gym-down-12x12.png 12w, https:\/\/eliminadordeolores.com\/wp-content\/uploads\/2025\/09\/gym-down-600x600.png 600w, https:\/\/eliminadordeolores.com\/wp-content\/uploads\/2025\/09\/gym-down-100x100.png 100w, https:\/\/eliminadordeolores.com\/wp-content\/uploads\/2025\/09\/gym-down.png 1080w\" sizes=\"(max-width: 768px) 100vw, 768px\" \/>\n\t\t\t<\/div>\n\t\t\t\t<figcaption class='wp-caption-text gallery-caption' id='gallery-1-2313'>\n\t\t\t\tDuchas, Sifones y tuber\u00edas libres de malos olores.\n\t\t\t\t<\/figcaption><\/figure><figure class='gallery-item'>\n\t\t\t<div class='gallery-icon landscape'>\n\t\t\t\t<img loading=\"lazy\" decoding=\"async\" width=\"768\" height=\"768\" src=\"https:\/\/eliminadordeolores.com\/wp-content\/uploads\/2025\/09\/pad-gym-768x768.png\" class=\"attachment-medium_large size-medium_large\" alt=\"\" aria-describedby=\"gallery-1-2312\" srcset=\"https:\/\/eliminadordeolores.com\/wp-content\/uploads\/2025\/09\/pad-gym-768x768.png 768w, https:\/\/eliminadordeolores.com\/wp-content\/uploads\/2025\/09\/pad-gym-300x300.png 300w, https:\/\/eliminadordeolores.com\/wp-content\/uploads\/2025\/09\/pad-gym-1024x1024.png 1024w, https:\/\/eliminadordeolores.com\/wp-content\/uploads\/2025\/09\/pad-gym-150x150.png 150w, https:\/\/eliminadordeolores.com\/wp-content\/uploads\/2025\/09\/pad-gym-12x12.png 12w, https:\/\/eliminadordeolores.com\/wp-content\/uploads\/2025\/09\/pad-gym-600x600.png 600w, https:\/\/eliminadordeolores.com\/wp-content\/uploads\/2025\/09\/pad-gym-100x100.png 100w, https:\/\/eliminadordeolores.com\/wp-content\/uploads\/2025\/09\/pad-gym.png 1080w\" sizes=\"(max-width: 768px) 100vw, 768px\" \/>\n\t\t\t<\/div>\n\t\t\t\t<figcaption class='wp-caption-text gallery-caption' id='gallery-1-2312'>\n\t\t\t\tElimina el olor a sudor por m\u00e1s de 30 d\u00edas en \u00e1reas de hasta 20 m2.\n\t\t\t\t<\/figcaption><\/figure><figure class='gallery-item'>\n\t\t\t<div class='gallery-icon landscape'>\n\t\t\t\t<img loading=\"lazy\" decoding=\"async\" width=\"768\" height=\"768\" src=\"https:\/\/eliminadordeolores.com\/wp-content\/uploads\/2025\/09\/VAPOR-T300-768x768.png\" class=\"attachment-medium_large size-medium_large\" alt=\"\" aria-describedby=\"gallery-1-2315\" srcset=\"https:\/\/eliminadordeolores.com\/wp-content\/uploads\/2025\/09\/VAPOR-T300-768x768.png 768w, https:\/\/eliminadordeolores.com\/wp-content\/uploads\/2025\/09\/VAPOR-T300-300x300.png 300w, https:\/\/eliminadordeolores.com\/wp-content\/uploads\/2025\/09\/VAPOR-T300-1024x1024.png 1024w, https:\/\/eliminadordeolores.com\/wp-content\/uploads\/2025\/09\/VAPOR-T300-150x150.png 150w, https:\/\/eliminadordeolores.com\/wp-content\/uploads\/2025\/09\/VAPOR-T300-12x12.png 12w, https:\/\/eliminadordeolores.com\/wp-content\/uploads\/2025\/09\/VAPOR-T300-600x600.png 600w, https:\/\/eliminadordeolores.com\/wp-content\/uploads\/2025\/09\/VAPOR-T300-100x100.png 100w, https:\/\/eliminadordeolores.com\/wp-content\/uploads\/2025\/09\/VAPOR-T300.png 1080w\" sizes=\"(max-width: 768px) 100vw, 768px\" \/>\n\t\t\t<\/div>\n\t\t\t\t<figcaption class='wp-caption-text gallery-caption' id='gallery-1-2315'>\n\t\t\t\tEliminaci\u00f3n continua de malos olores en grandes \u00e1reas de hasta 300m3\n\t\t\t\t<\/figcaption><\/figure><figure class='gallery-item'>\n\t\t\t<div class='gallery-icon landscape'>\n\t\t\t\t<img loading=\"lazy\" decoding=\"async\" width=\"768\" height=\"768\" src=\"https:\/\/eliminadordeolores.com\/wp-content\/uploads\/2025\/09\/gym-one-768x768.png\" class=\"attachment-medium_large size-medium_large\" alt=\"\" aria-describedby=\"gallery-1-2321\" srcset=\"https:\/\/eliminadordeolores.com\/wp-content\/uploads\/2025\/09\/gym-one-768x768.png 768w, https:\/\/eliminadordeolores.com\/wp-content\/uploads\/2025\/09\/gym-one-300x300.png 300w, https:\/\/eliminadordeolores.com\/wp-content\/uploads\/2025\/09\/gym-one-1024x1024.png 1024w, https:\/\/eliminadordeolores.com\/wp-content\/uploads\/2025\/09\/gym-one-150x150.png 150w, https:\/\/eliminadordeolores.com\/wp-content\/uploads\/2025\/09\/gym-one-12x12.png 12w, https:\/\/eliminadordeolores.com\/wp-content\/uploads\/2025\/09\/gym-one-600x600.png 600w, https:\/\/eliminadordeolores.com\/wp-content\/uploads\/2025\/09\/gym-one-100x100.png 100w, https:\/\/eliminadordeolores.com\/wp-content\/uploads\/2025\/09\/gym-one.png 1080w\" sizes=\"(max-width: 768px) 100vw, 768px\" \/>\n\t\t\t<\/div>\n\t\t\t\t<figcaption class='wp-caption-text gallery-caption' id='gallery-1-2321'>\n\t\t\t\tElimine el olor a sudor impregnado en textiles en segundos\n\t\t\t\t<\/figcaption><\/figure>\n\t\t<\/div>\n\t\t<\/div>\n\t\t\t\t\t\t<\/div>\n\t\t\t\t<\/div>\n\t\t<div class=\"elementor-element elementor-element-202a28c e-grid e-con-full wpr-particle-no wpr-jarallax-no wpr-parallax-no wpr-sticky-section-no wpr-equal-height-no e-con e-child\" data-id=\"202a28c\" data-element_type=\"container\" data-e-type=\"container\">\n\t\t\t\t<\/div>\n\t\t\t\t\t<\/div>\n\t\t\t\t<\/div>\n\t\t\t\t<\/div>","protected":false},"excerpt":{"rendered":"<p>\u00bfEn su gimnasio, los malos olores aparecen en vestuarios, ba\u00f1os, duchas y zonas de entrenamiento? El sudor, la humedad y la alta rotaci\u00f3n de personas hacen que incluso con buena ventilaci\u00f3n, el mal olor se acumule y afecte la experiencia de sus clientes. En T-ODOR entendemos este desaf\u00edo y por eso creamos un Kit de Eliminaci\u00f3n de Olores, dise\u00f1ado espec\u00edficamente para gimnasios que buscan soluciones reales, seguras y continuas. CON NUESTRO KIT, OBTENGA 30 D\u00cdAS LIBRES DE MALOS OLORES. Duchas, Sifones y tuber\u00edas libres de malos olores. Elimina el olor a sudor por m\u00e1s de 30 d\u00edas en \u00e1reas de hasta 20 m2. Eliminaci\u00f3n continua de malos olores en grandes \u00e1reas de hasta 300m3 Elimine el olor a sudor impregnado en textiles en segundos<\/p>","protected":false},"author":1,"featured_media":0,"parent":0,"menu_order":0,"comment_status":"closed","ping_status":"closed","template":"","meta":{"content-type":"","footnotes":""},"class_list":["post-1666","page","type-page","status-publish","hentry"],"_links":{"self":[{"href":"https:\/\/eliminadordeolores.com\/en\/wp-json\/wp\/v2\/pages\/1666","targetHints":{"allow":["GET"]}}],"collection":[{"href":"https:\/\/eliminadordeolores.com\/en\/wp-json\/wp\/v2\/pages"}],"about":[{"href":"https:\/\/eliminadordeolores.com\/en\/wp-json\/wp\/v2\/types\/page"}],"author":[{"embeddable":true,"href":"https:\/\/eliminadordeolores.com\/en\/wp-json\/wp\/v2\/users\/1"}],"replies":[{"embeddable":true,"href":"https:\/\/eliminadordeolores.com\/en\/wp-json\/wp\/v2\/comments?post=1666"}],"version-history":[{"count":34,"href":"https:\/\/eliminadordeolores.com\/en\/wp-json\/wp\/v2\/pages\/1666\/revisions"}],"predecessor-version":[{"id":2330,"href":"https:\/\/eliminadordeolores.com\/en\/wp-json\/wp\/v2\/pages\/1666\/revisions\/2330"}],"wp:attachment":[{"href":"https:\/\/eliminadordeolores.com\/en\/wp-json\/wp\/v2\/media?parent=1666"}],"curies":[{"name":"wp","href":"https:\/\/api.w.org\/{rel}","templated":true}]}}