{"id":1571,"date":"2025-03-20T14:44:41","date_gmt":"2025-03-20T14:44:41","guid":{"rendered":"https:\/\/eliminadordeolores.com\/?page_id=1571"},"modified":"2025-05-23T18:30:56","modified_gmt":"2025-05-23T18:30:56","slug":"blog","status":"publish","type":"page","link":"https:\/\/eliminadordeolores.com\/en\/blog\/","title":{"rendered":"Blog"},"content":{"rendered":"<div data-elementor-type=\"wp-page\" data-elementor-id=\"1571\" class=\"elementor elementor-1571\">\n\t\t\t\t<div class=\"elementor-element elementor-element-5c817e2 e-grid e-con-boxed wpr-particle-no wpr-jarallax-no wpr-parallax-no wpr-sticky-section-no wpr-equal-height-no e-con e-parent\" data-id=\"5c817e2\" data-element_type=\"container\" data-e-type=\"container\">\n\t\t\t\t\t<div class=\"e-con-inner\">\n\t\t\t\t<div class=\"elementor-element elementor-element-3cd3712 elementor-widget elementor-widget-heading\" data-id=\"3cd3712\" data-element_type=\"widget\" data-e-type=\"widget\" data-widget_type=\"heading.default\">\n\t\t\t\t<div class=\"elementor-widget-container\">\n\t\t\t\t\t<h2 class=\"elementor-heading-title elementor-size-default\">Blog - Todo lo que necesita saber sobre la eliminaci\u00f3n de olores<\/h2>\t\t\t\t<\/div>\n\t\t\t\t<\/div>\n\t\t\t\t<div class=\"elementor-element elementor-element-391be0c elementor-widget elementor-widget-text-editor\" data-id=\"391be0c\" data-element_type=\"widget\" data-e-type=\"widget\" data-widget_type=\"text-editor.default\">\n\t\t\t\t<div class=\"elementor-widget-container\">\n\t\t\t\t\t\t\t\t\t<p>En este espacio compartimos contenido claro y confiable para ayudarle a comprender c\u00f3mo act\u00faan los malos olores en distintos entornos y qu\u00e9 soluciones reales puede implementar. Le invitamos a explorar, aprender y tomar el control del ambiente de su espacio.<\/p>\t\t\t\t\t\t\t\t<\/div>\n\t\t\t\t<\/div>\n\t\t\t\t\t<\/div>\n\t\t\t\t<\/div>\n\t\t<div class=\"elementor-element elementor-element-eb3b28f e-flex e-con-boxed wpr-particle-no wpr-jarallax-no wpr-parallax-no wpr-sticky-section-no wpr-equal-height-no e-con e-parent\" data-id=\"eb3b28f\" data-element_type=\"container\" data-e-type=\"container\">\n\t\t\t\t\t<div class=\"e-con-inner\">\n\t\t\t\t<div class=\"elementor-element elementor-element-1e8f8ee elementor-grid-eael-col-3 elementor-grid-tablet-eael-col-2 elementor-grid-mobile-eael-col-1 elementor-widget elementor-widget-eael-post-grid\" data-id=\"1e8f8ee\" data-element_type=\"widget\" data-e-type=\"widget\" data-settings=\"{&quot;eael_post_grid_columns&quot;:&quot;eael-col-3&quot;,&quot;eael_post_grid_columns_tablet&quot;:&quot;eael-col-2&quot;,&quot;eael_post_grid_columns_mobile&quot;:&quot;eael-col-1&quot;}\" data-widget_type=\"eael-post-grid.default\">\n\t\t\t\t<div class=\"elementor-widget-container\">\n\t\t\t\t\t<div id=\"eael-post-grid-1e8f8ee\" class=\"eael-post-grid-container\">\n            <div class=\"eael-post-grid eael-post-appender eael-post-appender-1e8f8ee eael-post-grid-style-one\" data-layout-mode=\"masonry\"><article class=\"eael-grid-post  eael-post-grid-column eael-pg-post-1999 category-uncategorized\" data-id=\"1999\">\n        <div class=\"eael-grid-post-holder\">\n            <div class=\"eael-grid-post-holder-inner\"><div class=\"eael-entry-media\"><div class=\"eael-entry-overlay fade-in\"><i class=\"fas fa-long-arrow-alt-right\" aria-hidden=\"true\"><\/i><a href=\"https:\/\/eliminadordeolores.com\/en\/formulas-xt-control-de-malos-olores-que-va-mas-alla-de-aromatizar\/\"><\/a><\/div><div class=\"eael-entry-thumbnail\">\n                <img decoding=\"async\" width=\"300\" height=\"157\" src=\"https:\/\/eliminadordeolores.com\/wp-content\/uploads\/2025\/07\/Redes-Sociales-2025-300x157.jpg\" class=\"attachment-medium size-medium wp-image-2001\" alt=\"\" srcset=\"https:\/\/eliminadordeolores.com\/wp-content\/uploads\/2025\/07\/Redes-Sociales-2025-300x157.jpg 300w, https:\/\/eliminadordeolores.com\/wp-content\/uploads\/2025\/07\/Redes-Sociales-2025-1024x535.jpg 1024w, https:\/\/eliminadordeolores.com\/wp-content\/uploads\/2025\/07\/Redes-Sociales-2025-768x401.jpg 768w, https:\/\/eliminadordeolores.com\/wp-content\/uploads\/2025\/07\/Redes-Sociales-2025-18x9.jpg 18w, https:\/\/eliminadordeolores.com\/wp-content\/uploads\/2025\/07\/Redes-Sociales-2025-600x314.jpg 600w, https:\/\/eliminadordeolores.com\/wp-content\/uploads\/2025\/07\/Redes-Sociales-2025.jpg 1200w\" sizes=\"(max-width: 300px) 100vw, 300px\" \/>\n            <\/div>\n        <\/div><div class=\"eael-entry-wrapper\"><header class=\"eael-entry-header\"><h2 class=\"eael-entry-title\"><a class=\"eael-grid-post-link\" href=\"https:\/\/eliminadordeolores.com\/en\/formulas-xt-control-de-malos-olores-que-va-mas-alla-de-aromatizar\/\" title=\"F\u00f3rmulas XT: Control de malos olores que va m\u00e1s all\u00e1 de aromatizar\">F\u00f3rmulas XT: Control de malos olores que va m\u00e1s all\u00e1 de aromatizar<\/a><\/h2><\/header><div class=\"eael-entry-content\">\n                        <div class=\"eael-grid-post-excerpt\"><p>Uno de los mayores retos en hoteles, restaurantes, casinos y...<\/p><a href=\"https:\/\/eliminadordeolores.com\/en\/formulas-xt-control-de-malos-olores-que-va-mas-alla-de-aromatizar\/\" class=\"eael-post-elements-readmore-btn\">Leer m\u00e1s<\/a><\/div>\n                    <\/div><\/div><\/div>\n        <\/div>\n    <\/article><article class=\"eael-grid-post  eael-post-grid-column eael-pg-post-1842 category-uncategorized\" data-id=\"1842\">\n        <div class=\"eael-grid-post-holder\">\n            <div class=\"eael-grid-post-holder-inner\"><div class=\"eael-entry-media\"><div class=\"eael-entry-overlay fade-in\"><i class=\"fas fa-long-arrow-alt-right\" aria-hidden=\"true\"><\/i><a href=\"https:\/\/eliminadordeolores.com\/en\/sabia-que-algunos-productos-de-limpieza-pueden-no-eliminar-completamente-los-malos-olores-en-su-hotel-o-incluso-podrian-empeorar-la-situacion\/\"><\/a><\/div><div class=\"eael-entry-thumbnail\">\n                <img decoding=\"async\" width=\"300\" height=\"157\" src=\"https:\/\/eliminadordeolores.com\/wp-content\/uploads\/2025\/05\/5-300x157.jpg\" class=\"attachment-medium size-medium wp-image-1828\" alt=\"\" srcset=\"https:\/\/eliminadordeolores.com\/wp-content\/uploads\/2025\/05\/5-300x157.jpg 300w, https:\/\/eliminadordeolores.com\/wp-content\/uploads\/2025\/05\/5-1024x535.jpg 1024w, https:\/\/eliminadordeolores.com\/wp-content\/uploads\/2025\/05\/5-768x401.jpg 768w, https:\/\/eliminadordeolores.com\/wp-content\/uploads\/2025\/05\/5-18x9.jpg 18w, https:\/\/eliminadordeolores.com\/wp-content\/uploads\/2025\/05\/5-600x314.jpg 600w, https:\/\/eliminadordeolores.com\/wp-content\/uploads\/2025\/05\/5.jpg 1200w\" sizes=\"(max-width: 300px) 100vw, 300px\" \/>\n            <\/div>\n        <\/div><div class=\"eael-entry-wrapper\"><header class=\"eael-entry-header\"><h2 class=\"eael-entry-title\"><a class=\"eael-grid-post-link\" href=\"https:\/\/eliminadordeolores.com\/en\/sabia-que-algunos-productos-de-limpieza-pueden-no-eliminar-completamente-los-malos-olores-en-su-hotel-o-incluso-podrian-empeorar-la-situacion\/\" title=\"\u00bfSab\u00eda que algunos productos de limpieza pueden no eliminar completamente los malos olores en su hotel? \u00bfO incluso podr\u00edan empeorar la situaci\u00f3n?\">\u00bfSab\u00eda que algunos productos de limpieza pueden no eliminar completamente los malos olores en su hotel? \u00bfO incluso podr\u00edan empeorar la situaci\u00f3n?<\/a><\/h2><\/header><div class=\"eael-entry-content\">\n                        <div class=\"eael-grid-post-excerpt\"><p>Cuando se trata de mantener los ba\u00f1os de su hotel...<\/p><a href=\"https:\/\/eliminadordeolores.com\/en\/sabia-que-algunos-productos-de-limpieza-pueden-no-eliminar-completamente-los-malos-olores-en-su-hotel-o-incluso-podrian-empeorar-la-situacion\/\" class=\"eael-post-elements-readmore-btn\">Leer m\u00e1s<\/a><\/div>\n                    <\/div><\/div><\/div>\n        <\/div>\n    <\/article><article class=\"eael-grid-post  eael-post-grid-column eael-pg-post-1814 category-uncategorized\" data-id=\"1814\">\n        <div class=\"eael-grid-post-holder\">\n            <div class=\"eael-grid-post-holder-inner\"><div class=\"eael-entry-media\"><div class=\"eael-entry-overlay fade-in\"><i class=\"fas fa-long-arrow-alt-right\" aria-hidden=\"true\"><\/i><a href=\"https:\/\/eliminadordeolores.com\/en\/como-los-gimnasios-estan-mejorando-la-experiencia-del-cliente-con-los-pads-de-t-odor-copy\/\"><\/a><\/div><div class=\"eael-entry-thumbnail\">\n                <img decoding=\"async\" width=\"300\" height=\"157\" src=\"https:\/\/eliminadordeolores.com\/wp-content\/uploads\/2025\/05\/4-300x157.jpg\" class=\"attachment-medium size-medium wp-image-1773\" alt=\"\" srcset=\"https:\/\/eliminadordeolores.com\/wp-content\/uploads\/2025\/05\/4-300x157.jpg 300w, https:\/\/eliminadordeolores.com\/wp-content\/uploads\/2025\/05\/4-1024x535.jpg 1024w, https:\/\/eliminadordeolores.com\/wp-content\/uploads\/2025\/05\/4-768x401.jpg 768w, https:\/\/eliminadordeolores.com\/wp-content\/uploads\/2025\/05\/4-18x9.jpg 18w, https:\/\/eliminadordeolores.com\/wp-content\/uploads\/2025\/05\/4-600x314.jpg 600w, https:\/\/eliminadordeolores.com\/wp-content\/uploads\/2025\/05\/4.jpg 1200w\" sizes=\"(max-width: 300px) 100vw, 300px\" \/>\n            <\/div>\n        <\/div><div class=\"eael-entry-wrapper\"><header class=\"eael-entry-header\"><h2 class=\"eael-entry-title\"><a class=\"eael-grid-post-link\" href=\"https:\/\/eliminadordeolores.com\/en\/como-los-gimnasios-estan-mejorando-la-experiencia-del-cliente-con-los-pads-de-t-odor-copy\/\" title=\"C\u00f3mo los gimnasios est\u00e1n mejorando la experiencia del cliente con los PADs de T-ODOR\">C\u00f3mo los gimnasios est\u00e1n mejorando la experiencia del cliente con los PADs de T-ODOR<\/a><\/h2><\/header><div class=\"eael-entry-content\">\n                        <div class=\"eael-grid-post-excerpt\"><p>En los espacios de alta exigencia f\u00edsica, como los gimnasios,...<\/p><a href=\"https:\/\/eliminadordeolores.com\/en\/como-los-gimnasios-estan-mejorando-la-experiencia-del-cliente-con-los-pads-de-t-odor-copy\/\" class=\"eael-post-elements-readmore-btn\">Leer m\u00e1s<\/a><\/div>\n                    <\/div><\/div><\/div>\n        <\/div>\n    <\/article><article class=\"eael-grid-post  eael-post-grid-column eael-pg-post-1747 category-uncategorized\" data-id=\"1747\">\n        <div class=\"eael-grid-post-holder\">\n            <div class=\"eael-grid-post-holder-inner\"><div class=\"eael-entry-media\"><div class=\"eael-entry-overlay fade-in\"><i class=\"fas fa-long-arrow-alt-right\" aria-hidden=\"true\"><\/i><a href=\"https:\/\/eliminadordeolores.com\/en\/como-los-gimnasios-estan-mejorando-la-experiencia-del-cliente-con-los-pads-de-t-odor-2-2-2\/\"><\/a><\/div><div class=\"eael-entry-thumbnail\">\n                <img loading=\"lazy\" decoding=\"async\" width=\"300\" height=\"157\" src=\"https:\/\/eliminadordeolores.com\/wp-content\/uploads\/2025\/05\/3-300x157.jpg\" class=\"attachment-medium size-medium wp-image-1748\" alt=\"\" srcset=\"https:\/\/eliminadordeolores.com\/wp-content\/uploads\/2025\/05\/3-300x157.jpg 300w, https:\/\/eliminadordeolores.com\/wp-content\/uploads\/2025\/05\/3-1024x535.jpg 1024w, https:\/\/eliminadordeolores.com\/wp-content\/uploads\/2025\/05\/3-768x401.jpg 768w, https:\/\/eliminadordeolores.com\/wp-content\/uploads\/2025\/05\/3-18x9.jpg 18w, https:\/\/eliminadordeolores.com\/wp-content\/uploads\/2025\/05\/3-600x314.jpg 600w, https:\/\/eliminadordeolores.com\/wp-content\/uploads\/2025\/05\/3.jpg 1200w\" sizes=\"(max-width: 300px) 100vw, 300px\" \/>\n            <\/div>\n        <\/div><div class=\"eael-entry-wrapper\"><header class=\"eael-entry-header\"><h2 class=\"eael-entry-title\"><a class=\"eael-grid-post-link\" href=\"https:\/\/eliminadordeolores.com\/en\/como-los-gimnasios-estan-mejorando-la-experiencia-del-cliente-con-los-pads-de-t-odor-2-2-2\/\" title=\"\u00bfC\u00f3mo eliminar el olor a fritura en tu restaurante?\">\u00bfC\u00f3mo eliminar el olor a fritura en tu restaurante?<\/a><\/h2><\/header><div class=\"eael-entry-content\">\n                        <div class=\"eael-grid-post-excerpt\"><p>El olor a fritura es una consecuencia natural de cocinar...<\/p><a href=\"https:\/\/eliminadordeolores.com\/en\/como-los-gimnasios-estan-mejorando-la-experiencia-del-cliente-con-los-pads-de-t-odor-2-2-2\/\" class=\"eael-post-elements-readmore-btn\">Leer m\u00e1s<\/a><\/div>\n                    <\/div><\/div><\/div>\n        <\/div>\n    <\/article><article class=\"eael-grid-post  eael-post-grid-column eael-pg-post-1734 category-uncategorized\" data-id=\"1734\">\n        <div class=\"eael-grid-post-holder\">\n            <div class=\"eael-grid-post-holder-inner\"><div class=\"eael-entry-media\"><div class=\"eael-entry-overlay fade-in\"><i class=\"fas fa-long-arrow-alt-right\" aria-hidden=\"true\"><\/i><a href=\"https:\/\/eliminadordeolores.com\/en\/como-los-gimnasios-estan-mejorando-la-experiencia-del-cliente-con-los-pads-de-t-odor-2-2-2-2-2\/\"><\/a><\/div><div class=\"eael-entry-thumbnail\">\n                <img loading=\"lazy\" decoding=\"async\" width=\"300\" height=\"157\" src=\"https:\/\/eliminadordeolores.com\/wp-content\/uploads\/2025\/05\/2-300x157.jpg\" class=\"attachment-medium size-medium wp-image-1736\" alt=\"\" srcset=\"https:\/\/eliminadordeolores.com\/wp-content\/uploads\/2025\/05\/2-300x157.jpg 300w, https:\/\/eliminadordeolores.com\/wp-content\/uploads\/2025\/05\/2-1024x535.jpg 1024w, https:\/\/eliminadordeolores.com\/wp-content\/uploads\/2025\/05\/2-768x401.jpg 768w, https:\/\/eliminadordeolores.com\/wp-content\/uploads\/2025\/05\/2-18x9.jpg 18w, https:\/\/eliminadordeolores.com\/wp-content\/uploads\/2025\/05\/2-600x314.jpg 600w, https:\/\/eliminadordeolores.com\/wp-content\/uploads\/2025\/05\/2.jpg 1200w\" sizes=\"(max-width: 300px) 100vw, 300px\" \/>\n            <\/div>\n        <\/div><div class=\"eael-entry-wrapper\"><header class=\"eael-entry-header\"><h2 class=\"eael-entry-title\"><a class=\"eael-grid-post-link\" href=\"https:\/\/eliminadordeolores.com\/en\/como-los-gimnasios-estan-mejorando-la-experiencia-del-cliente-con-los-pads-de-t-odor-2-2-2-2-2\/\" title=\"\u00bfSab\u00eda que respirar malos olores podr\u00eda estar afectando su salud?\">\u00bfSab\u00eda que respirar malos olores podr\u00eda estar afectando su salud?<\/a><\/h2><\/header><div class=\"eael-entry-content\">\n                        <div class=\"eael-grid-post-excerpt\"><p>Los olores desagradables no son solo una molestia pasajera, sino...<\/p><a href=\"https:\/\/eliminadordeolores.com\/en\/como-los-gimnasios-estan-mejorando-la-experiencia-del-cliente-con-los-pads-de-t-odor-2-2-2-2-2\/\" class=\"eael-post-elements-readmore-btn\">Leer m\u00e1s<\/a><\/div>\n                    <\/div><\/div><\/div>\n        <\/div>\n    <\/article><article class=\"eael-grid-post  eael-post-grid-column eael-pg-post-1715 category-uncategorized\" data-id=\"1715\">\n        <div class=\"eael-grid-post-holder\">\n            <div class=\"eael-grid-post-holder-inner\"><div class=\"eael-entry-media\"><div class=\"eael-entry-overlay fade-in\"><i class=\"fas fa-long-arrow-alt-right\" aria-hidden=\"true\"><\/i><a href=\"https:\/\/eliminadordeolores.com\/en\/como-los-gimnasios-estan-mejorando-la-experiencia-del-cliente-con-los-pads-de-t-odor-2-2-2-2\/\"><\/a><\/div><div class=\"eael-entry-thumbnail\">\n                <img loading=\"lazy\" decoding=\"async\" width=\"300\" height=\"158\" src=\"https:\/\/eliminadordeolores.com\/wp-content\/uploads\/2025\/05\/Banos-1-300x158.jpg\" class=\"attachment-medium size-medium wp-image-1686\" alt=\"\" srcset=\"https:\/\/eliminadordeolores.com\/wp-content\/uploads\/2025\/05\/Banos-1-300x158.jpg 300w, https:\/\/eliminadordeolores.com\/wp-content\/uploads\/2025\/05\/Banos-1-1024x538.jpg 1024w, https:\/\/eliminadordeolores.com\/wp-content\/uploads\/2025\/05\/Banos-1-768x403.jpg 768w, https:\/\/eliminadordeolores.com\/wp-content\/uploads\/2025\/05\/Banos-1-18x9.jpg 18w, https:\/\/eliminadordeolores.com\/wp-content\/uploads\/2025\/05\/Banos-1-600x315.jpg 600w, https:\/\/eliminadordeolores.com\/wp-content\/uploads\/2025\/05\/Banos-1.jpg 1211w\" sizes=\"(max-width: 300px) 100vw, 300px\" \/>\n            <\/div>\n        <\/div><div class=\"eael-entry-wrapper\"><header class=\"eael-entry-header\"><h2 class=\"eael-entry-title\"><a class=\"eael-grid-post-link\" href=\"https:\/\/eliminadordeolores.com\/en\/como-los-gimnasios-estan-mejorando-la-experiencia-del-cliente-con-los-pads-de-t-odor-2-2-2-2\/\" title=\"\u00bfC\u00f3mo eliminar el olor a orina en los ba\u00f1os de su establecimiento?\">\u00bfC\u00f3mo eliminar el olor a orina en los ba\u00f1os de su establecimiento?<\/a><\/h2><\/header><div class=\"eael-entry-content\">\n                        <div class=\"eael-grid-post-excerpt\"><p>Uno de los mayores retos en hoteles, restaurantes, casinos y...<\/p><a href=\"https:\/\/eliminadordeolores.com\/en\/como-los-gimnasios-estan-mejorando-la-experiencia-del-cliente-con-los-pads-de-t-odor-2-2-2-2\/\" class=\"eael-post-elements-readmore-btn\">Leer m\u00e1s<\/a><\/div>\n                    <\/div><\/div><\/div>\n        <\/div>\n    <\/article><\/div>\n            <div class=\"clearfix\"><\/div>\n        <\/div>\t\t\t\t<\/div>\n\t\t\t\t<\/div>\n\t\t\t\t\t<\/div>\n\t\t\t\t<\/div>\n\t\t\t\t<\/div>","protected":false},"excerpt":{"rendered":"<p>Blog &#8211; Todo lo que necesita saber sobre la eliminaci\u00f3n de olores En este espacio compartimos contenido claro y confiable para ayudarle a comprender c\u00f3mo act\u00faan los malos olores en distintos entornos y qu\u00e9 soluciones reales puede implementar. Le invitamos a explorar, aprender y tomar el control del ambiente de su espacio. \u00bfSab\u00eda que algunos productos de limpieza pueden no eliminar completamente los malos olores en su hotel? \u00bfO incluso podr\u00edan empeorar la situaci\u00f3n? Uno de los mayores retos en hoteles, restaurantes, casinos y&#8230; Leer m\u00e1s C\u00f3mo los gimnasios est\u00e1n mejorando la experiencia del cliente con los PADs de T-ODOR En los espacios de alta exigencia f\u00edsica, como los gimnasios,&#8230; Leer m\u00e1s \u00bfC\u00f3mo eliminar el olor a fritura en tu restaurante? El olor a fritura es una consecuencia natural de cocinar&#8230; Leer m\u00e1s \u00bfSab\u00eda que respirar malos olores podr\u00eda estar afectando su salud? Los olores desagradables no son solo una molestia pasajera, sino&#8230; Leer m\u00e1s \u00bfC\u00f3mo eliminar el olor a orina en los ba\u00f1os de su establecimiento? Uno de los mayores retos en hoteles, restaurantes, casinos y&#8230; Leer m\u00e1s<\/p>","protected":false},"author":1,"featured_media":0,"parent":0,"menu_order":0,"comment_status":"closed","ping_status":"closed","template":"","meta":{"content-type":"","footnotes":""},"class_list":["post-1571","page","type-page","status-publish","hentry"],"_links":{"self":[{"href":"https:\/\/eliminadordeolores.com\/en\/wp-json\/wp\/v2\/pages\/1571","targetHints":{"allow":["GET"]}}],"collection":[{"href":"https:\/\/eliminadordeolores.com\/en\/wp-json\/wp\/v2\/pages"}],"about":[{"href":"https:\/\/eliminadordeolores.com\/en\/wp-json\/wp\/v2\/types\/page"}],"author":[{"embeddable":true,"href":"https:\/\/eliminadordeolores.com\/en\/wp-json\/wp\/v2\/users\/1"}],"replies":[{"embeddable":true,"href":"https:\/\/eliminadordeolores.com\/en\/wp-json\/wp\/v2\/comments?post=1571"}],"version-history":[{"count":35,"href":"https:\/\/eliminadordeolores.com\/en\/wp-json\/wp\/v2\/pages\/1571\/revisions"}],"predecessor-version":[{"id":1861,"href":"https:\/\/eliminadordeolores.com\/en\/wp-json\/wp\/v2\/pages\/1571\/revisions\/1861"}],"wp:attachment":[{"href":"https:\/\/eliminadordeolores.com\/en\/wp-json\/wp\/v2\/media?parent=1571"}],"curies":[{"name":"wp","href":"https:\/\/api.w.org\/{rel}","templated":true}]}}