{"id":1383,"date":"2024-12-15T23:08:34","date_gmt":"2024-12-15T23:08:34","guid":{"rendered":"https:\/\/eliminadordeolores.com\/?page_id=1383"},"modified":"2025-11-05T12:29:07","modified_gmt":"2025-11-05T12:29:07","slug":"dai-2","status":"publish","type":"page","link":"https:\/\/eliminadordeolores.com\/en\/dai-2\/","title":{"rendered":"Dai"},"content":{"rendered":"\t\t<div data-elementor-type=\"wp-page\" data-elementor-id=\"1383\" class=\"elementor elementor-1383\">\n\t\t\t\t<div class=\"elementor-element elementor-element-83c25d3 e-flex e-con-boxed wpr-particle-no wpr-jarallax-no wpr-parallax-no wpr-sticky-section-no wpr-equal-height-no e-con e-parent\" data-id=\"83c25d3\" data-element_type=\"container\" data-e-type=\"container\">\n\t\t\t\t\t<div class=\"e-con-inner\">\n\t\t\t\t\t<\/div>\n\t\t\t\t<\/div>\n\t\t<div class=\"elementor-element elementor-element-83402b0 e-con-full e-flex wpr-particle-no wpr-jarallax-no wpr-parallax-no wpr-sticky-section-no wpr-equal-height-no e-con e-parent\" data-id=\"83402b0\" data-element_type=\"container\" data-e-type=\"container\">\n\t\t<div class=\"elementor-element elementor-element-0b9b699 e-con-full e-flex wpr-particle-no wpr-jarallax-no wpr-parallax-no wpr-sticky-section-no wpr-equal-height-no e-con e-child\" data-id=\"0b9b699\" data-element_type=\"container\" data-e-type=\"container\">\n\t\t<div class=\"elementor-element elementor-element-07b6e43 e-con-full e-flex wpr-particle-no wpr-jarallax-no wpr-parallax-no wpr-sticky-section-no wpr-equal-height-no e-con e-child\" data-id=\"07b6e43\" data-element_type=\"container\" data-e-type=\"container\">\n\t\t\t\t<div class=\"elementor-element elementor-element-551ae14 elementor-widget elementor-widget-image\" data-id=\"551ae14\" data-element_type=\"widget\" data-e-type=\"widget\" data-widget_type=\"image.default\">\n\t\t\t\t<div class=\"elementor-widget-container\">\n\t\t\t\t\t\t\t\t\t\t\t\t\t\t\t<img fetchpriority=\"high\" decoding=\"async\" width=\"607\" height=\"333\" src=\"https:\/\/eliminadordeolores.com\/wp-content\/uploads\/2024\/12\/Folder-1.webp\" class=\"attachment-large size-large wp-image-1414\" alt=\"\" srcset=\"https:\/\/eliminadordeolores.com\/wp-content\/uploads\/2024\/12\/Folder-1.webp 607w, https:\/\/eliminadordeolores.com\/wp-content\/uploads\/2024\/12\/Folder-1-300x165.webp 300w, https:\/\/eliminadordeolores.com\/wp-content\/uploads\/2024\/12\/Folder-1-18x10.webp 18w, https:\/\/eliminadordeolores.com\/wp-content\/uploads\/2024\/12\/Folder-1-600x329.webp 600w\" sizes=\"(max-width: 607px) 100vw, 607px\" \/>\t\t\t\t\t\t\t\t\t\t\t\t\t\t\t<\/div>\n\t\t\t\t<\/div>\n\t\t\t\t<div class=\"elementor-element elementor-element-175616e elementor-widget elementor-widget-text-editor\" data-id=\"175616e\" data-element_type=\"widget\" data-e-type=\"widget\" data-widget_type=\"text-editor.default\">\n\t\t\t\t<div class=\"elementor-widget-container\">\n\t\t\t\t\t\t\t\t\t<p>Con opci\u00f3n de adaptador a la corriente o bater\u00edas<\/p>\t\t\t\t\t\t\t\t<\/div>\n\t\t\t\t<\/div>\n\t\t\t\t<div class=\"elementor-element elementor-element-87be643 elementor-widget elementor-widget-html\" data-id=\"87be643\" data-element_type=\"widget\" data-e-type=\"widget\" data-widget_type=\"html.default\">\n\t\t\t\t<div class=\"elementor-widget-container\">\n\t\t\t\t\t<div class=\"container-circles\">\n<span class=\"circle circle-yellow\"><\/span>\n<span class=\"circle circle-blue\"><\/span>\n<span class=\"circle circle-green\"><\/span>\n<span class=\"circle circle-red\"><\/span>\n<\/div>\t\t\t\t<\/div>\n\t\t\t\t<\/div>\n\t\t<a class=\"elementor-element elementor-element-ba6cac6 hiddenNotLogged e-flex e-con-boxed wpr-particle-no wpr-jarallax-no wpr-parallax-no wpr-sticky-section-no wpr-equal-height-no e-con e-child\" data-id=\"ba6cac6\" data-element_type=\"container\" data-e-type=\"container\" data-settings=\"{&quot;background_background&quot;:&quot;classic&quot;}\" href=\"\/solicitud-de-muestra\/\">\n\t\t\t\t\t<div class=\"e-con-inner\">\n\t\t\t\t<div class=\"elementor-element elementor-element-b145450 elementor-vertical-align-middle elementor-widget elementor-widget-image-box\" data-id=\"b145450\" data-element_type=\"widget\" data-e-type=\"widget\" data-widget_type=\"image-box.default\">\n\t\t\t\t<div class=\"elementor-widget-container\">\n\t\t\t\t\t<div class=\"elementor-image-box-wrapper\"><div class=\"elementor-image-box-content\"><p class=\"elementor-image-box-description\">SOLICITE UNA DEMOSTRACI\u00d3N SIN COSTO<\/p><\/div><\/div>\t\t\t\t<\/div>\n\t\t\t\t<\/div>\n\t\t\t\t\t<\/div>\n\t\t\t\t<\/a>\n\t\t\t\t<\/div>\n\t\t<div class=\"elementor-element elementor-element-74084ef e-con-full e-flex wpr-particle-no wpr-jarallax-no wpr-parallax-no wpr-sticky-section-no wpr-equal-height-no e-con e-child\" data-id=\"74084ef\" data-element_type=\"container\" data-e-type=\"container\">\n\t\t<div class=\"elementor-element elementor-element-5487672 e-flex e-con-boxed wpr-particle-no wpr-jarallax-no wpr-parallax-no wpr-sticky-section-no wpr-equal-height-no e-con e-child\" data-id=\"5487672\" data-element_type=\"container\" data-e-type=\"container\">\n\t\t\t\t\t<div class=\"e-con-inner\">\n\t\t\t\t<div class=\"elementor-element elementor-element-58021af elementor-widget elementor-widget-text-editor\" data-id=\"58021af\" data-element_type=\"widget\" data-e-type=\"widget\" data-widget_type=\"text-editor.default\">\n\t\t\t\t<div class=\"elementor-widget-container\">\n\t\t\t\t\t\t\t\t\t<p><strong>DESCRIPCI\u00d3N<\/strong><\/p>\t\t\t\t\t\t\t\t<\/div>\n\t\t\t\t<\/div>\n\t\t\t\t<div class=\"elementor-element elementor-element-2c1ef44 elementor-widget-divider--view-line elementor-widget elementor-widget-divider\" data-id=\"2c1ef44\" data-element_type=\"widget\" data-e-type=\"widget\" data-widget_type=\"divider.default\">\n\t\t\t\t<div class=\"elementor-widget-container\">\n\t\t\t\t\t\t\t<div class=\"elementor-divider\">\n\t\t\t<span class=\"elementor-divider-separator\">\n\t\t\t\t\t\t<\/span>\n\t\t<\/div>\n\t\t\t\t\t\t<\/div>\n\t\t\t\t<\/div>\n\t\t\t\t<div class=\"elementor-element elementor-element-9e020bd elementor-widget elementor-widget-text-editor\" data-id=\"9e020bd\" data-element_type=\"widget\" data-e-type=\"widget\" data-widget_type=\"text-editor.default\">\n\t\t\t\t<div class=\"elementor-widget-container\">\n\t\t\t\t\t\t\t\t\t<p>DAI est\u00e1 desarrollado para dispersar las soluciones moleculares del PAD T-ODOR de manera continua en espacios cerrados que no cuentan con sistemas de difusi\u00f3n de aire mec\u00e1nico.<\/p><p>Act\u00faa a trav\u00e9s de un ventilador que asegura el flujo de aire, permitiendo que el PAD T-ODOR sublime y disperse las soluciones moleculares en el ambiente de manera eficiente.<\/p>\t\t\t\t\t\t\t\t<\/div>\n\t\t\t\t<\/div>\n\t\t\t\t\t<\/div>\n\t\t\t\t<\/div>\n\t\t<div class=\"elementor-element elementor-element-9920d85 e-flex e-con-boxed wpr-particle-no wpr-jarallax-no wpr-parallax-no wpr-sticky-section-no wpr-equal-height-no e-con e-child\" data-id=\"9920d85\" data-element_type=\"container\" data-e-type=\"container\">\n\t\t\t\t\t<div class=\"e-con-inner\">\n\t\t\t\t<div class=\"elementor-element elementor-element-c38e920 elementor-widget elementor-widget-text-editor\" data-id=\"c38e920\" data-element_type=\"widget\" data-e-type=\"widget\" data-widget_type=\"text-editor.default\">\n\t\t\t\t<div class=\"elementor-widget-container\">\n\t\t\t\t\t\t\t\t\t<p><strong>MODO DE USO<\/strong><\/p>\t\t\t\t\t\t\t\t<\/div>\n\t\t\t\t<\/div>\n\t\t\t\t<div class=\"elementor-element elementor-element-5aed6ae elementor-widget-divider--view-line elementor-widget elementor-widget-divider\" data-id=\"5aed6ae\" data-element_type=\"widget\" data-e-type=\"widget\" data-widget_type=\"divider.default\">\n\t\t\t\t<div class=\"elementor-widget-container\">\n\t\t\t\t\t\t\t<div class=\"elementor-divider\">\n\t\t\t<span class=\"elementor-divider-separator\">\n\t\t\t\t\t\t<\/span>\n\t\t<\/div>\n\t\t\t\t\t\t<\/div>\n\t\t\t\t<\/div>\n\t\t\t\t<div class=\"elementor-element elementor-element-758859d elementor-widget elementor-widget-text-editor\" data-id=\"758859d\" data-element_type=\"widget\" data-e-type=\"widget\" data-widget_type=\"text-editor.default\">\n\t\t\t\t<div class=\"elementor-widget-container\">\n\t\t\t\t\t\t\t\t\t<p>DAI se instala f\u00e1cilmente en la pared (lea atentamente las instrucciones) y funciona con una pila tipo D o conectado directamente a la corriente. Cuenta con un portacargas en la parte inferior, con capacidad para colocar hasta dos PADs T-ODOR simult\u00e1neamente, lo que intensifica la concentraci\u00f3n del producto en el ambiente y mejora su eficacia en la neutralizaci\u00f3n de olores.<\/p><p><br \/>DAI tiene 3 modos de funcionamiento, pero se recomienda utilizar el modo 24 horas, lo que permite que las mol\u00e9culas liberadas por los PADs T-ODOR se mantengan activas y en circulaci\u00f3n eliminando los malos olores en el ambiente durante un per\u00edodo de hasta 60 d\u00edas.<\/p>\t\t\t\t\t\t\t\t<\/div>\n\t\t\t\t<\/div>\n\t\t\t\t\t<\/div>\n\t\t\t\t<\/div>\n\t\t<div class=\"elementor-element elementor-element-ab174f0 e-flex e-con-boxed wpr-particle-no wpr-jarallax-no wpr-parallax-no wpr-sticky-section-no wpr-equal-height-no e-con e-child\" data-id=\"ab174f0\" data-element_type=\"container\" data-e-type=\"container\">\n\t\t\t\t\t<div class=\"e-con-inner\">\n\t\t\t\t<div class=\"elementor-element elementor-element-79f4bb4 elementor-widget elementor-widget-text-editor\" data-id=\"79f4bb4\" data-element_type=\"widget\" data-e-type=\"widget\" data-widget_type=\"text-editor.default\">\n\t\t\t\t<div class=\"elementor-widget-container\">\n\t\t\t\t\t\t\t\t\t<p><strong>FORMATO<\/strong><\/p>\t\t\t\t\t\t\t\t<\/div>\n\t\t\t\t<\/div>\n\t\t\t\t<div class=\"elementor-element elementor-element-767d694 elementor-widget-divider--view-line elementor-widget elementor-widget-divider\" data-id=\"767d694\" data-element_type=\"widget\" data-e-type=\"widget\" data-widget_type=\"divider.default\">\n\t\t\t\t<div class=\"elementor-widget-container\">\n\t\t\t\t\t\t\t<div class=\"elementor-divider\">\n\t\t\t<span class=\"elementor-divider-separator\">\n\t\t\t\t\t\t<\/span>\n\t\t<\/div>\n\t\t\t\t\t\t<\/div>\n\t\t\t\t<\/div>\n\t\t\t\t<div class=\"elementor-element elementor-element-eabeb9c elementor-widget elementor-widget-text-editor\" data-id=\"eabeb9c\" data-element_type=\"widget\" data-e-type=\"widget\" data-widget_type=\"text-editor.default\">\n\t\t\t\t<div class=\"elementor-widget-container\">\n\t\t\t\t\t\t\t\t\t<ul><li>El dispositivos DAI se vende por separado de los PAD.<\/li><\/ul>\t\t\t\t\t\t\t\t<\/div>\n\t\t\t\t<\/div>\n\t\t\t\t\t<\/div>\n\t\t\t\t<\/div>\n\t\t<div class=\"elementor-element elementor-element-5024e79 e-flex e-con-boxed wpr-particle-no wpr-jarallax-no wpr-parallax-no wpr-sticky-section-no wpr-equal-height-no e-con e-child\" data-id=\"5024e79\" data-element_type=\"container\" data-e-type=\"container\">\n\t\t\t\t\t<div class=\"e-con-inner\">\n\t\t\t\t<div class=\"elementor-element elementor-element-b9c6480 elementor-widget elementor-widget-text-editor\" data-id=\"b9c6480\" data-element_type=\"widget\" data-e-type=\"widget\" data-widget_type=\"text-editor.default\">\n\t\t\t\t<div class=\"elementor-widget-container\">\n\t\t\t\t\t\t\t\t\t<p><strong>SOLUCIONES MOLECULARES<\/strong><\/p>\t\t\t\t\t\t\t\t<\/div>\n\t\t\t\t<\/div>\n\t\t\t\t<div class=\"elementor-element elementor-element-e200301 elementor-widget-divider--view-line elementor-widget elementor-widget-divider\" data-id=\"e200301\" data-element_type=\"widget\" data-e-type=\"widget\" data-widget_type=\"divider.default\">\n\t\t\t\t<div class=\"elementor-widget-container\">\n\t\t\t\t\t\t\t<div class=\"elementor-divider\">\n\t\t\t<span class=\"elementor-divider-separator\">\n\t\t\t\t\t\t<\/span>\n\t\t<\/div>\n\t\t\t\t\t\t<\/div>\n\t\t\t\t<\/div>\n\t\t\t\t<div class=\"elementor-element elementor-element-c8fb012 elementor-widget elementor-widget-text-editor\" data-id=\"c8fb012\" data-element_type=\"widget\" data-e-type=\"widget\" data-widget_type=\"text-editor.default\">\n\t\t\t\t<div class=\"elementor-widget-container\">\n\t\t\t\t\t\t\t\t\t<ul><li><a href=\"\/i-solucion-molecular\/\" target=\"_blank\" rel=\"noopener\">I &#8211; Soluci\u00f3n Molecular<\/a><\/li><li><a href=\"\/ii-solucion-molecular\/\" target=\"_blank\" rel=\"noopener\">II &#8211; Soluci\u00f3n Molecular<\/a><\/li><li><a href=\"\/iii-solucion-molecular\/\" target=\"_blank\" rel=\"noopener\">III &#8211; Soluci\u00f3n Molecular<\/a><\/li><li><a href=\"\/iv-solucion-molecular\/\" target=\"_blank\" rel=\"noopener\">IV &#8211; Soluci\u00f3n Molecular<\/a><\/li><\/ul>\t\t\t\t\t\t\t\t<\/div>\n\t\t\t\t<\/div>\n\t\t\t\t\t<\/div>\n\t\t\t\t<\/div>\n\t\t\t\t<\/div>\n\t\t\t\t<\/div>\n\t\t<div class=\"elementor-element elementor-element-cf3e8e9 e-flex e-con-boxed wpr-particle-no wpr-jarallax-no wpr-parallax-no wpr-sticky-section-no wpr-equal-height-no e-con e-child\" data-id=\"cf3e8e9\" data-element_type=\"container\" data-e-type=\"container\">\n\t\t\t\t\t<div class=\"e-con-inner\">\n\t\t\t\t<div class=\"elementor-element elementor-element-f8592de elementor-widget elementor-widget-heading\" data-id=\"f8592de\" data-element_type=\"widget\" data-e-type=\"widget\" data-widget_type=\"heading.default\">\n\t\t\t\t<div class=\"elementor-widget-container\">\n\t\t\t\t\t<h2 class=\"elementor-heading-title elementor-size-default\">Nuestros productos<\/h2>\t\t\t\t<\/div>\n\t\t\t\t<\/div>\n\t\t\t\t<div class=\"elementor-element elementor-element-e8da09b elementor-widget-divider--view-line elementor-widget elementor-widget-divider\" data-id=\"e8da09b\" data-element_type=\"widget\" data-e-type=\"widget\" data-widget_type=\"divider.default\">\n\t\t\t\t<div class=\"elementor-widget-container\">\n\t\t\t\t\t\t\t<div class=\"elementor-divider\">\n\t\t\t<span class=\"elementor-divider-separator\">\n\t\t\t\t\t\t<\/span>\n\t\t<\/div>\n\t\t\t\t\t\t<\/div>\n\t\t\t\t<\/div>\n\t\t\t\t<div class=\"elementor-element elementor-element-7a55ccd eael-product-gallery-column-4 eael-product-gallery-column-tablet-2 elementor-widget elementor-widget-eael-woo-product-gallery\" data-id=\"7a55ccd\" data-element_type=\"widget\" data-e-type=\"widget\" data-settings=\"{&quot;eael_product_gallery_column&quot;:&quot;4&quot;,&quot;eael_product_gallery_column_tablet&quot;:&quot;2&quot;}\" data-widget_type=\"eael-woo-product-gallery.default\">\n\t\t\t\t<div class=\"elementor-widget-container\">\n\t\t\t\t\t\n        <div class=\"eael-product-gallery eael-product-preset-4 masonry eael-terms-layout-horizontal\" id=\"eael-product-gallery\" data-widget-id=\"7a55ccd\" data-page-id=\"1383\" data-nonce=\"3c68b9c40c\" >\n\t\t\t<ul class=\"eael-cat-tab\" data-layout=\"masonry\" data-template=\"{&quot;dir&quot;:&quot;lite&quot;,&quot;file_name&quot;:&quot;preset-4.php&quot;,&quot;name&quot;:&quot;Woo-Product-Gallery&quot;}\" data-nonce=\"3c68b9c40c\" data-page-id=\"1383\" data-widget-id=\"7a55ccd\" data-widget=\"7a55ccd\" data-class=\"Essential_Addons_Elementor\\Elements\\Woo_Product_Gallery\" data-args=\"post_type=product&amp;post_status%5B0%5D=publish&amp;post_status%5B1%5D=pending&amp;post_status%5B2%5D=future&amp;posts_per_page=4&amp;order=desc&amp;offset=0&amp;tax_query%5Brelation%5D=AND&amp;tax_query%5B0%5D%5Btaxonomy%5D=product_visibility&amp;tax_query%5B0%5D%5Bfield%5D=name&amp;tax_query%5B0%5D%5Bterms%5D%5B0%5D=exclude-from-search&amp;tax_query%5B0%5D%5Bterms%5D%5B1%5D=exclude-from-catalog&amp;tax_query%5B0%5D%5Boperator%5D=NOT+IN&amp;tax_query%5B1%5D%5Brelation%5D=OR&amp;tax_query%5B1%5D%5B0%5D%5Btaxonomy%5D=product_cat&amp;tax_query%5B1%5D%5B0%5D%5Bfield%5D=term_id&amp;tax_query%5B1%5D%5B0%5D%5Bterms%5D=37&amp;tax_query%5B1%5D%5B0%5D%5Boperator%5D=IN&amp;orderby=date&amp;meta_query%5Brelation%5D=AND\" data-page=\"1\"><li><a href=\"javascript:;\" data-page=\"1\" data-taxonomy=\"product_cat\" data-terms='[\"dai\"]' data-id=\"37\" class=\"post-list-filter-item \">Dai<\/a><\/li><\/ul>\n            <div class=\"woocommerce\">\n\t\t\t\t<ul class=\"products eael-post-appender eael-post-appender-7a55ccd\" data-layout-mode=\"masonry\" data-ssi-desktop=\"no\" ><li class=\"product \">\n        <div class=\"eael-product-wrap\" data-src=\"\" data-src-hover=\"\" >\n    <img decoding=\"async\" width=\"203\" height=\"300\" src=\"https:\/\/eliminadordeolores.com\/wp-content\/uploads\/2025\/01\/DAI-Cable-203x300.png\" class=\"attachment-medium size-medium\" alt=\"Cable Dai\" loading=\"eager\" srcset=\"https:\/\/eliminadordeolores.com\/wp-content\/uploads\/2025\/01\/DAI-Cable-203x300.png 203w, https:\/\/eliminadordeolores.com\/wp-content\/uploads\/2025\/01\/DAI-Cable-8x12.png 8w, https:\/\/eliminadordeolores.com\/wp-content\/uploads\/2025\/01\/DAI-Cable.png 282w\" sizes=\"(max-width: 203px) 100vw, 203px\" \/><h2 class=\"woocommerce-loop-product__title\">Cable Dai<\/h2><a href=\"\/en\/wp-json\/wp\/v2\/pages\/1383?add-to-cart=1530\" aria-describedby=\"woocommerce_loop_add_to_cart_link_describedby_1530\" data-quantity=\"1\" class=\"button product_type_simple add_to_cart_button ajax_add_to_cart\" data-product_id=\"1530\" data-product_sku=\"DAICAB\" aria-label=\"Add to cart: &ldquo;Cable Dai&rdquo;\" rel=\"nofollow\" data-success_message=\"&ldquo;Cable Dai&rdquo; has been added to your cart\" role=\"button\">Add to cart<\/a>\t<span id=\"woocommerce_loop_add_to_cart_link_describedby_1530\" class=\"screen-reader-text\">\n\t\t\t<\/span>\n    <\/div>\n<\/li><li class=\"product \">\n        <div class=\"eael-product-wrap\" data-src=\"\" data-src-hover=\"\" >\n    <img decoding=\"async\" width=\"300\" height=\"300\" src=\"https:\/\/eliminadordeolores.com\/wp-content\/uploads\/2025\/01\/Mesa-de-trabajo-28-300x300.png\" class=\"attachment-medium size-medium\" alt=\"Dai\" loading=\"eager\" srcset=\"https:\/\/eliminadordeolores.com\/wp-content\/uploads\/2025\/01\/Mesa-de-trabajo-28-300x300.png 300w, https:\/\/eliminadordeolores.com\/wp-content\/uploads\/2025\/01\/Mesa-de-trabajo-28-150x150.png 150w, https:\/\/eliminadordeolores.com\/wp-content\/uploads\/2025\/01\/Mesa-de-trabajo-28-768x768.png 768w, https:\/\/eliminadordeolores.com\/wp-content\/uploads\/2025\/01\/Mesa-de-trabajo-28-12x12.png 12w, https:\/\/eliminadordeolores.com\/wp-content\/uploads\/2025\/01\/Mesa-de-trabajo-28-600x600.png 600w, https:\/\/eliminadordeolores.com\/wp-content\/uploads\/2025\/01\/Mesa-de-trabajo-28-100x100.png 100w, https:\/\/eliminadordeolores.com\/wp-content\/uploads\/2025\/01\/Mesa-de-trabajo-28.png 801w\" sizes=\"(max-width: 300px) 100vw, 300px\" \/><h2 class=\"woocommerce-loop-product__title\">Dai<\/h2><a href=\"https:\/\/eliminadordeolores.com\/en\/product\/dai\/\" aria-describedby=\"woocommerce_loop_add_to_cart_link_describedby_1510\" data-quantity=\"1\" class=\"button product_type_variable add_to_cart_button\" data-product_id=\"1510\" data-product_sku=\"\" aria-label=\"Elige las opciones para &ldquo;Dai&rdquo;\" rel=\"nofollow\">Seleccionar opciones<\/a>\t<span id=\"woocommerce_loop_add_to_cart_link_describedby_1510\" class=\"screen-reader-text\">\n\t\tEste producto tiene m\u00faltiples variantes. Las opciones se pueden elegir en la p\u00e1gina de producto\t<\/span>\n    <\/div>\n<\/li><\/ul>            <div class=\"eael-load-more-button-wrap eael-force-hide\">\n                <button class=\"hide-load-more eael-load-more-button\" id=\"eael-load-more-btn-7a55ccd\" data-widget-id=\"7a55ccd\" data-widget=\"7a55ccd\" data-page-id=\"1383\" data-template=\"{&quot;dir&quot;:&quot;lite&quot;,&quot;file_name&quot;:&quot;preset-4.php&quot;,&quot;name&quot;:&quot;Woo-Product-Gallery&quot;}\" data-class=\"Essential_Addons_Elementor\\Elements\\Woo_Product_Gallery\" data-layout=\"masonry\" data-page=\"1\" data-args=\"post_type=product&amp;post_status%5B0%5D=publish&amp;post_status%5B1%5D=pending&amp;post_status%5B2%5D=future&amp;posts_per_page=4&amp;order=desc&amp;offset=0&amp;tax_query%5Brelation%5D=AND&amp;tax_query%5B0%5D%5Btaxonomy%5D=product_visibility&amp;tax_query%5B0%5D%5Bfield%5D=name&amp;tax_query%5B0%5D%5Bterms%5D%5B0%5D=exclude-from-search&amp;tax_query%5B0%5D%5Bterms%5D%5B1%5D=exclude-from-catalog&amp;tax_query%5B0%5D%5Boperator%5D=NOT+IN&amp;tax_query%5B1%5D%5Brelation%5D=OR&amp;tax_query%5B1%5D%5B0%5D%5Btaxonomy%5D=product_cat&amp;tax_query%5B1%5D%5B0%5D%5Bfield%5D=term_id&amp;tax_query%5B1%5D%5B0%5D%5Bterms%5D=37&amp;tax_query%5B1%5D%5B0%5D%5Boperator%5D=IN&amp;orderby=date&amp;meta_query%5Brelation%5D=AND\" data-max-page=\"1\">\n                    <span class=\"eael-btn-loader button__loader\"><\/span>\n                    <span class=\"eael_load_more_text\"><\/span>\n                <\/button>\n            <\/div>\n                        <\/div>\n        <\/div>\n        <script type=\"text\/javascript\">\n\t\t\tjQuery(document).ready(function ($) {\n\t\t\t\tvar $scope = jQuery(\".elementor-element-7a55ccd\");\n\t\t\t\tvar $products = $('.products', $scope);\n\t\t\t\tvar $layout_mode = $products.data('layout-mode');\n\n\t\t\t\tif ($layout_mode === 'masonry') {\n\t\t\t\t\t\/\/ init isotope\n\t\t\t\t\tvar $isotope_products = $products.isotope({ itemSelector: \"li.product\", layoutMode: $layout_mode, percentPosition: true });\n\t\t\t\t\t$isotope_products.imagesLoaded().progress(function () {\n\t\t\t\t\t\t$isotope_products.isotope('layout');\n\t\t\t\t\t})\n\n\t\t\t\t\t$(window).on('resize', function () {\n\t\t\t\t\t\t$isotope_products.isotope('layout');\n\t\t\t\t\t});\n\t\t\t\t}\n\t\t\t});\n        <\/script>\n\t\t\t\t\t\t<\/div>\n\t\t\t\t<\/div>\n\t\t\t\t\t<\/div>\n\t\t\t\t<\/div>\n\t\t<div class=\"elementor-element elementor-element-3715dfc e-flex e-con-boxed wpr-particle-no wpr-jarallax-no wpr-parallax-no wpr-sticky-section-no wpr-equal-height-no e-con e-child\" data-id=\"3715dfc\" data-element_type=\"container\" data-e-type=\"container\">\n\t\t\t\t\t<div class=\"e-con-inner\">\n\t\t\t\t<div class=\"elementor-element elementor-element-ef6d295 elementor-widget elementor-widget-shortcode\" data-id=\"ef6d295\" data-element_type=\"widget\" data-e-type=\"widget\" data-widget_type=\"shortcode.default\">\n\t\t\t\t<div class=\"elementor-widget-container\">\n\t\t\t\t\t\t\t<div class=\"elementor-shortcode\">\t\t<div data-elementor-type=\"wp-post\" data-elementor-id=\"671\" class=\"elementor elementor-671\">\n\t\t\t\t<div class=\"elementor-element elementor-element-5ae63f4 e-flex e-con-boxed wpr-particle-no wpr-jarallax-no wpr-parallax-no wpr-sticky-section-no wpr-equal-height-no e-con e-parent\" data-id=\"5ae63f4\" data-element_type=\"container\" data-e-type=\"container\">\n\t\t\t\t\t<div class=\"e-con-inner\">\n\t\t<div class=\"elementor-element elementor-element-83832fe e-flex e-con-boxed wpr-particle-no wpr-jarallax-no wpr-parallax-no wpr-sticky-section-no wpr-equal-height-no e-con e-child\" data-id=\"83832fe\" data-element_type=\"container\" data-e-type=\"container\">\n\t\t\t\t\t<div class=\"e-con-inner\">\n\t\t\t\t<div class=\"elementor-element elementor-element-93c3b26 elementor-widget elementor-widget-html\" data-id=\"93c3b26\" data-element_type=\"widget\" data-e-type=\"widget\" data-no-translation=\"\" data-widget_type=\"html.default\">\n\t\t\t\t<div class=\"elementor-widget-container\">\n\t\t\t\t\t<iframe allowfullscreen=\"allowfullscreen\" scrolling=\"no\" class=\"fp-iframe\" src=\"https:\/\/heyzine.com\/flip-book\/6e700984a2.html\" style=\"border: 1px solid lightgray; width: 100%; height: 591px;\"><\/iframe>\n\t\t\t\t<\/div>\n\t\t\t\t<\/div>\n\t\t\t\t<div class=\"elementor-element elementor-element-93ff890 elementor-widget elementor-widget-html\" data-id=\"93ff890\" data-element_type=\"widget\" data-e-type=\"widget\" data-no-translation=\"\" data-widget_type=\"html.default\">\n\t\t\t\t<div class=\"elementor-widget-container\">\n\t\t\t\t\t<style>.elementor-element-93ff890{display:none !important}<\/style>\t\t\t\t<\/div>\n\t\t\t\t<\/div>\n\t\t\t\t<div class=\"elementor-element elementor-element-77fc6c0 elementor-widget elementor-widget-text-editor\" data-id=\"77fc6c0\" data-element_type=\"widget\" data-e-type=\"widget\" data-no-translation=\"\" data-widget_type=\"text-editor.default\">\n\t\t\t\t<div class=\"elementor-widget-container\">\n\t\t\t\t\t<style>.elementor-element-77fc6c0{display:none !important}<\/style>\t\t\t\t<\/div>\n\t\t\t\t<\/div>\n\t\t\t\t<div class=\"elementor-element elementor-element-490d72e elementor-widget elementor-widget-text-editor\" data-id=\"490d72e\" data-element_type=\"widget\" data-e-type=\"widget\" data-no-translation=\"\" data-widget_type=\"text-editor.default\">\n\t\t\t\t<div class=\"elementor-widget-container\">\n\t\t\t\t\t\t\t\t\t<p>You can download the <a href=\"http:\/\/eliminadordeolores.com\/wp-content\/uploads\/2024\/12\/brochure-en-dec-2024.pdf\" target=\"_blank\" rel=\"noopener\">Brochure here<\/a><\/p>\t\t\t\t\t\t\t\t<\/div>\n\t\t\t\t<\/div>\n\t\t\t\t\t<\/div>\n\t\t\t\t<\/div>\n\t\t\t\t\t<\/div>\n\t\t\t\t<\/div>\n\t\t\t\t<\/div>\n\t\t<\/div>\n\t\t\t\t\t\t<\/div>\n\t\t\t\t<\/div>\n\t\t\t\t\t<\/div>\n\t\t\t\t<\/div>\n\t\t\t\t<\/div>\n\t\t\t\t<\/div>\n\t\t","protected":false},"excerpt":{"rendered":"<p>Con opci\u00f3n de adaptador a la corriente o bater\u00edas SOLICITE UNA DEMOSTRACI\u00d3N SIN COSTO DESCRIPCI\u00d3N DAI est\u00e1 desarrollado para dispersar las soluciones moleculares del PAD T-ODOR de manera continua en espacios cerrados que no cuentan con sistemas de difusi\u00f3n de aire mec\u00e1nico. Act\u00faa a trav\u00e9s de un ventilador que asegura el flujo de aire, permitiendo que el PAD T-ODOR sublime y disperse las soluciones moleculares en el ambiente de manera eficiente. MODO DE USO DAI se instala f\u00e1cilmente en la pared (lea atentamente las instrucciones) y funciona con una pila tipo D o conectado directamente a la corriente. Cuenta con un portacargas en la parte inferior, con capacidad para colocar hasta dos PADs T-ODOR simult\u00e1neamente, lo que intensifica la concentraci\u00f3n del producto en el ambiente y mejora su eficacia en la neutralizaci\u00f3n de olores. DAI tiene 3 modos de funcionamiento, pero se recomienda utilizar el modo 24 horas, lo que permite que las mol\u00e9culas liberadas por los PADs T-ODOR se mantengan activas y en circulaci\u00f3n eliminando los malos olores en el ambiente durante un per\u00edodo de hasta 60 d\u00edas. FORMATO El dispositivos DAI se vende por separado de los PAD. SOLUCIONES MOLECULARES I &#8211; Soluci\u00f3n Molecular II &#8211; Soluci\u00f3n Molecular III &#8211; Soluci\u00f3n Molecular IV &#8211; Soluci\u00f3n Molecular Nuestros productos Dai Cable Dai A\u00f1adir al carrito Dai Seleccionar opciones Este producto tiene m\u00faltiples variantes. Las opciones se pueden elegir en la p\u00e1gina de producto<\/p>","protected":false},"author":1,"featured_media":0,"parent":0,"menu_order":0,"comment_status":"closed","ping_status":"closed","template":"","meta":{"content-type":"","footnotes":""},"class_list":["post-1383","page","type-page","status-publish","hentry"],"_links":{"self":[{"href":"https:\/\/eliminadordeolores.com\/en\/wp-json\/wp\/v2\/pages\/1383","targetHints":{"allow":["GET"]}}],"collection":[{"href":"https:\/\/eliminadordeolores.com\/en\/wp-json\/wp\/v2\/pages"}],"about":[{"href":"https:\/\/eliminadordeolores.com\/en\/wp-json\/wp\/v2\/types\/page"}],"author":[{"embeddable":true,"href":"https:\/\/eliminadordeolores.com\/en\/wp-json\/wp\/v2\/users\/1"}],"replies":[{"embeddable":true,"href":"https:\/\/eliminadordeolores.com\/en\/wp-json\/wp\/v2\/comments?post=1383"}],"version-history":[{"count":28,"href":"https:\/\/eliminadordeolores.com\/en\/wp-json\/wp\/v2\/pages\/1383\/revisions"}],"predecessor-version":[{"id":2712,"href":"https:\/\/eliminadordeolores.com\/en\/wp-json\/wp\/v2\/pages\/1383\/revisions\/2712"}],"wp:attachment":[{"href":"https:\/\/eliminadordeolores.com\/en\/wp-json\/wp\/v2\/media?parent=1383"}],"curies":[{"name":"wp","href":"https:\/\/api.w.org\/{rel}","templated":true}]}}